{"id":5491,"date":"2021-05-21T12:38:27","date_gmt":"2021-05-21T10:38:27","guid":{"rendered":"https:\/\/www.lecercle-boxing.com\/?page_id=5491"},"modified":"2025-11-05T12:08:53","modified_gmt":"2025-11-05T11:08:53","slug":"reserve","status":"publish","type":"page","link":"https:\/\/www.lecercle-boxing.com\/en\/reserve\/","title":{"rendered":"book"},"content":{"rendered":"\t\t<div data-elementor-type=\"wp-page\" data-elementor-id=\"5491\" class=\"elementor elementor-5491\" data-elementor-post-type=\"page\">\n\t\t\t\t\t\t<section class=\"elementor-section elementor-top-section elementor-element elementor-element-71e5a2c elementor-section-height-min-height elementor-section-items-bottom elementor-section-boxed elementor-section-height-default\" data-id=\"71e5a2c\" data-element_type=\"section\" data-e-type=\"section\" data-settings=\"{&quot;background_background&quot;:&quot;classic&quot;}\">\n\t\t\t\t\t\t\t<div class=\"elementor-background-overlay\"><\/div>\n\t\t\t\t\t\t\t<div class=\"elementor-container elementor-column-gap-default\">\n\t\t\t\t\t<div class=\"elementor-column elementor-col-50 elementor-top-column elementor-element elementor-element-ede4548\" data-id=\"ede4548\" data-element_type=\"column\" data-e-type=\"column\">\n\t\t\t<div class=\"elementor-widget-wrap elementor-element-populated\">\n\t\t\t\t\t\t<div class=\"elementor-element elementor-element-d3cbfa9 elementor-widget elementor-widget-heading\" data-id=\"d3cbfa9\" data-element_type=\"widget\" data-e-type=\"widget\" data-widget_type=\"heading.default\">\n\t\t\t\t<div class=\"elementor-widget-container\">\n\t\t\t\t\t<h1 class=\"elementor-heading-title elementor-size-default\">Planning<\/h1>\t\t\t\t<\/div>\n\t\t\t\t<\/div>\n\t\t\t\t<div class=\"elementor-element elementor-element-a720413 elementor-widget__width-initial elementor-widget elementor-widget-html\" data-id=\"a720413\" data-element_type=\"widget\" data-e-type=\"widget\" data-widget_type=\"html.default\">\n\t\t\t\t<div class=\"elementor-widget-container\">\n\t\t\t\t\t <script>\r\n        onClickMontmartre = () => {\r\n            const message = {\r\n                type: 'bsport:calendar:filter:control',\r\n                data: {\r\n                    filters: {\r\n                        establishments: [8705]\r\n                    }\r\n                }\r\n            }\r\n            window.postMessage(message, '*')\r\n\r\n        }\r\n       \r\n        onClickBeaubourg = () => {\r\n            const message = {\r\n                type: 'bsport:calendar:filter:control',\r\n                data: {\r\n                    filters: {\r\n                        establishments: [8706]\r\n                    }\r\n                }\r\n            }\r\n            window.postMessage(message, '*')\r\n\r\n        }\r\n    <\/script>\r\n<div class=\"select-menu\">\r\n  <div class=\"select-btn\">\r\n    <span class=\"sBtn-text\">Choisir un studio<\/span>\r\n    <img decoding=\"async\" src=\"https:\/\/www.lecercle-boxing.com\/wp-content\/uploads\/2022\/10\/Vector-down.svg\" width=\"15\" height=\"10\">\r\n  <\/div>\r\n\r\n  <ul class=\"options\">\r\n      <li class=\"option\">\r\n                  <a class=\"button btn-bsport-studio\" id=\"activate-montmartre\" onclick=\"onClickMontmartre()\"><span class=\"option-text\">\r\n                Montmartre<\/span><\/a><\/li>\r\n                <li class=\"option\">\r\n                    <a class=\"button btn-bsport-studio\" id=\"activate-beaubourg\" onclick=\"onClickBeaubourg()\"><span class=\"option-text\">\r\n                Beaubourg<\/span><\/a><\/li>\r\n               \r\n   \r\n  <\/ul>\r\n<\/div>\r\n  \r\n    <script>\r\n      const menu = document.querySelector(\".select-menu\");\r\nconst [selectBtn, sBtnText] = [menu.querySelector(\".select-btn\"), menu.querySelector(\".sBtn-text\")];\r\n\r\nselectBtn.onclick = () => menu.classList.toggle(\"act\");\r\n\r\nmenu.querySelectorAll(\".option\").forEach(option => {\r\n  option.onclick = () => {\r\n    sBtnText.innerText = option.querySelector(\".option-text\").innerText;\r\n    menu.classList.remove(\"act\");\r\n  };\r\n});\r\n  <\/script>\r\n\r\n<script>\r\njQuery( document ).ready(function() {\r\n\r\n\r\n\r\njQuery(\"#activate-beaubourg\").click(function(){\r\n  jQuery(\"#montmartre\").hide();\r\n  jQuery(\"#beaubourg\").show();\r\n});\r\n\r\njQuery(\"#activate-montmartre\").click(function(){\r\n  jQuery(\"#montmartre\").show();\r\n  jQuery(\"#beaubourg\").hide();\r\n});\r\n});\r\n<\/script>\t\t\t\t<\/div>\n\t\t\t\t<\/div>\n\t\t\t\t\t<\/div>\n\t\t<\/div>\n\t\t\t\t<div class=\"elementor-column elementor-col-50 elementor-top-column elementor-element elementor-element-db6d875 elementor-hidden-phone\" data-id=\"db6d875\" data-element_type=\"column\" data-e-type=\"column\">\n\t\t\t<div class=\"elementor-widget-wrap\">\n\t\t\t\t\t\t\t<\/div>\n\t\t<\/div>\n\t\t\t\t\t<\/div>\n\t\t<\/section>\n\t\t\t\t<section class=\"elementor-section elementor-top-section elementor-element elementor-element-0c11722 elementor-section-boxed elementor-section-height-default elementor-section-height-default\" data-id=\"0c11722\" data-element_type=\"section\" data-e-type=\"section\">\n\t\t\t\t\t\t<div class=\"elementor-container elementor-column-gap-default\">\n\t\t\t\t\t<div class=\"elementor-column elementor-col-100 elementor-top-column elementor-element elementor-element-9e9c6ea\" data-id=\"9e9c6ea\" data-element_type=\"column\" data-e-type=\"column\">\n\t\t\t<div class=\"elementor-widget-wrap elementor-element-populated\">\n\t\t\t\t\t\t<div class=\"elementor-element elementor-element-eaca60f elementor-widget elementor-widget-heading\" data-id=\"eaca60f\" data-element_type=\"widget\" data-e-type=\"widget\" id=\"montmartre\" data-widget_type=\"heading.default\">\n\t\t\t\t<div class=\"elementor-widget-container\">\n\t\t\t\t\t<h2 class=\"elementor-heading-title elementor-size-default\">STUDIO Montmartre<\/h2>\t\t\t\t<\/div>\n\t\t\t\t<\/div>\n\t\t\t\t<div class=\"elementor-element elementor-element-af8f47b elementor-hidden-desktop elementor-hidden-tablet elementor-hidden-mobile elementor-widget elementor-widget-heading\" data-id=\"af8f47b\" data-element_type=\"widget\" data-e-type=\"widget\" id=\"beaubourg\" data-widget_type=\"heading.default\">\n\t\t\t\t<div class=\"elementor-widget-container\">\n\t\t\t\t\t<h2 class=\"elementor-heading-title elementor-size-default\">STUDIO Beaubourg<\/h2>\t\t\t\t<\/div>\n\t\t\t\t<\/div>\n\t\t\t\t\t<\/div>\n\t\t<\/div>\n\t\t\t\t\t<\/div>\n\t\t<\/section>\n\t\t\t\t<section class=\"elementor-section elementor-top-section elementor-element elementor-element-4f87b52 elementor-section-boxed elementor-section-height-default elementor-section-height-default\" data-id=\"4f87b52\" data-element_type=\"section\" data-e-type=\"section\">\n\t\t\t\t\t\t<div class=\"elementor-container elementor-column-gap-default\">\n\t\t\t\t\t<div class=\"elementor-column elementor-col-100 elementor-top-column elementor-element elementor-element-e4084b3\" data-id=\"e4084b3\" data-element_type=\"column\" data-e-type=\"column\">\n\t\t\t<div class=\"elementor-widget-wrap elementor-element-populated\">\n\t\t\t\t\t\t<div class=\"elementor-element elementor-element-93f8c67 elementor-widget elementor-widget-html\" data-id=\"93f8c67\" data-element_type=\"widget\" data-e-type=\"widget\" data-widget_type=\"html.default\">\n\t\t\t\t<div class=\"elementor-widget-container\">\n\t\t\t\t\t<script id=\"insert-bsport-widget-cdn\">\n      !(function (b, s, p, o, r, t) {\n        !typeof window.BsportWidget !== \"undefined\" &&\n          !document.getElementById(\"bsport-widget-cdn\") &&\n          !(function () {\n            (m = b.createElement(s)),\n              (m.id = \"bsport-widget-cdn\"),\n              (m.src = p),\n              b.getElementsByTagName(\"head\")[0].appendChild(m);\n          })();\n      })(document, \"script\", \"https:\/\/cdn.bsport.io\/scripts\/widget.js\");\n    <\/script>\n    <script id=\"bsport-widget-mount\">\n      function MountBsportWidget(config, repeat = 1) {\n        if (repeat > 50) {\n          return;\n        }\n        if (!window.BsportWidget) {\n          return setTimeout(() => {\n            MountBsportWidget(config, repeat + 1);\n          }, 100 * repeat || 1);\n        }\n        BsportWidget.mount(config);\n      }\n    <\/script>\n    <script>\n      MountBsportWidget({\n        parentElement: \"bsport-widget-806896\",\n        companyId: 2443,\n        franchiseId: null,\n        dialogMode: 3,\n        widgetType: \"calendar\",\n        showFab: false,\n        fullScreenPopup: false,\n        styles: undefined,\n        config: {\n          calendar: {\n                establishments: [\n                    8705\n                ],\n            groupSessionByPeriod: false,\n            todayOnly: false,\n            cardModeDisplayMinWidth: 1000,\n          },\n          usePostMessageIframeDimensions: true,\n          usePostMessageIfameScrollup: true,\n        },\n      });\n    <\/script>\n    <div><div id=\"bsport-widget-806896\" style=\"position:relative; display:inline-block; width:100%; overflow-x:hidden; -webkit-overflow-scrolling:touch;\"><\/div>\t\t\t\t<\/div>\n\t\t\t\t<\/div>\n\t\t\t\t\t<\/div>\n\t\t<\/div>\n\t\t\t\t\t<\/div>\n\t\t<\/section>\n\t\t\t\t<section class=\"elementor-section elementor-top-section elementor-element elementor-element-0cc94ee elementor-section-full_width elementor-hidden-desktop elementor-hidden-tablet elementor-hidden-mobile elementor-section-height-default elementor-section-height-default\" data-id=\"0cc94ee\" data-element_type=\"section\" data-e-type=\"section\">\n\t\t\t\t\t\t<div class=\"elementor-container elementor-column-gap-default\">\n\t\t\t\t\t<div class=\"elementor-column elementor-col-100 elementor-top-column elementor-element elementor-element-0f1bba3\" data-id=\"0f1bba3\" data-element_type=\"column\" data-e-type=\"column\">\n\t\t\t<div class=\"elementor-widget-wrap elementor-element-populated\">\n\t\t\t\t\t\t<div class=\"elementor-element elementor-element-5c9386b elementor-widget elementor-widget-spacer\" data-id=\"5c9386b\" data-element_type=\"widget\" data-e-type=\"widget\" data-widget_type=\"spacer.default\">\n\t\t\t\t<div class=\"elementor-widget-container\">\n\t\t\t\t\t\t\t<div class=\"elementor-spacer\">\n\t\t\t<div class=\"elementor-spacer-inner\"><\/div>\n\t\t<\/div>\n\t\t\t\t\t\t<\/div>\n\t\t\t\t<\/div>\n\t\t\t\t<div class=\"elementor-element elementor-element-6372726 elementor-widget__width-inherit elementor-widget elementor-widget-html\" data-id=\"6372726\" data-element_type=\"widget\" data-e-type=\"widget\" data-widget_type=\"html.default\">\n\t\t\t\t<div class=\"elementor-widget-container\">\n\t\t\t\t\t <script id=\"insert-bsport-widget-cdn\">\n      !(function (b, s, p, o, r, t) {\n        !typeof window.BsportWidget !== \"undefined\" &&\n          !document.getElementById(\"bsport-widget-cdn\") &&\n          !(function () {\n            (m = b.createElement(s)),\n              (m.id = \"bsport-widget-cdn\"),\n              (m.src = p),\n              b.getElementsByTagName(\"head\")[0].appendChild(m);\n          })();\n      })(document, \"script\", \"https:\/\/cdn.bsport.io\/scripts\/widget.js\");\n    <\/script>\n    <script id=\"bsport-widget-mount\">\n      function MountBsportWidget(config, repeat = 1) {\n        if (repeat > 50) {\n          return;\n        }\n        if (!window.BsportWidget) {\n          return setTimeout(() => {\n            MountBsportWidget(config, repeat + 1);\n          }, 100 * repeat || 1);\n        }\n        BsportWidget.mount(config);\n      }\n    <\/script>\n    <script>\n      MountBsportWidget({\n        parentElement: \"bsport-widget-space-lead-acquisition\",\n        companyId: 2443,\n        franchiseId: null,\n        dialogMode: 1,\n        widgetType: \"newsletterV2\",\n        showFab: false,\n        fullScreenPopup: false,\n        styles: undefined,\n        config: {\n          newsletterV2: {\n            fieldsType: \"emailOnly\",\n            title: null,\n            showTitle: true,\n            subtitle: null,\n            showSubtitle: false,\n          },\n        },\n      });\n    <\/script>\n    <div id=\"bsport-widget-space-lead-acquisition\"><\/div>\t\t\t\t<\/div>\n\t\t\t\t<\/div>\n\t\t\t\t\t<\/div>\n\t\t<\/div>\n\t\t\t\t\t<\/div>\n\t\t<\/section>\n\t\t\t\t<\/div>\n\t\t","protected":false},"excerpt":{"rendered":"<p>Planning Choisir un studio Montmartre Beaubourg STUDIO Montmartre STUDIO Beaubourg<\/p>","protected":false},"author":16,"featured_media":10947,"parent":0,"menu_order":0,"comment_status":"closed","ping_status":"closed","template":"","meta":{"_acf_changed":false,"footnotes":""},"class_list":["post-5491","page","type-page","status-publish","has-post-thumbnail","hentry"],"acf":[],"yoast_head":"<!-- This site is optimized with the Yoast SEO plugin v27.5 - https:\/\/yoast.com\/product\/yoast-seo-wordpress\/ -->\n<title>R\u00e9server - Club de boxe Paris - Bootcamp Boxing Club - Le Cercle Boxing<\/title>\n<meta name=\"description\" content=\"R\u00e9server maintenant votre session au Cercle Boxing. D\u00e9couvrez nos studios \u00e0 Montmartre et Beaubourg pour venir boxer !\" \/>\n<meta name=\"robots\" content=\"index, follow, max-snippet:-1, max-image-preview:large, max-video-preview:-1\" \/>\n<link rel=\"canonical\" href=\"https:\/\/www.lecercle-boxing.com\/en\/reserve\/\" \/>\n<meta property=\"og:locale\" content=\"en_GB\" \/>\n<meta property=\"og:type\" content=\"article\" \/>\n<meta property=\"og:title\" content=\"R\u00e9server - Club de boxe Paris - Bootcamp Boxing Club - Le Cercle Boxing\" \/>\n<meta property=\"og:description\" content=\"R\u00e9server maintenant votre session au Cercle Boxing. D\u00e9couvrez nos studios \u00e0 Montmartre et Beaubourg pour venir boxer !\" \/>\n<meta property=\"og:url\" content=\"https:\/\/www.lecercle-boxing.com\/en\/reserve\/\" \/>\n<meta property=\"og:site_name\" content=\"Club de boxe Paris - Bootcamp Boxing Club - Le Cercle Boxing\" \/>\n<meta property=\"article:modified_time\" content=\"2025-11-05T11:08:53+00:00\" \/>\n<meta property=\"og:image\" content=\"https:\/\/www.lecercle-boxing.com\/wp-content\/uploads\/2022\/06\/11.png\" \/>\n\t<meta property=\"og:image:width\" content=\"683\" \/>\n\t<meta property=\"og:image:height\" content=\"514\" \/>\n\t<meta property=\"og:image:type\" content=\"image\/png\" \/>\n<meta name=\"twitter:card\" content=\"summary_large_image\" \/>\n<meta name=\"twitter:label1\" content=\"Estimated reading time\" \/>\n\t<meta name=\"twitter:data1\" content=\"1 minute\" \/>\n<script type=\"application\/ld+json\" class=\"yoast-schema-graph\">{\"@context\":\"https:\\\/\\\/schema.org\",\"@graph\":[{\"@type\":\"WebPage\",\"@id\":\"https:\\\/\\\/www.lecercle-boxing.com\\\/reserve\\\/\",\"url\":\"https:\\\/\\\/www.lecercle-boxing.com\\\/reserve\\\/\",\"name\":\"R\u00e9server - Club de boxe Paris - Bootcamp Boxing Club - Le Cercle Boxing\",\"isPartOf\":{\"@id\":\"https:\\\/\\\/www.lecercle-boxing.com\\\/#website\"},\"primaryImageOfPage\":{\"@id\":\"https:\\\/\\\/www.lecercle-boxing.com\\\/reserve\\\/#primaryimage\"},\"image\":{\"@id\":\"https:\\\/\\\/www.lecercle-boxing.com\\\/reserve\\\/#primaryimage\"},\"thumbnailUrl\":\"https:\\\/\\\/www.lecercle-boxing.com\\\/wp-content\\\/uploads\\\/2022\\\/06\\\/11.png\",\"datePublished\":\"2021-05-21T10:38:27+00:00\",\"dateModified\":\"2025-11-05T11:08:53+00:00\",\"description\":\"R\u00e9server maintenant votre session au Cercle Boxing. D\u00e9couvrez nos studios \u00e0 Montmartre et Beaubourg pour venir boxer !\",\"breadcrumb\":{\"@id\":\"https:\\\/\\\/www.lecercle-boxing.com\\\/reserve\\\/#breadcrumb\"},\"inLanguage\":\"en-GB\",\"potentialAction\":[{\"@type\":\"ReadAction\",\"target\":[\"https:\\\/\\\/www.lecercle-boxing.com\\\/reserve\\\/\"]}]},{\"@type\":\"ImageObject\",\"inLanguage\":\"en-GB\",\"@id\":\"https:\\\/\\\/www.lecercle-boxing.com\\\/reserve\\\/#primaryimage\",\"url\":\"https:\\\/\\\/www.lecercle-boxing.com\\\/wp-content\\\/uploads\\\/2022\\\/06\\\/11.png\",\"contentUrl\":\"https:\\\/\\\/www.lecercle-boxing.com\\\/wp-content\\\/uploads\\\/2022\\\/06\\\/11.png\",\"width\":683,\"height\":514,\"caption\":\"accueil le Cercle Boxing\"},{\"@type\":\"BreadcrumbList\",\"@id\":\"https:\\\/\\\/www.lecercle-boxing.com\\\/reserve\\\/#breadcrumb\",\"itemListElement\":[{\"@type\":\"ListItem\",\"position\":1,\"name\":\"Accueil\",\"item\":\"https:\\\/\\\/www.lecercle-boxing.com\\\/\"},{\"@type\":\"ListItem\",\"position\":2,\"name\":\"R\u00e9server\"}]},{\"@type\":\"WebSite\",\"@id\":\"https:\\\/\\\/www.lecercle-boxing.com\\\/#website\",\"url\":\"https:\\\/\\\/www.lecercle-boxing.com\\\/\",\"name\":\"Club de boxe Paris - Bootcamp Boxing Club - Le Cercle Boxing\",\"description\":\"10 rounds, 6 coups, 2 poings, 0 exp\u00e9rience n\u00e9cessaire\",\"potentialAction\":[{\"@type\":\"SearchAction\",\"target\":{\"@type\":\"EntryPoint\",\"urlTemplate\":\"https:\\\/\\\/www.lecercle-boxing.com\\\/?s={search_term_string}\"},\"query-input\":{\"@type\":\"PropertyValueSpecification\",\"valueRequired\":true,\"valueName\":\"search_term_string\"}}],\"inLanguage\":\"en-GB\"}]}<\/script>\n<!-- \/ Yoast SEO plugin. -->","yoast_head_json":{"title":"Book - Paris Boxing Club - Bootcamp Boxing Club - Le Cercle Boxing","description":"Book your session at Cercle Boxing now. Discover our studios in Montmartre and Beaubourg to come and box!","robots":{"index":"index","follow":"follow","max-snippet":"max-snippet:-1","max-image-preview":"max-image-preview:large","max-video-preview":"max-video-preview:-1"},"canonical":"https:\/\/www.lecercle-boxing.com\/en\/reserve\/","og_locale":"en_GB","og_type":"article","og_title":"R\u00e9server - Club de boxe Paris - Bootcamp Boxing Club - Le Cercle Boxing","og_description":"R\u00e9server maintenant votre session au Cercle Boxing. D\u00e9couvrez nos studios \u00e0 Montmartre et Beaubourg pour venir boxer !","og_url":"https:\/\/www.lecercle-boxing.com\/en\/reserve\/","og_site_name":"Club de boxe Paris - Bootcamp Boxing Club - Le Cercle Boxing","article_modified_time":"2025-11-05T11:08:53+00:00","og_image":[{"width":683,"height":514,"url":"https:\/\/www.lecercle-boxing.com\/wp-content\/uploads\/2022\/06\/11.png","type":"image\/png"}],"twitter_card":"summary_large_image","twitter_misc":{"Estimated reading time":"1 minute"},"schema":{"@context":"https:\/\/schema.org","@graph":[{"@type":"WebPage","@id":"https:\/\/www.lecercle-boxing.com\/reserve\/","url":"https:\/\/www.lecercle-boxing.com\/reserve\/","name":"Book - Paris Boxing Club - Bootcamp Boxing Club - Le Cercle Boxing","isPartOf":{"@id":"https:\/\/www.lecercle-boxing.com\/#website"},"primaryImageOfPage":{"@id":"https:\/\/www.lecercle-boxing.com\/reserve\/#primaryimage"},"image":{"@id":"https:\/\/www.lecercle-boxing.com\/reserve\/#primaryimage"},"thumbnailUrl":"https:\/\/www.lecercle-boxing.com\/wp-content\/uploads\/2022\/06\/11.png","datePublished":"2021-05-21T10:38:27+00:00","dateModified":"2025-11-05T11:08:53+00:00","description":"Book your session at Cercle Boxing now. Discover our studios in Montmartre and Beaubourg to come and box!","breadcrumb":{"@id":"https:\/\/www.lecercle-boxing.com\/reserve\/#breadcrumb"},"inLanguage":"en-GB","potentialAction":[{"@type":"ReadAction","target":["https:\/\/www.lecercle-boxing.com\/reserve\/"]}]},{"@type":"ImageObject","inLanguage":"en-GB","@id":"https:\/\/www.lecercle-boxing.com\/reserve\/#primaryimage","url":"https:\/\/www.lecercle-boxing.com\/wp-content\/uploads\/2022\/06\/11.png","contentUrl":"https:\/\/www.lecercle-boxing.com\/wp-content\/uploads\/2022\/06\/11.png","width":683,"height":514,"caption":"accueil le Cercle Boxing"},{"@type":"BreadcrumbList","@id":"https:\/\/www.lecercle-boxing.com\/reserve\/#breadcrumb","itemListElement":[{"@type":"ListItem","position":1,"name":"Accueil","item":"https:\/\/www.lecercle-boxing.com\/"},{"@type":"ListItem","position":2,"name":"R\u00e9server"}]},{"@type":"WebSite","@id":"https:\/\/www.lecercle-boxing.com\/#website","url":"https:\/\/www.lecercle-boxing.com\/","name":"Paris Boxing Club - Bootcamp Boxing Club - Le Cercle Boxing","description":"10 rounds, 6 hits, 2 punches, 0 experience needed","potentialAction":[{"@type":"SearchAction","target":{"@type":"EntryPoint","urlTemplate":"https:\/\/www.lecercle-boxing.com\/?s={search_term_string}"},"query-input":{"@type":"PropertyValueSpecification","valueRequired":true,"valueName":"search_term_string"}}],"inLanguage":"en-GB"}]}},"publishpress_future_action":{"enabled":false,"date":"2026-05-11 19:30:45","action":"change-status","newStatus":"draft","terms":[],"taxonomy":"","extraData":[]},"publishpress_future_workflow_manual_trigger":{"enabledWorkflows":[]},"_links":{"self":[{"href":"https:\/\/www.lecercle-boxing.com\/en\/wp-json\/wp\/v2\/pages\/5491","targetHints":{"allow":["GET"]}}],"collection":[{"href":"https:\/\/www.lecercle-boxing.com\/en\/wp-json\/wp\/v2\/pages"}],"about":[{"href":"https:\/\/www.lecercle-boxing.com\/en\/wp-json\/wp\/v2\/types\/page"}],"author":[{"embeddable":true,"href":"https:\/\/www.lecercle-boxing.com\/en\/wp-json\/wp\/v2\/users\/16"}],"replies":[{"embeddable":true,"href":"https:\/\/www.lecercle-boxing.com\/en\/wp-json\/wp\/v2\/comments?post=5491"}],"version-history":[{"count":140,"href":"https:\/\/www.lecercle-boxing.com\/en\/wp-json\/wp\/v2\/pages\/5491\/revisions"}],"predecessor-version":[{"id":28819,"href":"https:\/\/www.lecercle-boxing.com\/en\/wp-json\/wp\/v2\/pages\/5491\/revisions\/28819"}],"wp:featuredmedia":[{"embeddable":true,"href":"https:\/\/www.lecercle-boxing.com\/en\/wp-json\/wp\/v2\/media\/10947"}],"wp:attachment":[{"href":"https:\/\/www.lecercle-boxing.com\/en\/wp-json\/wp\/v2\/media?parent=5491"}],"curies":[{"name":"wp","href":"https:\/\/api.w.org\/{rel}","templated":true}]}}