{"id":3573,"date":"2020-08-25T10:00:06","date_gmt":"2020-08-25T08:00:06","guid":{"rendered":"https:\/\/www.lecercle-boxing.com\/?page_id=3573"},"modified":"2023-03-23T13:57:41","modified_gmt":"2023-03-23T12:57:41","slug":"ou-faire-du-fitness","status":"publish","type":"page","link":"https:\/\/www.lecercle-boxing.com\/en\/ou-faire-du-fitness\/","title":{"rendered":"Ladies, where to do fitness?"},"content":{"rendered":"<div data-elementor-type=\"wp-post\" data-elementor-id=\"3573\" class=\"elementor elementor-3573\" data-elementor-post-type=\"page\">\n\t\t\t\t\t\t<section class=\"elementor-section elementor-top-section elementor-element elementor-element-5fc3029 elementor-section-boxed elementor-section-height-default elementor-section-height-default\" data-id=\"5fc3029\" data-element_type=\"section\" data-e-type=\"section\">\n\t\t\t\t\t\t<div class=\"elementor-container elementor-column-gap-default\">\n\t\t\t\t\t<div class=\"elementor-column elementor-col-100 elementor-top-column elementor-element elementor-element-72ce281\" data-id=\"72ce281\" data-element_type=\"column\" data-e-type=\"column\">\n\t\t\t<div class=\"elementor-widget-wrap elementor-element-populated\">\n\t\t\t\t\t\t<div class=\"elementor-element elementor-element-fea1bd1 elementor-widget elementor-widget-text-editor\" data-id=\"fea1bd1\" data-element_type=\"widget\" data-e-type=\"widget\" data-widget_type=\"text-editor.default\">\n\t\t\t\t<div class=\"elementor-widget-container\">\n\t\t\t\t\t\t\t\t\t<h1>Ladies, where to do fitness?<\/h1><p><img fetchpriority=\"high\" decoding=\"async\" class=\"aligncenter wp-image-3812 size-large\" src=\"https:\/\/www.lecercle-boxing.com\/wp-content\/uploads\/2020\/09\/bruce-mars-gJtDg6WfMlQ-unsplash-1-1024x683.jpg\" alt=\"femmes pendant un cours de renforcement musculaire\" width=\"800\" height=\"534\" srcset=\"https:\/\/www.lecercle-boxing.com\/wp-content\/uploads\/2020\/09\/bruce-mars-gJtDg6WfMlQ-unsplash-1-1024x683.jpg 1024w, https:\/\/www.lecercle-boxing.com\/wp-content\/uploads\/2020\/09\/bruce-mars-gJtDg6WfMlQ-unsplash-1-300x200.jpg 300w, https:\/\/www.lecercle-boxing.com\/wp-content\/uploads\/2020\/09\/bruce-mars-gJtDg6WfMlQ-unsplash-1-768x512.jpg 768w, https:\/\/www.lecercle-boxing.com\/wp-content\/uploads\/2020\/09\/bruce-mars-gJtDg6WfMlQ-unsplash-1-1200x800.jpg 1200w\" sizes=\"(max-width: 800px) 100vw, 800px\" \/><\/p><div class=\"page\" title=\"Page 1\"><div class=\"section\"><div class=\"layoutArea\"><div class=\"column\"><div class=\"page\" title=\"Page 1\"><div class=\"section\"><div class=\"layoutArea\"><div class=\"column\"><div class=\"page\" title=\"Page 2\"><div class=\"section\"><div class=\"layoutArea\"><div class=\"column\"><div class=\"page\" title=\"Page 1\"><div class=\"section\"><div class=\"layoutArea\"><div class=\"column\"><div class=\"page\" title=\"Page 1\"><div class=\"section\"><div class=\"layoutArea\"><div class=\"column\"><div class=\"page\" title=\"Page 1\"><div class=\"section\"><div class=\"layoutArea\"><div class=\"column\"><div class=\"page\" title=\"Page 1\"><div class=\"section\"><div class=\"layoutArea\"><div class=\"column\">\u00a0<\/div><\/div><\/div><\/div><div class=\"page\" title=\"Page 2\"><div class=\"section\"><div class=\"layoutArea\"><div class=\"column\"><div class=\"page\" title=\"Page 1\"><div class=\"section\"><div class=\"layoutArea\"><div class=\"column\"><p>It&#039;s decided, you&#039;re ready to put on your sneakers for a <strong>complete fitness! Fitness for women<\/strong> est une discipline de choix, aussi bien pour sculpter son corps, perdre du poids ou simplement se de\u0301fouler, Mais saviez-vous que le fitness englobe en re\u0301alite\u0301 un ensemble d\u2019activite\u0301s physiques ? Oubliez les cours d&rsquo;ae\u0301robic des anne\u0301es 80 en tenue fluo, aujourd\u2019hui on vous parle de deux sports tendances et particulie\u0300rement efficaces pour <strong>improve your physical condition: aquabiking and <span style=\"text-decoration: underline;\"><span style=\"color: #0000ff;\"><a style=\"color: #0000ff; text-decoration: underline;\" href=\"https:\/\/www.lecercle-boxing.com\/en\/benefits-of-cardio-boxing\/\">cardio boxing<\/a><\/span><\/span><\/strong>. Which side will you choose?<\/p><h2>L&rsquo;aquabiking, un sport doux<\/h2><h3>Aquabike in a few words\u00a0<\/h3><p><strong>Aquabiking<\/strong> attracts more and more fans of <strong>fitness for women<\/strong> and that is not surprising! This aquatic sport, which consists of <strong>pedal a bike installed in water,<\/strong> allows <strong>exercise and improve\u00a0<\/strong><span style=\"text-decoration: underline; color: #000000;\">cardio<\/span>. But don&#039;t think it stops there! Thanks to a multitude of varied positions, a supercharged coach and catchy music, you use all the muscles in your body. <strong>A gentle sport<\/strong>, certainly, but complete!<\/p><h3>The benefits of water<\/h3><p>Water has the effect of naturally carrying out<strong> a formidable draining massage against cellulite<\/strong>, And <strong>to intensify the effort<\/strong>. But do not panic, <strong>aquabike<\/strong> allows <strong>work on muscle strengthening, while respecting the joints and without causing aches!<\/strong> This physical activity is also recommended for pregnant women, and people undergoing rehabilitation or suffering from back pain.<\/p><p>So, if you are wondering where to do <strong>fitness for women,<\/strong> gently, direction <strong>aquabike studio<\/strong> closest to you!<\/p><h2>Cardio boxing, an invigorating sport\u00a0<\/h2><h3>Cardio boxing in a few words\u00a0<\/h3><p>Are you looking for an activity? <strong>fitness for women<\/strong> ? Think about <strong>cardio boxing!<\/strong> Anyone who thinks boxing is only for men should come into the ring! <strong>Focused on fitness<\/strong>, cardio boxing is a sport derived from boxing which combines <strong>cardio<\/strong> (sprint on the spot, jumping jack, etc.) and <strong>muscle strengthening<\/strong> (abs, squats, lunges, etc.). So, what connection with boxing will you tell us? Cardio boxing also integrates learning <strong>basic boxing moves and punches<\/strong> (hook, jab &amp; cross, uppercut\u2026), with the difference that these are not worn. <strong>Fun and explosive<\/strong>, cardio boxing is the ideal sport for <strong>refine your figure, let off steam and knock out your stress!<\/strong><\/p><\/div><\/div><\/div><\/div><div class=\"page\" title=\"Page 2\"><div class=\"section\"><div class=\"layoutArea\"><div class=\"column\"><h3>The Boxing Circle in Paris<\/h3><p>Are you interested in cardio boxing? Can&#039;t wait to put on the gloves and do battle? We will meet you at\u00a0<span style=\"text-decoration: underline;\"><span style=\"color: #0000ff; text-decoration: underline;\"><a style=\"color: #0000ff; text-decoration: underline;\" href=\"https:\/\/www.lecercle-boxing.com\/en\/\" target=\"_blank\" rel=\"noopener\">Boxing Circle<\/a>\u00a0<\/span><\/span>For <strong>intensive training in music,<\/strong> in front of your aqua-bag and your fitness bench! Our objective ? Push you to\u00a0<span style=\"text-decoration: underline;\"><span style=\"color: #0000ff; text-decoration: underline;\"><a style=\"color: #0000ff; text-decoration: underline;\" href=\"https:\/\/www.lecercle-boxing.com\/en\/lecercle-concept\/\" target=\"_blank\" rel=\"noopener\">exceed your limits<\/a>\u00a0<\/span><\/span>alternating <strong>Boxing Moves and High Intensity Interval Training<\/strong>, and make you love it! Ready to join in the round to spend 45 minutes of pure happiness? It&#039;s happening at <strong>boxing studio du Cercle<\/strong>, Barb\u00e8s-Rochechouart metro (line 4) or Antwerp (line 2)<\/p><\/div><\/div><\/div><\/div><\/div><\/div><\/div><\/div><\/div><\/div><\/div><\/div><\/div><\/div><\/div><\/div><\/div><\/div><\/div><\/div><\/div><\/div><\/div><\/div><\/div><\/div><\/div><\/div><\/div><\/div><\/div><\/div>\t\t\t\t\t\t\t\t<\/div>\n\t\t\t\t<\/div>\n\t\t\t\t\t<\/div>\n\t\t<\/div>\n\t\t\t\t\t<\/div>\n\t\t<\/section>\n\t\t\t\t<\/div>","protected":false},"excerpt":{"rendered":"<p>Mesdames, o\u00f9 faire du fitness ? \u00a0 C\u2019est de\u0301cide\u0301, vous voila\u0300 pre\u0302te a\u0300 enfiler vos baskets pour une remise en forme comple\u0300te ! Le fitness pour femme est une discipline de choix, aussi bien pour sculpter son corps, perdre du poids ou simplement se de\u0301fouler, Mais saviez-vous que le fitness englobe en re\u0301alite\u0301 un ensemble [&hellip;]<\/p>\n","protected":false},"author":24,"featured_media":0,"parent":0,"menu_order":0,"comment_status":"closed","ping_status":"closed","template":"","meta":{"_acf_changed":false,"footnotes":""},"class_list":["post-3573","page","type-page","status-publish","hentry"],"acf":[],"yoast_head":"<!-- This site is optimized with the Yoast SEO plugin v27.4 - https:\/\/yoast.com\/product\/yoast-seo-wordpress\/ -->\n<title>O\u00f9 faire du fitness pour femme ? - Le Cercle Boxing<\/title>\n<meta name=\"description\" content=\"Le fitness pour femme se d\u00e9veloppe \u00e0 tr\u00e8s grande vitesse. Les objectifs sont multiples : se d\u00e9fouler, se sculpter, perdre du poids. Mais o\u00f9 en faire ?\" \/>\n<meta name=\"robots\" content=\"index, follow, max-snippet:-1, max-image-preview:large, max-video-preview:-1\" \/>\n<link rel=\"canonical\" href=\"https:\/\/www.lecercle-boxing.com\/en\/accueil__trashed\/ou-faire-du-fitness\/\" \/>\n<meta property=\"og:locale\" content=\"en_GB\" \/>\n<meta property=\"og:type\" content=\"article\" \/>\n<meta property=\"og:title\" content=\"O\u00f9 faire du fitness pour femme ? - Le Cercle Boxing\" \/>\n<meta property=\"og:description\" content=\"Le fitness pour femme se d\u00e9veloppe \u00e0 tr\u00e8s grande vitesse. Les objectifs sont multiples : se d\u00e9fouler, se sculpter, perdre du poids. Mais o\u00f9 en faire ?\" \/>\n<meta property=\"og:url\" content=\"https:\/\/www.lecercle-boxing.com\/en\/accueil__trashed\/ou-faire-du-fitness\/\" \/>\n<meta property=\"og:site_name\" content=\"Club de boxe Paris - Bootcamp Boxing Club - Le Cercle Boxing\" \/>\n<meta property=\"article:modified_time\" content=\"2023-03-23T12:57:41+00:00\" \/>\n<meta property=\"og:image\" content=\"https:\/\/www.lecercle-boxing.com\/wp-content\/uploads\/2020\/09\/bruce-mars-gJtDg6WfMlQ-unsplash-1-1024x683.jpg\" \/>\n<meta name=\"twitter:card\" content=\"summary_large_image\" \/>\n<meta name=\"twitter:label1\" content=\"Estimated reading time\" \/>\n\t<meta name=\"twitter:data1\" content=\"3 minutes\" \/>\n<script type=\"application\/ld+json\" class=\"yoast-schema-graph\">{\"@context\":\"https:\\\/\\\/schema.org\",\"@graph\":[{\"@type\":\"WebPage\",\"@id\":\"https:\\\/\\\/www.lecercle-boxing.com\\\/accueil__trashed\\\/ou-faire-du-fitness\\\/\",\"url\":\"https:\\\/\\\/www.lecercle-boxing.com\\\/accueil__trashed\\\/ou-faire-du-fitness\\\/\",\"name\":\"O\u00f9 faire du fitness pour femme ? - Le Cercle Boxing\",\"isPartOf\":{\"@id\":\"https:\\\/\\\/www.lecercle-boxing.com\\\/#website\"},\"primaryImageOfPage\":{\"@id\":\"https:\\\/\\\/www.lecercle-boxing.com\\\/accueil__trashed\\\/ou-faire-du-fitness\\\/#primaryimage\"},\"image\":{\"@id\":\"https:\\\/\\\/www.lecercle-boxing.com\\\/accueil__trashed\\\/ou-faire-du-fitness\\\/#primaryimage\"},\"thumbnailUrl\":\"https:\\\/\\\/www.lecercle-boxing.com\\\/wp-content\\\/uploads\\\/2020\\\/09\\\/bruce-mars-gJtDg6WfMlQ-unsplash-1-1024x683.jpg\",\"datePublished\":\"2020-08-25T08:00:06+00:00\",\"dateModified\":\"2023-03-23T12:57:41+00:00\",\"description\":\"Le fitness pour femme se d\u00e9veloppe \u00e0 tr\u00e8s grande vitesse. Les objectifs sont multiples : se d\u00e9fouler, se sculpter, perdre du poids. Mais o\u00f9 en faire ?\",\"breadcrumb\":{\"@id\":\"https:\\\/\\\/www.lecercle-boxing.com\\\/accueil__trashed\\\/ou-faire-du-fitness\\\/#breadcrumb\"},\"inLanguage\":\"en-GB\",\"potentialAction\":[{\"@type\":\"ReadAction\",\"target\":[\"https:\\\/\\\/www.lecercle-boxing.com\\\/accueil__trashed\\\/ou-faire-du-fitness\\\/\"]}]},{\"@type\":\"ImageObject\",\"inLanguage\":\"en-GB\",\"@id\":\"https:\\\/\\\/www.lecercle-boxing.com\\\/accueil__trashed\\\/ou-faire-du-fitness\\\/#primaryimage\",\"url\":\"https:\\\/\\\/www.lecercle-boxing.com\\\/wp-content\\\/uploads\\\/2020\\\/09\\\/bruce-mars-gJtDg6WfMlQ-unsplash-1-1024x683.jpg\",\"contentUrl\":\"https:\\\/\\\/www.lecercle-boxing.com\\\/wp-content\\\/uploads\\\/2020\\\/09\\\/bruce-mars-gJtDg6WfMlQ-unsplash-1-1024x683.jpg\"},{\"@type\":\"BreadcrumbList\",\"@id\":\"https:\\\/\\\/www.lecercle-boxing.com\\\/accueil__trashed\\\/ou-faire-du-fitness\\\/#breadcrumb\",\"itemListElement\":[{\"@type\":\"ListItem\",\"position\":1,\"name\":\"Accueil\",\"item\":\"https:\\\/\\\/www.lecercle-boxing.com\\\/\"},{\"@type\":\"ListItem\",\"position\":2,\"name\":\"Mesdames, o\u00f9 faire du fitness ?\"}]},{\"@type\":\"WebSite\",\"@id\":\"https:\\\/\\\/www.lecercle-boxing.com\\\/#website\",\"url\":\"https:\\\/\\\/www.lecercle-boxing.com\\\/\",\"name\":\"Club de boxe Paris - Bootcamp Boxing Club - Le Cercle Boxing\",\"description\":\"10 rounds, 6 coups, 2 poings, 0 exp\u00e9rience n\u00e9cessaire\",\"potentialAction\":[{\"@type\":\"SearchAction\",\"target\":{\"@type\":\"EntryPoint\",\"urlTemplate\":\"https:\\\/\\\/www.lecercle-boxing.com\\\/?s={search_term_string}\"},\"query-input\":{\"@type\":\"PropertyValueSpecification\",\"valueRequired\":true,\"valueName\":\"search_term_string\"}}],\"inLanguage\":\"en-GB\"}]}<\/script>\n<!-- \/ Yoast SEO plugin. -->","yoast_head_json":{"title":"O\u00f9 faire du fitness pour femme ? - Le Cercle Boxing","description":"Le fitness pour femme se d\u00e9veloppe \u00e0 tr\u00e8s grande vitesse. Les objectifs sont multiples : se d\u00e9fouler, se sculpter, perdre du poids. Mais o\u00f9 en faire ?","robots":{"index":"index","follow":"follow","max-snippet":"max-snippet:-1","max-image-preview":"max-image-preview:large","max-video-preview":"max-video-preview:-1"},"canonical":"https:\/\/www.lecercle-boxing.com\/en\/accueil__trashed\/ou-faire-du-fitness\/","og_locale":"en_GB","og_type":"article","og_title":"O\u00f9 faire du fitness pour femme ? - Le Cercle Boxing","og_description":"Le fitness pour femme se d\u00e9veloppe \u00e0 tr\u00e8s grande vitesse. Les objectifs sont multiples : se d\u00e9fouler, se sculpter, perdre du poids. Mais o\u00f9 en faire ?","og_url":"https:\/\/www.lecercle-boxing.com\/en\/accueil__trashed\/ou-faire-du-fitness\/","og_site_name":"Club de boxe Paris - Bootcamp Boxing Club - Le Cercle Boxing","article_modified_time":"2023-03-23T12:57:41+00:00","og_image":[{"url":"https:\/\/www.lecercle-boxing.com\/wp-content\/uploads\/2020\/09\/bruce-mars-gJtDg6WfMlQ-unsplash-1-1024x683.jpg","type":"","width":"","height":""}],"twitter_card":"summary_large_image","twitter_misc":{"Estimated reading time":"3 minutes"},"schema":{"@context":"https:\/\/schema.org","@graph":[{"@type":"WebPage","@id":"https:\/\/www.lecercle-boxing.com\/accueil__trashed\/ou-faire-du-fitness\/","url":"https:\/\/www.lecercle-boxing.com\/accueil__trashed\/ou-faire-du-fitness\/","name":"O\u00f9 faire du fitness pour femme ? - Le Cercle Boxing","isPartOf":{"@id":"https:\/\/www.lecercle-boxing.com\/#website"},"primaryImageOfPage":{"@id":"https:\/\/www.lecercle-boxing.com\/accueil__trashed\/ou-faire-du-fitness\/#primaryimage"},"image":{"@id":"https:\/\/www.lecercle-boxing.com\/accueil__trashed\/ou-faire-du-fitness\/#primaryimage"},"thumbnailUrl":"https:\/\/www.lecercle-boxing.com\/wp-content\/uploads\/2020\/09\/bruce-mars-gJtDg6WfMlQ-unsplash-1-1024x683.jpg","datePublished":"2020-08-25T08:00:06+00:00","dateModified":"2023-03-23T12:57:41+00:00","description":"Le fitness pour femme se d\u00e9veloppe \u00e0 tr\u00e8s grande vitesse. Les objectifs sont multiples : se d\u00e9fouler, se sculpter, perdre du poids. Mais o\u00f9 en faire ?","breadcrumb":{"@id":"https:\/\/www.lecercle-boxing.com\/accueil__trashed\/ou-faire-du-fitness\/#breadcrumb"},"inLanguage":"en-GB","potentialAction":[{"@type":"ReadAction","target":["https:\/\/www.lecercle-boxing.com\/accueil__trashed\/ou-faire-du-fitness\/"]}]},{"@type":"ImageObject","inLanguage":"en-GB","@id":"https:\/\/www.lecercle-boxing.com\/accueil__trashed\/ou-faire-du-fitness\/#primaryimage","url":"https:\/\/www.lecercle-boxing.com\/wp-content\/uploads\/2020\/09\/bruce-mars-gJtDg6WfMlQ-unsplash-1-1024x683.jpg","contentUrl":"https:\/\/www.lecercle-boxing.com\/wp-content\/uploads\/2020\/09\/bruce-mars-gJtDg6WfMlQ-unsplash-1-1024x683.jpg"},{"@type":"BreadcrumbList","@id":"https:\/\/www.lecercle-boxing.com\/accueil__trashed\/ou-faire-du-fitness\/#breadcrumb","itemListElement":[{"@type":"ListItem","position":1,"name":"Accueil","item":"https:\/\/www.lecercle-boxing.com\/"},{"@type":"ListItem","position":2,"name":"Mesdames, o\u00f9 faire du fitness ?"}]},{"@type":"WebSite","@id":"https:\/\/www.lecercle-boxing.com\/#website","url":"https:\/\/www.lecercle-boxing.com\/","name":"Paris Boxing Club - Bootcamp Boxing Club - Le Cercle Boxing","description":"10 rounds, 6 hits, 2 punches, 0 experience needed","potentialAction":[{"@type":"SearchAction","target":{"@type":"EntryPoint","urlTemplate":"https:\/\/www.lecercle-boxing.com\/?s={search_term_string}"},"query-input":{"@type":"PropertyValueSpecification","valueRequired":true,"valueName":"search_term_string"}}],"inLanguage":"en-GB"}]}},"publishpress_future_action":{"enabled":false,"date":"2026-04-30 03:39:43","action":"change-status","newStatus":"draft","terms":[],"taxonomy":"","extraData":[]},"publishpress_future_workflow_manual_trigger":{"enabledWorkflows":[]},"_links":{"self":[{"href":"https:\/\/www.lecercle-boxing.com\/en\/wp-json\/wp\/v2\/pages\/3573","targetHints":{"allow":["GET"]}}],"collection":[{"href":"https:\/\/www.lecercle-boxing.com\/en\/wp-json\/wp\/v2\/pages"}],"about":[{"href":"https:\/\/www.lecercle-boxing.com\/en\/wp-json\/wp\/v2\/types\/page"}],"author":[{"embeddable":true,"href":"https:\/\/www.lecercle-boxing.com\/en\/wp-json\/wp\/v2\/users\/24"}],"replies":[{"embeddable":true,"href":"https:\/\/www.lecercle-boxing.com\/en\/wp-json\/wp\/v2\/comments?post=3573"}],"version-history":[{"count":15,"href":"https:\/\/www.lecercle-boxing.com\/en\/wp-json\/wp\/v2\/pages\/3573\/revisions"}],"predecessor-version":[{"id":17507,"href":"https:\/\/www.lecercle-boxing.com\/en\/wp-json\/wp\/v2\/pages\/3573\/revisions\/17507"}],"wp:attachment":[{"href":"https:\/\/www.lecercle-boxing.com\/en\/wp-json\/wp\/v2\/media?parent=3573"}],"curies":[{"name":"wp","href":"https:\/\/api.w.org\/{rel}","templated":true}]}}