{"id":3539,"date":"2020-08-06T10:10:34","date_gmt":"2020-08-06T08:10:34","guid":{"rendered":"https:\/\/www.lecercle-boxing.com\/?page_id=3539"},"modified":"2023-03-23T12:53:16","modified_gmt":"2023-03-23T11:53:16","slug":"comment-trouver-une-bonne-salle-de-sport-a-paris","status":"publish","type":"page","link":"https:\/\/www.lecercle-boxing.com\/en\/comment-trouver-une-bonne-salle-de-sport-a-paris\/","title":{"rendered":"How to find a good gym in Paris?"},"content":{"rendered":"<div data-elementor-type=\"wp-post\" data-elementor-id=\"3539\" class=\"elementor elementor-3539\" data-elementor-post-type=\"page\">\n\t\t\t\t\t\t<section class=\"elementor-section elementor-top-section elementor-element elementor-element-5fc3029 elementor-section-boxed elementor-section-height-default elementor-section-height-default\" data-id=\"5fc3029\" data-element_type=\"section\" data-e-type=\"section\">\n\t\t\t\t\t\t<div class=\"elementor-container elementor-column-gap-default\">\n\t\t\t\t\t<div class=\"elementor-column elementor-col-100 elementor-top-column elementor-element elementor-element-72ce281\" data-id=\"72ce281\" data-element_type=\"column\" data-e-type=\"column\">\n\t\t\t<div class=\"elementor-widget-wrap elementor-element-populated\">\n\t\t\t\t\t\t<div class=\"elementor-element elementor-element-fea1bd1 elementor-widget elementor-widget-text-editor\" data-id=\"fea1bd1\" data-element_type=\"widget\" data-e-type=\"widget\" data-widget_type=\"text-editor.default\">\n\t\t\t\t<div class=\"elementor-widget-container\">\n\t\t\t\t\t\t\t\t\t<h1>How to find a good gym in Paris?\u00a0<\/h1><p><img fetchpriority=\"high\" decoding=\"async\" class=\"aligncenter wp-image-3472 size-large\" src=\"https:\/\/www.lecercle-boxing.com\/wp-content\/uploads\/2020\/07\/AoFpTaYw-1024x683.jpeg\" alt=\"salle de boxe avec des aqua bags\" width=\"800\" height=\"534\" srcset=\"https:\/\/www.lecercle-boxing.com\/wp-content\/uploads\/2020\/07\/AoFpTaYw-1024x683.jpeg 1024w, https:\/\/www.lecercle-boxing.com\/wp-content\/uploads\/2020\/07\/AoFpTaYw-300x200.jpeg 300w, https:\/\/www.lecercle-boxing.com\/wp-content\/uploads\/2020\/07\/AoFpTaYw-768x512.jpeg 768w, https:\/\/www.lecercle-boxing.com\/wp-content\/uploads\/2020\/07\/AoFpTaYw-1200x800.jpeg 1200w\" sizes=\"(max-width: 800px) 100vw, 800px\" \/><\/p><div class=\"page\" title=\"Page 1\"><div class=\"section\"><div class=\"layoutArea\"><div class=\"column\"><div class=\"page\" title=\"Page 1\"><div class=\"section\"><div class=\"layoutArea\"><div class=\"column\"><p>There are (almost) as many bars as gyms in Paris (yes, we&#039;re exaggerating). Are you motivated like never before to play sport but don&#039;t know how to choose your club? Step 1: identify your desires and goals. Step 2: Determine your budget. Step 3: what if you came and tested the Boxing Circle? \u201cTo try it is to adopt it\u201d (for real)!<\/p><h2>The best gym based on your physical abilities<\/h2><h3>Define your sporting goals<\/h3><div class=\"page\" title=\"Page 1\"><div class=\"section\"><div class=\"layoutArea\"><div class=\"column\"><p>There are athletes who like to practice <strong>solitary physical activity,<\/strong> with or without machines, and the others, for <strong>which motivation rhymes with collective.<\/strong> There are athletes who are looking for<strong> performance<\/strong> and the <strong>competition<\/strong>, and others who are just looking to <strong>to exercise, while having fun<\/strong>. You have the choice among <strong>many activities<\/strong> (fitness, aquabike, yoga, cardio-training, boxing, etc.), more or less<strong> intense and\/or adapted to all levels.<\/strong><\/p><p>Depending on the team you find yourself in, your goals and your physical condition, some gyms will suit you more than others.<\/p><h2>What is the budget for a gym membership?<\/h2><p>From a large brand to a small local gym, subscription prices can vary considerably.<\/p><ul><li><p><strong>In the most chic gyms in Paris<\/strong> (high-end service, luxurious equipment, etc.): between \u20ac130 and \u20ac350\/month<\/p><\/li><li><p><strong>In so-called \u201clow cost\u201d gyms<\/strong> (classic service, virtual courses, paid options, etc.): \u20ac35\/month on average<\/p><p>It&#039;s up to you to determine the budget that you can and wish to allocate to your sporting activity to find the gym that suits you!<\/p><h2>Le Cercle: a good gym in Paris<\/h2><h3>A gym with an original sports concept<\/h3><\/li><\/ul><\/div><\/div><\/div><\/div><div class=\"page\" title=\"Page 2\"><div class=\"section\"><div class=\"layoutArea\"><div class=\"column\"><p>Neon lights, loud music and sweat, no, it&#039;s not a club but a <strong>one of the best gyms in Paris.<\/strong>\u00a0<a href=\"https:\/\/www.lecercle-boxing.com\/en\/\" target=\"_blank\" rel=\"noopener\">The circle<\/a>, it&#039;s a studio<strong>electrifying atmosphere<\/strong>, fun and caring! What awaits you? 45-minute workouts shared between <strong>boxing movements, without an opponent (aqua bag), and bootcamp exercises<\/strong>. To boost you up and push you to surpass yourself,<strong> our coaches support you<\/strong>, while adapting to your level.<\/p><h3>Gym prices<\/h3><p>Doing sport, yes, but not at any price, nor under any conditions. A <strong>optimized studio <\/strong>which sends heavy, <strong>coaches as cool as they are competent<\/strong>, but also a <strong>quality equipment and products<\/strong> available, <strong>THE\u00a0<\/strong><a href=\"https:\/\/www.lecercle-boxing.com\/en\/pricing-page\/\" target=\"_blank\" rel=\"noopener\">Boxing Circle<\/a><strong>\u00a0in Paris<\/strong> is the ideal compromise! Depending on your pace and your desires, you have the choice between:<\/p><p><strong>The \u00e0 la carte session: <\/strong>30\u20ac<\/p><p><strong>The packs<\/strong> :<\/p><ul><li><p>5 sessions at \u20ac139, or \u20ac28 per session<\/p><\/li><li><p>10 sessions at \u20ac249, or \u20ac25 per session<\/p><\/li><li><p>20 sessions at \u20ac399, or \u20ac20 per session<\/p><\/li><li><p>40 sessions at \u20ac719, or \u20ac18 per session<\/p><p><strong>The subscriptions :<\/strong><\/p><\/li><\/ul><ul><li><p>4 sessions\/month at \u20ac79\/month, or \u20ac20 per session<\/p><\/li><li><p>6 sessions\/month at \u20ac99\/month, or \u20ac16.5 per session<\/p><\/li><li><p>Unlimited at \u20ac149\/month<\/p><p>So, do you want to enter the round? Take advantage of our welcome offer: a trial session purchased = the second session free!<\/p><\/li><\/ul><\/div><\/div><\/div><\/div><\/div><\/div><\/div><\/div><\/div><\/div><\/div><\/div>\t\t\t\t\t\t\t\t<\/div>\n\t\t\t\t<\/div>\n\t\t\t\t<div class=\"elementor-element elementor-element-ec1d428 elementor-widget elementor-widget-button\" data-id=\"ec1d428\" data-element_type=\"widget\" data-e-type=\"widget\" data-widget_type=\"button.default\">\n\t\t\t\t<div class=\"elementor-widget-container\">\n\t\t\t\t\t\t\t\t\t<div class=\"elementor-button-wrapper\">\n\t\t\t\t\t<a class=\"elementor-button elementor-button-link elementor-size-md\" href=\"https:\/\/www.lecercle-boxing.com\/en\/pricing-page\/\">\n\t\t\t\t\t\t<span class=\"elementor-button-content-wrapper\">\n\t\t\t\t\t\t\t\t\t<span class=\"elementor-button-text\">I take advantage of it<\/span>\n\t\t\t\t\t<\/span>\n\t\t\t\t\t<\/a>\n\t\t\t\t<\/div>\n\t\t\t\t\t\t\t\t<\/div>\n\t\t\t\t<\/div>\n\t\t\t\t\t<\/div>\n\t\t<\/div>\n\t\t\t\t\t<\/div>\n\t\t<\/section>\n\t\t\t\t<\/div>","protected":false},"excerpt":{"rendered":"<p>Comment trouver une bonne salle de sport \u00e0 Paris ?\u00a0 On compte (presque) autant de bars que de\u00a0salles de sport\u00a0a\u0300 Paris (oui, on exage\u0300re). Vous e\u0302tes motive\u0301\u00b7e comme jamais a\u0300 faire du sport mais ne savez pas comment choisir votre club ? E\u0301tape 1 : identifiez vos envies et vos objectifs. E\u0301tape 2 : de\u0301terminez [&hellip;]<\/p>\n","protected":false},"author":24,"featured_media":0,"parent":0,"menu_order":0,"comment_status":"closed","ping_status":"closed","template":"","meta":{"_acf_changed":false,"footnotes":""},"class_list":["post-3539","page","type-page","status-publish","hentry"],"acf":[],"yoast_head":"<!-- This site is optimized with the Yoast SEO plugin v27.5 - https:\/\/yoast.com\/product\/yoast-seo-wordpress\/ -->\n<title>Comment trouver une bonne salle de sport \u00e0 Paris ?<\/title>\n<meta name=\"description\" content=\"Vous \u00eates motiv\u00e9(e) mais vous avez du mal \u00e0 trouver la salle de sport qui vous correspond ? Petit r\u00e9capitulatif de comment trouver la salle parfaite !\" \/>\n<meta name=\"robots\" content=\"index, follow, max-snippet:-1, max-image-preview:large, max-video-preview:-1\" \/>\n<link rel=\"canonical\" href=\"https:\/\/www.lecercle-boxing.com\/en\/accueil__trashed\/comment-trouver-une-bonne-salle-de-sport-a-paris\/\" \/>\n<meta property=\"og:locale\" content=\"en_GB\" \/>\n<meta property=\"og:type\" content=\"article\" \/>\n<meta property=\"og:title\" content=\"Comment trouver une bonne salle de sport \u00e0 Paris ?\" \/>\n<meta property=\"og:description\" content=\"Vous \u00eates motiv\u00e9(e) mais vous avez du mal \u00e0 trouver la salle de sport qui vous correspond ? Petit r\u00e9capitulatif de comment trouver la salle parfaite !\" \/>\n<meta property=\"og:url\" content=\"https:\/\/www.lecercle-boxing.com\/en\/accueil__trashed\/comment-trouver-une-bonne-salle-de-sport-a-paris\/\" \/>\n<meta property=\"og:site_name\" content=\"Club de boxe Paris - Bootcamp Boxing Club - Le Cercle Boxing\" \/>\n<meta property=\"article:modified_time\" content=\"2023-03-23T11:53:16+00:00\" \/>\n<meta property=\"og:image\" content=\"https:\/\/www.lecercle-boxing.com\/wp-content\/uploads\/2020\/07\/AoFpTaYw-1024x683.jpeg\" \/>\n<meta name=\"twitter:card\" content=\"summary_large_image\" \/>\n<meta name=\"twitter:label1\" content=\"Estimated reading time\" \/>\n\t<meta name=\"twitter:data1\" content=\"3 minutes\" \/>\n<script type=\"application\/ld+json\" class=\"yoast-schema-graph\">{\"@context\":\"https:\\\/\\\/schema.org\",\"@graph\":[{\"@type\":\"WebPage\",\"@id\":\"https:\\\/\\\/www.lecercle-boxing.com\\\/accueil__trashed\\\/comment-trouver-une-bonne-salle-de-sport-a-paris\\\/\",\"url\":\"https:\\\/\\\/www.lecercle-boxing.com\\\/accueil__trashed\\\/comment-trouver-une-bonne-salle-de-sport-a-paris\\\/\",\"name\":\"Comment trouver une bonne salle de sport \u00e0 Paris ?\",\"isPartOf\":{\"@id\":\"https:\\\/\\\/www.lecercle-boxing.com\\\/#website\"},\"primaryImageOfPage\":{\"@id\":\"https:\\\/\\\/www.lecercle-boxing.com\\\/accueil__trashed\\\/comment-trouver-une-bonne-salle-de-sport-a-paris\\\/#primaryimage\"},\"image\":{\"@id\":\"https:\\\/\\\/www.lecercle-boxing.com\\\/accueil__trashed\\\/comment-trouver-une-bonne-salle-de-sport-a-paris\\\/#primaryimage\"},\"thumbnailUrl\":\"https:\\\/\\\/www.lecercle-boxing.com\\\/wp-content\\\/uploads\\\/2020\\\/07\\\/AoFpTaYw-1024x683.jpeg\",\"datePublished\":\"2020-08-06T08:10:34+00:00\",\"dateModified\":\"2023-03-23T11:53:16+00:00\",\"description\":\"Vous \u00eates motiv\u00e9(e) mais vous avez du mal \u00e0 trouver la salle de sport qui vous correspond ? Petit r\u00e9capitulatif de comment trouver la salle parfaite !\",\"breadcrumb\":{\"@id\":\"https:\\\/\\\/www.lecercle-boxing.com\\\/accueil__trashed\\\/comment-trouver-une-bonne-salle-de-sport-a-paris\\\/#breadcrumb\"},\"inLanguage\":\"en-GB\",\"potentialAction\":[{\"@type\":\"ReadAction\",\"target\":[\"https:\\\/\\\/www.lecercle-boxing.com\\\/accueil__trashed\\\/comment-trouver-une-bonne-salle-de-sport-a-paris\\\/\"]}]},{\"@type\":\"ImageObject\",\"inLanguage\":\"en-GB\",\"@id\":\"https:\\\/\\\/www.lecercle-boxing.com\\\/accueil__trashed\\\/comment-trouver-une-bonne-salle-de-sport-a-paris\\\/#primaryimage\",\"url\":\"https:\\\/\\\/www.lecercle-boxing.com\\\/wp-content\\\/uploads\\\/2020\\\/07\\\/AoFpTaYw-1024x683.jpeg\",\"contentUrl\":\"https:\\\/\\\/www.lecercle-boxing.com\\\/wp-content\\\/uploads\\\/2020\\\/07\\\/AoFpTaYw-1024x683.jpeg\"},{\"@type\":\"BreadcrumbList\",\"@id\":\"https:\\\/\\\/www.lecercle-boxing.com\\\/accueil__trashed\\\/comment-trouver-une-bonne-salle-de-sport-a-paris\\\/#breadcrumb\",\"itemListElement\":[{\"@type\":\"ListItem\",\"position\":1,\"name\":\"Accueil\",\"item\":\"https:\\\/\\\/www.lecercle-boxing.com\\\/\"},{\"@type\":\"ListItem\",\"position\":2,\"name\":\"Comment trouver une bonne salle de sport \u00e0 Paris ?\"}]},{\"@type\":\"WebSite\",\"@id\":\"https:\\\/\\\/www.lecercle-boxing.com\\\/#website\",\"url\":\"https:\\\/\\\/www.lecercle-boxing.com\\\/\",\"name\":\"Club de boxe Paris - Bootcamp Boxing Club - Le Cercle Boxing\",\"description\":\"10 rounds, 6 coups, 2 poings, 0 exp\u00e9rience n\u00e9cessaire\",\"potentialAction\":[{\"@type\":\"SearchAction\",\"target\":{\"@type\":\"EntryPoint\",\"urlTemplate\":\"https:\\\/\\\/www.lecercle-boxing.com\\\/?s={search_term_string}\"},\"query-input\":{\"@type\":\"PropertyValueSpecification\",\"valueRequired\":true,\"valueName\":\"search_term_string\"}}],\"inLanguage\":\"en-GB\"}]}<\/script>\n<!-- \/ Yoast SEO plugin. -->","yoast_head_json":{"title":"How to find a good gym in Paris?","description":"Vous \u00eates motiv\u00e9(e) mais vous avez du mal \u00e0 trouver la salle de sport qui vous correspond ? Petit r\u00e9capitulatif de comment trouver la salle parfaite !","robots":{"index":"index","follow":"follow","max-snippet":"max-snippet:-1","max-image-preview":"max-image-preview:large","max-video-preview":"max-video-preview:-1"},"canonical":"https:\/\/www.lecercle-boxing.com\/en\/accueil__trashed\/comment-trouver-une-bonne-salle-de-sport-a-paris\/","og_locale":"en_GB","og_type":"article","og_title":"Comment trouver une bonne salle de sport \u00e0 Paris ?","og_description":"Vous \u00eates motiv\u00e9(e) mais vous avez du mal \u00e0 trouver la salle de sport qui vous correspond ? Petit r\u00e9capitulatif de comment trouver la salle parfaite !","og_url":"https:\/\/www.lecercle-boxing.com\/en\/accueil__trashed\/comment-trouver-une-bonne-salle-de-sport-a-paris\/","og_site_name":"Club de boxe Paris - Bootcamp Boxing Club - Le Cercle Boxing","article_modified_time":"2023-03-23T11:53:16+00:00","og_image":[{"url":"https:\/\/www.lecercle-boxing.com\/wp-content\/uploads\/2020\/07\/AoFpTaYw-1024x683.jpeg","type":"","width":"","height":""}],"twitter_card":"summary_large_image","twitter_misc":{"Estimated reading time":"3 minutes"},"schema":{"@context":"https:\/\/schema.org","@graph":[{"@type":"WebPage","@id":"https:\/\/www.lecercle-boxing.com\/accueil__trashed\/comment-trouver-une-bonne-salle-de-sport-a-paris\/","url":"https:\/\/www.lecercle-boxing.com\/accueil__trashed\/comment-trouver-une-bonne-salle-de-sport-a-paris\/","name":"How to find a good gym in Paris?","isPartOf":{"@id":"https:\/\/www.lecercle-boxing.com\/#website"},"primaryImageOfPage":{"@id":"https:\/\/www.lecercle-boxing.com\/accueil__trashed\/comment-trouver-une-bonne-salle-de-sport-a-paris\/#primaryimage"},"image":{"@id":"https:\/\/www.lecercle-boxing.com\/accueil__trashed\/comment-trouver-une-bonne-salle-de-sport-a-paris\/#primaryimage"},"thumbnailUrl":"https:\/\/www.lecercle-boxing.com\/wp-content\/uploads\/2020\/07\/AoFpTaYw-1024x683.jpeg","datePublished":"2020-08-06T08:10:34+00:00","dateModified":"2023-03-23T11:53:16+00:00","description":"Vous \u00eates motiv\u00e9(e) mais vous avez du mal \u00e0 trouver la salle de sport qui vous correspond ? Petit r\u00e9capitulatif de comment trouver la salle parfaite !","breadcrumb":{"@id":"https:\/\/www.lecercle-boxing.com\/accueil__trashed\/comment-trouver-une-bonne-salle-de-sport-a-paris\/#breadcrumb"},"inLanguage":"en-GB","potentialAction":[{"@type":"ReadAction","target":["https:\/\/www.lecercle-boxing.com\/accueil__trashed\/comment-trouver-une-bonne-salle-de-sport-a-paris\/"]}]},{"@type":"ImageObject","inLanguage":"en-GB","@id":"https:\/\/www.lecercle-boxing.com\/accueil__trashed\/comment-trouver-une-bonne-salle-de-sport-a-paris\/#primaryimage","url":"https:\/\/www.lecercle-boxing.com\/wp-content\/uploads\/2020\/07\/AoFpTaYw-1024x683.jpeg","contentUrl":"https:\/\/www.lecercle-boxing.com\/wp-content\/uploads\/2020\/07\/AoFpTaYw-1024x683.jpeg"},{"@type":"BreadcrumbList","@id":"https:\/\/www.lecercle-boxing.com\/accueil__trashed\/comment-trouver-une-bonne-salle-de-sport-a-paris\/#breadcrumb","itemListElement":[{"@type":"ListItem","position":1,"name":"Accueil","item":"https:\/\/www.lecercle-boxing.com\/"},{"@type":"ListItem","position":2,"name":"Comment trouver une bonne salle de sport \u00e0 Paris ?"}]},{"@type":"WebSite","@id":"https:\/\/www.lecercle-boxing.com\/#website","url":"https:\/\/www.lecercle-boxing.com\/","name":"Paris Boxing Club - Bootcamp Boxing Club - Le Cercle Boxing","description":"10 rounds, 6 hits, 2 punches, 0 experience needed","potentialAction":[{"@type":"SearchAction","target":{"@type":"EntryPoint","urlTemplate":"https:\/\/www.lecercle-boxing.com\/?s={search_term_string}"},"query-input":{"@type":"PropertyValueSpecification","valueRequired":true,"valueName":"search_term_string"}}],"inLanguage":"en-GB"}]}},"publishpress_future_action":{"enabled":false,"date":"2026-05-09 02:21:14","action":"change-status","newStatus":"draft","terms":[],"taxonomy":"","extraData":[]},"publishpress_future_workflow_manual_trigger":{"enabledWorkflows":[]},"_links":{"self":[{"href":"https:\/\/www.lecercle-boxing.com\/en\/wp-json\/wp\/v2\/pages\/3539","targetHints":{"allow":["GET"]}}],"collection":[{"href":"https:\/\/www.lecercle-boxing.com\/en\/wp-json\/wp\/v2\/pages"}],"about":[{"href":"https:\/\/www.lecercle-boxing.com\/en\/wp-json\/wp\/v2\/types\/page"}],"author":[{"embeddable":true,"href":"https:\/\/www.lecercle-boxing.com\/en\/wp-json\/wp\/v2\/users\/24"}],"replies":[{"embeddable":true,"href":"https:\/\/www.lecercle-boxing.com\/en\/wp-json\/wp\/v2\/comments?post=3539"}],"version-history":[{"count":6,"href":"https:\/\/www.lecercle-boxing.com\/en\/wp-json\/wp\/v2\/pages\/3539\/revisions"}],"predecessor-version":[{"id":17501,"href":"https:\/\/www.lecercle-boxing.com\/en\/wp-json\/wp\/v2\/pages\/3539\/revisions\/17501"}],"wp:attachment":[{"href":"https:\/\/www.lecercle-boxing.com\/en\/wp-json\/wp\/v2\/media?parent=3539"}],"curies":[{"name":"wp","href":"https:\/\/api.w.org\/{rel}","templated":true}]}}