{"id":3482,"date":"2020-07-30T14:33:06","date_gmt":"2020-07-30T12:33:06","guid":{"rendered":"https:\/\/www.lecercle-boxing.com\/?page_id=3482"},"modified":"2023-03-23T13:55:36","modified_gmt":"2023-03-23T12:55:36","slug":"trouver-salle-sport-pas-chere","status":"publish","type":"page","link":"https:\/\/www.lecercle-boxing.com\/en\/trouver-salle-sport-pas-chere\/","title":{"rendered":"Comment trouver une salle de sport pas ch\u00e8re ?"},"content":{"rendered":"<div data-elementor-type=\"wp-post\" data-elementor-id=\"3482\" class=\"elementor elementor-3482\" data-elementor-post-type=\"page\">\n\t\t\t\t\t\t<section class=\"elementor-section elementor-top-section elementor-element elementor-element-5fc3029 elementor-section-boxed elementor-section-height-default elementor-section-height-default\" data-id=\"5fc3029\" data-element_type=\"section\" data-e-type=\"section\">\n\t\t\t\t\t\t<div class=\"elementor-container elementor-column-gap-default\">\n\t\t\t\t\t<div class=\"elementor-column elementor-col-100 elementor-top-column elementor-element elementor-element-72ce281\" data-id=\"72ce281\" data-element_type=\"column\" data-e-type=\"column\">\n\t\t\t<div class=\"elementor-widget-wrap elementor-element-populated\">\n\t\t\t\t\t\t<div class=\"elementor-element elementor-element-fea1bd1 elementor-widget elementor-widget-text-editor\" data-id=\"fea1bd1\" data-element_type=\"widget\" data-e-type=\"widget\" data-widget_type=\"text-editor.default\">\n\t\t\t\t<div class=\"elementor-widget-container\">\n\t\t\t\t\t\t\t\t\t<h1>Choosing an inexpensive gym<\/h1><p style=\"caret-color: #000000; color: #000000; text-align: start;\"><img fetchpriority=\"high\" decoding=\"async\" class=\"aligncenter wp-image-3465 size-large\" src=\"https:\/\/www.lecercle-boxing.com\/wp-content\/uploads\/2020\/07\/3kKp9urw-1024x683.jpeg\" alt=\"salle de boxe avec des benchs et des bags\" width=\"800\" height=\"534\" srcset=\"https:\/\/www.lecercle-boxing.com\/wp-content\/uploads\/2020\/07\/3kKp9urw-1024x683.jpeg 1024w, https:\/\/www.lecercle-boxing.com\/wp-content\/uploads\/2020\/07\/3kKp9urw-300x200.jpeg 300w, https:\/\/www.lecercle-boxing.com\/wp-content\/uploads\/2020\/07\/3kKp9urw-768x512.jpeg 768w, https:\/\/www.lecercle-boxing.com\/wp-content\/uploads\/2020\/07\/3kKp9urw-1200x800.jpeg 1200w\" sizes=\"(max-width: 800px) 100vw, 800px\" \/><\/p><div class=\"page\" title=\"Page 1\"><div class=\"section\"><div class=\"layoutArea\"><div class=\"column\"><p>You choose your gym taking into account several criteria: the location, the quality of the equipment, the proximity to your home, your job or your favorite bar, the atmosphere and finally, last but not least, the prices. If this last criterion is so important, it is because subscription prices can double, or even triple, from one gym to another, depending on the service offered. Are you hesitating between a high-end gym and a low-cost club? We help you make your choice.<\/p><h2>What is the difference between high-end gym and cheap gym?<\/h2><h3>Bodybuilding machines<\/h3><p>The prices of gym subscriptions depend in particular on the space offered, but also on<strong> the quality of the services offered and the equipment<\/strong>. A <strong>high-end gym<\/strong> makes available to its members <strong>recent, high-quality bodybuilding machines<\/strong>, in other words the cream of the crop! Rest assured, the equipment of<strong> low-cost gyms<\/strong> are not necessarily low-end, nor at the end of their career, but the overall service will not be equivalent. To benefit from all the additional services and equipment, it is often necessary <strong>pay extra<\/strong>.<\/p><h3>Prices for gym memberships<\/h3><p><strong>Prices for a cheap gym generally vary between \u20ac15\/month<\/strong> (limited access to machines, off-peak hours, paid options, etc.) <strong>and 40\u20ac\/month<\/strong> (no restrictions). <strong>High-end gyms<\/strong>, for their part, offer their members <strong>a premium service<\/strong> and put everything at their disposal. <strong>Subscription prices<\/strong>, necessarily higher, <strong>range between \u20ac70 and \u20ac300\/month<\/strong>, for the most exclusive sports halls in Paris.<\/p><h2>Comment choisir entre le \u00ab\u00a0pas cher\u00a0\u00bb et le haut de gamme ?<\/h2><h3>If you prefer the price of the gym<\/h3><p><strong>The prices of low-cost gyms are unbeatable and adapt to all budgets<\/strong>. This choice will suit you if you are only looking for a place <strong>where to play sports and access machines<\/strong>. No more no less. Unless you opt for the most expensive plan, or pay for the options. Likewise, in low-cost formulas,<strong> group classes are virtual<\/strong>, broadcast on a screen (no, no hologram on the program\u2026). Here again, you will have to pay extra to attend physical training with a coach.<\/p><\/div><\/div><\/div><\/div><div class=\"page\" title=\"Page 2\"><div class=\"section\"><div class=\"layoutArea\"><div class=\"column\"><h3>If you prioritize the quality of the gym<\/h3><p>Are you looking to experience a <strong>real experience<\/strong> ? You wish <strong>be followed and benefit from the best equipment<\/strong> that is ? Instead, turn to <strong>a high-end gym<\/strong> !<\/p><p>Tempted by <strong>boxing and bootcamp<\/strong> ? At <a href=\"https:\/\/www.lecercle-boxing.com\/en\/\" target=\"_blank\" rel=\"noopener\">boxing studio du Cercle<\/a>, in Paris, the price of your subscription does not depend on the options selected, since everything is included, but on the frequency of your sessions:<\/p><ul><li>4 sessions per month = \u20ac79\/month<\/li><li>6 sessions per month = \u20ac99\/month<\/li><li>Unlimited = \u20ac149\/month<\/li><\/ul><p>To these\u00a0<a href=\"https:\/\/www.lecercle-boxing.com\/en\/pricing-page\/\" target=\"_blank\" rel=\"noopener\">pricing page.<\/a>, we guarantee you <strong>explosive sweat boxing workouts<\/strong>, of the\u00a0<a href=\"https:\/\/www.lecercle-boxing.com\/en\/presentation-coaches\/\" target=\"_blank\" rel=\"noopener\">overmotivated coaches<\/a>\u00a0(In the flesh), <strong>quality equipment<\/strong>, super stylish gloves, lockers and products to smell good after the shower. The good atmosphere and the (smiles) are a gift!<\/p><\/div><\/div><\/div><\/div>\t\t\t\t\t\t\t\t<\/div>\n\t\t\t\t<\/div>\n\t\t\t\t\t<\/div>\n\t\t<\/div>\n\t\t\t\t\t<\/div>\n\t\t<\/section>\n\t\t\t\t<\/div>","protected":false},"excerpt":{"rendered":"<p>Choisir une salle de sport pas ch\u00e8re On choisit sa salle de sport en tenant compte de plusieurs crite\u0300res : le lieu, la qualite\u0301 des e\u0301quipements, la proximite\u0301 avec son chez soi, le boulot ou son bar pre\u0301fe\u0301re\u0301, l\u2019ambiance et enfin, last but not least, les tarifs. Si ce dernier crite\u0300re a autant d\u2019importance, c\u2019est [&hellip;]<\/p>\n","protected":false},"author":24,"featured_media":0,"parent":0,"menu_order":0,"comment_status":"closed","ping_status":"closed","template":"","meta":{"_acf_changed":false,"footnotes":""},"class_list":["post-3482","page","type-page","status-publish","hentry"],"acf":[],"yoast_head":"<!-- This site is optimized with the Yoast SEO plugin v27.6 - https:\/\/yoast.com\/product\/yoast-seo-wordpress\/ -->\n<title>Choisir une salle de sport pas ch\u00e8re - LE CERCLE BOXING<\/title>\n<meta name=\"description\" content=\"Choisir sa salle de sport n&#039;est jamais facile. De nombreux crit\u00e8res d\u00e9finissent cette d\u00e9cision tels que le lieu, l&#039;ambiance et forc\u00e9ment les tarifs.\" \/>\n<meta name=\"robots\" content=\"index, follow, max-snippet:-1, max-image-preview:large, max-video-preview:-1\" \/>\n<link rel=\"canonical\" href=\"https:\/\/www.lecercle-boxing.com\/en\/accueil__trashed\/trouver-salle-sport-pas-chere\/\" \/>\n<meta property=\"og:locale\" content=\"en_GB\" \/>\n<meta property=\"og:type\" content=\"article\" \/>\n<meta property=\"og:title\" content=\"Choisir une salle de sport pas ch\u00e8re - LE CERCLE BOXING\" \/>\n<meta property=\"og:description\" content=\"Choisir sa salle de sport n&#039;est jamais facile. De nombreux crit\u00e8res d\u00e9finissent cette d\u00e9cision tels que le lieu, l&#039;ambiance et forc\u00e9ment les tarifs.\" \/>\n<meta property=\"og:url\" content=\"https:\/\/www.lecercle-boxing.com\/en\/accueil__trashed\/trouver-salle-sport-pas-chere\/\" \/>\n<meta property=\"og:site_name\" content=\"Club de boxe Paris - Bootcamp Boxing Club - Le Cercle Boxing\" \/>\n<meta property=\"article:modified_time\" content=\"2023-03-23T12:55:36+00:00\" \/>\n<meta property=\"og:image\" content=\"https:\/\/www.lecercle-boxing.com\/wp-content\/uploads\/2020\/07\/3kKp9urw-1024x683.jpeg\" \/>\n<meta name=\"twitter:card\" content=\"summary_large_image\" \/>\n<meta name=\"twitter:label1\" content=\"Estimated reading time\" \/>\n\t<meta name=\"twitter:data1\" content=\"3 minutes\" \/>\n<script type=\"application\/ld+json\" class=\"yoast-schema-graph\">{\"@context\":\"https:\\\/\\\/schema.org\",\"@graph\":[{\"@type\":\"WebPage\",\"@id\":\"https:\\\/\\\/www.lecercle-boxing.com\\\/accueil__trashed\\\/trouver-salle-sport-pas-chere\\\/\",\"url\":\"https:\\\/\\\/www.lecercle-boxing.com\\\/accueil__trashed\\\/trouver-salle-sport-pas-chere\\\/\",\"name\":\"Choisir une salle de sport pas ch\u00e8re - LE CERCLE BOXING\",\"isPartOf\":{\"@id\":\"https:\\\/\\\/www.lecercle-boxing.com\\\/#website\"},\"primaryImageOfPage\":{\"@id\":\"https:\\\/\\\/www.lecercle-boxing.com\\\/accueil__trashed\\\/trouver-salle-sport-pas-chere\\\/#primaryimage\"},\"image\":{\"@id\":\"https:\\\/\\\/www.lecercle-boxing.com\\\/accueil__trashed\\\/trouver-salle-sport-pas-chere\\\/#primaryimage\"},\"thumbnailUrl\":\"https:\\\/\\\/www.lecercle-boxing.com\\\/wp-content\\\/uploads\\\/2020\\\/07\\\/3kKp9urw-1024x683.jpeg\",\"datePublished\":\"2020-07-30T12:33:06+00:00\",\"dateModified\":\"2023-03-23T12:55:36+00:00\",\"description\":\"Choisir sa salle de sport n'est jamais facile. De nombreux crit\u00e8res d\u00e9finissent cette d\u00e9cision tels que le lieu, l'ambiance et forc\u00e9ment les tarifs.\",\"breadcrumb\":{\"@id\":\"https:\\\/\\\/www.lecercle-boxing.com\\\/accueil__trashed\\\/trouver-salle-sport-pas-chere\\\/#breadcrumb\"},\"inLanguage\":\"en-GB\",\"potentialAction\":[{\"@type\":\"ReadAction\",\"target\":[\"https:\\\/\\\/www.lecercle-boxing.com\\\/accueil__trashed\\\/trouver-salle-sport-pas-chere\\\/\"]}]},{\"@type\":\"ImageObject\",\"inLanguage\":\"en-GB\",\"@id\":\"https:\\\/\\\/www.lecercle-boxing.com\\\/accueil__trashed\\\/trouver-salle-sport-pas-chere\\\/#primaryimage\",\"url\":\"https:\\\/\\\/www.lecercle-boxing.com\\\/wp-content\\\/uploads\\\/2020\\\/07\\\/3kKp9urw-1024x683.jpeg\",\"contentUrl\":\"https:\\\/\\\/www.lecercle-boxing.com\\\/wp-content\\\/uploads\\\/2020\\\/07\\\/3kKp9urw-1024x683.jpeg\"},{\"@type\":\"BreadcrumbList\",\"@id\":\"https:\\\/\\\/www.lecercle-boxing.com\\\/accueil__trashed\\\/trouver-salle-sport-pas-chere\\\/#breadcrumb\",\"itemListElement\":[{\"@type\":\"ListItem\",\"position\":1,\"name\":\"Accueil\",\"item\":\"https:\\\/\\\/www.lecercle-boxing.com\\\/\"},{\"@type\":\"ListItem\",\"position\":2,\"name\":\"Comment trouver une salle de sport pas ch\u00e8re ?\"}]},{\"@type\":\"WebSite\",\"@id\":\"https:\\\/\\\/www.lecercle-boxing.com\\\/#website\",\"url\":\"https:\\\/\\\/www.lecercle-boxing.com\\\/\",\"name\":\"Club de boxe Paris - Bootcamp Boxing Club - Le Cercle Boxing\",\"description\":\"10 rounds, 6 coups, 2 poings, 0 exp\u00e9rience n\u00e9cessaire\",\"potentialAction\":[{\"@type\":\"SearchAction\",\"target\":{\"@type\":\"EntryPoint\",\"urlTemplate\":\"https:\\\/\\\/www.lecercle-boxing.com\\\/?s={search_term_string}\"},\"query-input\":{\"@type\":\"PropertyValueSpecification\",\"valueRequired\":true,\"valueName\":\"search_term_string\"}}],\"inLanguage\":\"en-GB\"}]}<\/script>\n<!-- \/ Yoast SEO plugin. -->","yoast_head_json":{"title":"Choisir une salle de sport pas ch\u00e8re - LE CERCLE BOXING","description":"Choisir sa salle de sport n'est jamais facile. De nombreux crit\u00e8res d\u00e9finissent cette d\u00e9cision tels que le lieu, l'ambiance et forc\u00e9ment les tarifs.","robots":{"index":"index","follow":"follow","max-snippet":"max-snippet:-1","max-image-preview":"max-image-preview:large","max-video-preview":"max-video-preview:-1"},"canonical":"https:\/\/www.lecercle-boxing.com\/en\/accueil__trashed\/trouver-salle-sport-pas-chere\/","og_locale":"en_GB","og_type":"article","og_title":"Choisir une salle de sport pas ch\u00e8re - LE CERCLE BOXING","og_description":"Choisir sa salle de sport n'est jamais facile. De nombreux crit\u00e8res d\u00e9finissent cette d\u00e9cision tels que le lieu, l'ambiance et forc\u00e9ment les tarifs.","og_url":"https:\/\/www.lecercle-boxing.com\/en\/accueil__trashed\/trouver-salle-sport-pas-chere\/","og_site_name":"Club de boxe Paris - Bootcamp Boxing Club - Le Cercle Boxing","article_modified_time":"2023-03-23T12:55:36+00:00","og_image":[{"url":"https:\/\/www.lecercle-boxing.com\/wp-content\/uploads\/2020\/07\/3kKp9urw-1024x683.jpeg","type":"","width":"","height":""}],"twitter_card":"summary_large_image","twitter_misc":{"Estimated reading time":"3 minutes"},"schema":{"@context":"https:\/\/schema.org","@graph":[{"@type":"WebPage","@id":"https:\/\/www.lecercle-boxing.com\/accueil__trashed\/trouver-salle-sport-pas-chere\/","url":"https:\/\/www.lecercle-boxing.com\/accueil__trashed\/trouver-salle-sport-pas-chere\/","name":"Choisir une salle de sport pas ch\u00e8re - LE CERCLE BOXING","isPartOf":{"@id":"https:\/\/www.lecercle-boxing.com\/#website"},"primaryImageOfPage":{"@id":"https:\/\/www.lecercle-boxing.com\/accueil__trashed\/trouver-salle-sport-pas-chere\/#primaryimage"},"image":{"@id":"https:\/\/www.lecercle-boxing.com\/accueil__trashed\/trouver-salle-sport-pas-chere\/#primaryimage"},"thumbnailUrl":"https:\/\/www.lecercle-boxing.com\/wp-content\/uploads\/2020\/07\/3kKp9urw-1024x683.jpeg","datePublished":"2020-07-30T12:33:06+00:00","dateModified":"2023-03-23T12:55:36+00:00","description":"Choisir sa salle de sport n'est jamais facile. De nombreux crit\u00e8res d\u00e9finissent cette d\u00e9cision tels que le lieu, l'ambiance et forc\u00e9ment les tarifs.","breadcrumb":{"@id":"https:\/\/www.lecercle-boxing.com\/accueil__trashed\/trouver-salle-sport-pas-chere\/#breadcrumb"},"inLanguage":"en-GB","potentialAction":[{"@type":"ReadAction","target":["https:\/\/www.lecercle-boxing.com\/accueil__trashed\/trouver-salle-sport-pas-chere\/"]}]},{"@type":"ImageObject","inLanguage":"en-GB","@id":"https:\/\/www.lecercle-boxing.com\/accueil__trashed\/trouver-salle-sport-pas-chere\/#primaryimage","url":"https:\/\/www.lecercle-boxing.com\/wp-content\/uploads\/2020\/07\/3kKp9urw-1024x683.jpeg","contentUrl":"https:\/\/www.lecercle-boxing.com\/wp-content\/uploads\/2020\/07\/3kKp9urw-1024x683.jpeg"},{"@type":"BreadcrumbList","@id":"https:\/\/www.lecercle-boxing.com\/accueil__trashed\/trouver-salle-sport-pas-chere\/#breadcrumb","itemListElement":[{"@type":"ListItem","position":1,"name":"Accueil","item":"https:\/\/www.lecercle-boxing.com\/"},{"@type":"ListItem","position":2,"name":"Comment trouver une salle de sport pas ch\u00e8re ?"}]},{"@type":"WebSite","@id":"https:\/\/www.lecercle-boxing.com\/#website","url":"https:\/\/www.lecercle-boxing.com\/","name":"Paris Boxing Club - Bootcamp Boxing Club - Le Cercle Boxing","description":"10 rounds, 6 hits, 2 punches, 0 experience needed","potentialAction":[{"@type":"SearchAction","target":{"@type":"EntryPoint","urlTemplate":"https:\/\/www.lecercle-boxing.com\/?s={search_term_string}"},"query-input":{"@type":"PropertyValueSpecification","valueRequired":true,"valueName":"search_term_string"}}],"inLanguage":"en-GB"}]}},"publishpress_future_action":{"enabled":false,"date":"2026-05-24 14:12:18","action":"change-status","newStatus":"draft","terms":[],"taxonomy":"","extraData":[]},"publishpress_future_workflow_manual_trigger":{"enabledWorkflows":[]},"_links":{"self":[{"href":"https:\/\/www.lecercle-boxing.com\/en\/wp-json\/wp\/v2\/pages\/3482","targetHints":{"allow":["GET"]}}],"collection":[{"href":"https:\/\/www.lecercle-boxing.com\/en\/wp-json\/wp\/v2\/pages"}],"about":[{"href":"https:\/\/www.lecercle-boxing.com\/en\/wp-json\/wp\/v2\/types\/page"}],"author":[{"embeddable":true,"href":"https:\/\/www.lecercle-boxing.com\/en\/wp-json\/wp\/v2\/users\/24"}],"replies":[{"embeddable":true,"href":"https:\/\/www.lecercle-boxing.com\/en\/wp-json\/wp\/v2\/comments?post=3482"}],"version-history":[{"count":4,"href":"https:\/\/www.lecercle-boxing.com\/en\/wp-json\/wp\/v2\/pages\/3482\/revisions"}],"predecessor-version":[{"id":17504,"href":"https:\/\/www.lecercle-boxing.com\/en\/wp-json\/wp\/v2\/pages\/3482\/revisions\/17504"}],"wp:attachment":[{"href":"https:\/\/www.lecercle-boxing.com\/en\/wp-json\/wp\/v2\/media?parent=3482"}],"curies":[{"name":"wp","href":"https:\/\/api.w.org\/{rel}","templated":true}]}}