{"id":3450,"date":"2020-09-15T10:00:27","date_gmt":"2020-09-15T08:00:27","guid":{"rendered":"https:\/\/www.lecercle-boxing.com\/?page_id=3450"},"modified":"2020-08-06T10:26:06","modified_gmt":"2020-08-06T08:26:06","slug":"clubs-salles-sport-paris","status":"publish","type":"page","link":"https:\/\/www.lecercle-boxing.com\/en\/clubs-salles-sport-paris\/","title":{"rendered":"Quels clubs et salles de sport choisir \u00e0 Paris ?"},"content":{"rendered":"<div data-elementor-type=\"wp-post\" data-elementor-id=\"3450\" class=\"elementor elementor-3450\" data-elementor-post-type=\"page\">\n\t\t\t\t\t\t<section class=\"elementor-section elementor-top-section elementor-element elementor-element-5fc3029 elementor-section-boxed elementor-section-height-default elementor-section-height-default\" data-id=\"5fc3029\" data-element_type=\"section\" data-e-type=\"section\">\n\t\t\t\t\t\t<div class=\"elementor-container elementor-column-gap-default\">\n\t\t\t\t\t<div class=\"elementor-column elementor-col-100 elementor-top-column elementor-element elementor-element-72ce281\" data-id=\"72ce281\" data-element_type=\"column\" data-e-type=\"column\">\n\t\t\t<div class=\"elementor-widget-wrap elementor-element-populated\">\n\t\t\t\t\t\t<div class=\"elementor-element elementor-element-fea1bd1 elementor-widget elementor-widget-text-editor\" data-id=\"fea1bd1\" data-element_type=\"widget\" data-e-type=\"widget\" data-widget_type=\"text-editor.default\">\n\t\t\t\t<div class=\"elementor-widget-container\">\n\t\t\t\t\t\t\t\t\t<h1>Clubs and gyms in Paris<\/h1>\n<p style=\"caret-color: #000000; color: #000000; text-align: start;\"><img fetchpriority=\"high\" decoding=\"async\" class=\"alignnone size-large wp-image-3452\" src=\"https:\/\/www.lecercle-boxing.com\/wp-content\/uploads\/2020\/07\/Dk_R8E9g-1024x683.jpeg\" alt=\"\" width=\"840\" height=\"560\" srcset=\"https:\/\/www.lecercle-boxing.com\/wp-content\/uploads\/2020\/07\/Dk_R8E9g-1024x683.jpeg 1024w, https:\/\/www.lecercle-boxing.com\/wp-content\/uploads\/2020\/07\/Dk_R8E9g-300x200.jpeg 300w, https:\/\/www.lecercle-boxing.com\/wp-content\/uploads\/2020\/07\/Dk_R8E9g-768x512.jpeg 768w, https:\/\/www.lecercle-boxing.com\/wp-content\/uploads\/2020\/07\/Dk_R8E9g-1200x800.jpeg 1200w, https:\/\/www.lecercle-boxing.com\/wp-content\/uploads\/2020\/07\/Dk_R8E9g.jpeg 1600w\" sizes=\"(max-width: 840px) 100vw, 840px\" \/><\/p>\n<div class=\"page\" title=\"Page 1\">\n<div class=\"section\">\n<div class=\"layoutArea\">\n<div class=\"column\">&nbsp;<\/div>\n<\/div>\n<\/div>\n<\/div>\n<div class=\"page\" title=\"Page 2\">\n<div class=\"section\">\n<div class=\"layoutArea\">\n<div class=\"column\">\n<div class=\"page\" title=\"Page 1\">\n<div class=\"section\">\n<div class=\"layoutArea\">\n<div class=\"column\">\n<p>You have the desire to play sports. All you have to do is find THE sports club near you or the job that will motivate you to put on your sneakers every week. We have good news and bad news to tell you. The good thing is that the capital is full of sports halls. There is something for all tastes, all levels and all budgets. The bad news is that we will have to make a choice. You can count on us to enlighten you in this ocean of possibilities. So, which sports club to train in Paris? And how much does it cost to subscribe?<\/p>\n<h2>How much does a gym membership cost?&nbsp;<\/h2>\n<p>Between <strong>a low cost gym<\/strong> and a club of <strong>posh sport in Paris<\/strong>, subscription prices are sometimes multiplied by 15. Yes, you read correctly. <strong>What justifies these price differences? The variety and quality of the services offered<\/strong>. The cheapest gyms in Paris mostly offer a very classic service, without a coach, under conditions and with paid options, from \u20ac10 per month. The most luxurious clubs offer a high-end, all-inclusive service, from \u20ac120 per month.<\/p>\n<p>Are you looking for a quality service in an intimate but not exclusive room? Training in an accessible sports club in Paris, while enjoying group classes and a coach in a pleasant setting, is also possible!<\/p>\n<h2>What are the sports clubs in Paris?<\/h2>\n<h3>Sports halls Paris 17<\/h3>\n<p><strong>Healthcity, the most versatile<\/strong><br><strong>Concept :<\/strong> group fitness, dance, yoga and bootcamp classes <strong>Price :<\/strong> from 89\u20ac per month<br><strong>Address :<\/strong> 71 Avenue des Ternes, 75017 Paris<\/p>\n<p><strong>Dynamo, the most radiant<\/strong> <strong>Concept :<\/strong> Indoor cycling<br><strong>Price :<\/strong> 125\u20ac for a pack of 5 sessions <strong>Address :<\/strong> 52 rue de Levis, 75017 Paris<\/p>\n<h3>Sports halls Paris 18<\/h3>\n<p><strong>Keep Cool Marcadet, the most accessible Concept:<\/strong> fitness club<br><strong>Price : <\/strong>from \u20ac34.90 per month<br><strong>Address :<\/strong> 237 Rue Marcadet, 75018 Paris<\/p>\n<\/div>\n<\/div>\n<\/div>\n<\/div>\n<div class=\"page\" title=\"Page 2\">\n<div class=\"section\">\n<div class=\"layoutArea\">\n<div class=\"column\">\n<p><strong>The Boxing Circle, the most fun<\/strong><br><strong>Concept :<\/strong> 50% boxing, 50% bootcamp<br><strong>Price :<\/strong> from 79\u20ac\/month<br><strong>Address :<\/strong> 6 rue de Clignancourt, 75018 Paris<\/p>\n<h3>Sports halls Paris 19<\/h3>\n<p><strong>Neoness, the most economical<\/strong><br><strong>Concept :<\/strong> fitness classes and machine sets<br><strong>Price :<\/strong> from 15\u20ac per month (access during off-peak hours and virtual lessons) + administration fee of 50\u20ac<br><strong>Address :<\/strong> 46 ter Rue de Meaux, 75019 Paris<\/p>\n<p><strong>Appart Fitness Bellevue, the coziest<\/strong><br><strong>Concept :<\/strong> group fitness classes<br><strong>Price :<\/strong> from \u20ac19.90 per month (access from 2 p.m. to 5 p.m.) or \u20ac49.90 per month<strong> Address :<\/strong> 12-14 Rue de Bellevue \u2013 75019 Paris<\/p>\n<h3>Sports halls Paris 10<\/h3>\n<p><strong>Les Ailes du Canal, the most feminine<\/strong><br><strong>Concept :<\/strong> fitness and core training studio 100% for women <strong>Price :<\/strong> 95\u20ac for a 5-class pass<br><strong>Address :<\/strong> 42, rue Albert Thomas, 75010 Paris<\/p>\n<p><strong>The Hot Air Balloon, the most chic<\/strong><br><strong>Concept :<\/strong> social sports club<br><strong>Price :<\/strong> 135\u20ac per month (under 28 years old) or 165\u20ac per month <strong>Address :<\/strong> 25 Rue Yves Toudic, 75010 Paris<\/p>\n<h2>Find a boxing gym in Paris&nbsp;<\/h2>\n<h3>Le Cercle, the sports club in your image?&nbsp;<\/h3>\n<p><strong>The studio of&nbsp;<\/strong><a href=\"https:\/\/www.lecercle-boxing.com\/en\/\" target=\"_blank\">Circle \u2013 Boxing<\/a><strong>&nbsp;in Paris, it&#039;s 250m2 of playground and a fiery atmosphere.<\/strong> At your disposal? Aqua-bags and boxing gloves for hitting hard and fitness benches for muscle strengthening. Without forgetting everything you need to take care of yourself at the end of the session (towels, quality beauty products, etc.)!<strong> Our 45-minute workouts alternate between non-combat boxing and bootcamp.<\/strong> And as a great philosopher (Rocky B.) would say, \u201cit\u2019s not over until the bell rings.\u201d<\/p>\n<p>At the Cercle studio, we forget everything, even taking ourselves seriously! <a href=\"https:\/\/www.lecercle-boxing.com\/en\/lecercle-concept\/\" target=\"_blank\" rel=\"noopener\">The objective?<\/a><strong>&nbsp;Work out, let off steam and have a good time<\/strong>. So, if the desire to put on boxing gloves tickles you, even for the first time, enter the round and meet&nbsp;<a href=\"https:\/\/www.lecercle-boxing.com\/en\/presentation-coaches\/\" target=\"_blank\" rel=\"noopener\">our (super) coaches<\/a>&nbsp;!<\/p>\n<\/div>\n<\/div>\n<\/div>\n<\/div>\n<\/div>\n<\/div>\n<\/div>\n<\/div>\t\t\t\t\t\t\t\t<\/div>\n\t\t\t\t<\/div>\n\t\t\t\t\t<\/div>\n\t\t<\/div>\n\t\t\t\t\t<\/div>\n\t\t<\/section>\n\t\t\t\t<\/div>","protected":false},"excerpt":{"rendered":"<p>Clubs et salles de sport \u00e0 Paris &nbsp; La volont\u00e9 de faire du sport, vous l\u2019avez. Il ne vous reste plus qu\u2019\u00e0 trouver LE club de sport pr\u00e8s de chez vous ou du boulot qui vous motivera \u00e0 enfiler vos baskets chaque semaine. On a une bonne et une mauvaise nouvelle \u00e0 vous annoncer. La [&hellip;]<\/p>\n","protected":false},"author":24,"featured_media":0,"parent":0,"menu_order":0,"comment_status":"closed","ping_status":"closed","template":"","meta":{"_acf_changed":false,"footnotes":""},"class_list":["post-3450","page","type-page","status-publish","hentry"],"acf":[],"yoast_head":"<!-- This site is optimized with the Yoast SEO plugin v27.5 - https:\/\/yoast.com\/product\/yoast-seo-wordpress\/ -->\n<title>Clubs et salles de sport \u00e0 Paris, comment faire son choix ?<\/title>\n<meta name=\"description\" content=\"Paris regorge de clubs &amp; salles de sport. Il y en a pour tous les go\u00fbts, tous les niveaux et toutes les bourses. On vous propose une liste de nos pr\u00e9f\u00e9r\u00e9s !\" \/>\n<meta name=\"robots\" content=\"index, follow, max-snippet:-1, max-image-preview:large, max-video-preview:-1\" \/>\n<link rel=\"canonical\" href=\"https:\/\/www.lecercle-boxing.com\/en\/accueil__trashed\/clubs-salles-sport-paris\/\" \/>\n<meta property=\"og:locale\" content=\"en_GB\" \/>\n<meta property=\"og:type\" content=\"article\" \/>\n<meta property=\"og:title\" content=\"Clubs et salles de sport \u00e0 Paris, comment faire son choix ?\" \/>\n<meta property=\"og:description\" content=\"Paris regorge de clubs &amp; salles de sport. Il y en a pour tous les go\u00fbts, tous les niveaux et toutes les bourses. On vous propose une liste de nos pr\u00e9f\u00e9r\u00e9s !\" \/>\n<meta property=\"og:url\" content=\"https:\/\/www.lecercle-boxing.com\/en\/accueil__trashed\/clubs-salles-sport-paris\/\" \/>\n<meta property=\"og:site_name\" content=\"Club de boxe Paris - Bootcamp Boxing Club - Le Cercle Boxing\" \/>\n<meta property=\"og:image\" content=\"https:\/\/www.lecercle-boxing.com\/wp-content\/uploads\/2020\/07\/Dk_R8E9g-1024x683.jpeg\" \/>\n<meta name=\"twitter:card\" content=\"summary_large_image\" \/>\n<meta name=\"twitter:label1\" content=\"Estimated reading time\" \/>\n\t<meta name=\"twitter:data1\" content=\"3 minutes\" \/>\n<script type=\"application\/ld+json\" class=\"yoast-schema-graph\">{\"@context\":\"https:\\\/\\\/schema.org\",\"@graph\":[{\"@type\":\"WebPage\",\"@id\":\"https:\\\/\\\/www.lecercle-boxing.com\\\/accueil__trashed\\\/clubs-salles-sport-paris\\\/\",\"url\":\"https:\\\/\\\/www.lecercle-boxing.com\\\/accueil__trashed\\\/clubs-salles-sport-paris\\\/\",\"name\":\"Clubs et salles de sport \u00e0 Paris, comment faire son choix ?\",\"isPartOf\":{\"@id\":\"https:\\\/\\\/www.lecercle-boxing.com\\\/#website\"},\"primaryImageOfPage\":{\"@id\":\"https:\\\/\\\/www.lecercle-boxing.com\\\/accueil__trashed\\\/clubs-salles-sport-paris\\\/#primaryimage\"},\"image\":{\"@id\":\"https:\\\/\\\/www.lecercle-boxing.com\\\/accueil__trashed\\\/clubs-salles-sport-paris\\\/#primaryimage\"},\"thumbnailUrl\":\"https:\\\/\\\/www.lecercle-boxing.com\\\/wp-content\\\/uploads\\\/2020\\\/07\\\/Dk_R8E9g-1024x683.jpeg\",\"datePublished\":\"2020-09-15T08:00:27+00:00\",\"description\":\"Paris regorge de clubs & salles de sport. Il y en a pour tous les go\u00fbts, tous les niveaux et toutes les bourses. On vous propose une liste de nos pr\u00e9f\u00e9r\u00e9s !\",\"breadcrumb\":{\"@id\":\"https:\\\/\\\/www.lecercle-boxing.com\\\/accueil__trashed\\\/clubs-salles-sport-paris\\\/#breadcrumb\"},\"inLanguage\":\"en-GB\",\"potentialAction\":[{\"@type\":\"ReadAction\",\"target\":[\"https:\\\/\\\/www.lecercle-boxing.com\\\/accueil__trashed\\\/clubs-salles-sport-paris\\\/\"]}]},{\"@type\":\"ImageObject\",\"inLanguage\":\"en-GB\",\"@id\":\"https:\\\/\\\/www.lecercle-boxing.com\\\/accueil__trashed\\\/clubs-salles-sport-paris\\\/#primaryimage\",\"url\":\"https:\\\/\\\/www.lecercle-boxing.com\\\/wp-content\\\/uploads\\\/2020\\\/07\\\/Dk_R8E9g-1024x683.jpeg\",\"contentUrl\":\"https:\\\/\\\/www.lecercle-boxing.com\\\/wp-content\\\/uploads\\\/2020\\\/07\\\/Dk_R8E9g-1024x683.jpeg\"},{\"@type\":\"BreadcrumbList\",\"@id\":\"https:\\\/\\\/www.lecercle-boxing.com\\\/accueil__trashed\\\/clubs-salles-sport-paris\\\/#breadcrumb\",\"itemListElement\":[{\"@type\":\"ListItem\",\"position\":1,\"name\":\"Accueil\",\"item\":\"https:\\\/\\\/www.lecercle-boxing.com\\\/\"},{\"@type\":\"ListItem\",\"position\":2,\"name\":\"Quels clubs et salles de sport choisir \u00e0 Paris ?\"}]},{\"@type\":\"WebSite\",\"@id\":\"https:\\\/\\\/www.lecercle-boxing.com\\\/#website\",\"url\":\"https:\\\/\\\/www.lecercle-boxing.com\\\/\",\"name\":\"Club de boxe Paris - Bootcamp Boxing Club - Le Cercle Boxing\",\"description\":\"10 rounds, 6 coups, 2 poings, 0 exp\u00e9rience n\u00e9cessaire\",\"potentialAction\":[{\"@type\":\"SearchAction\",\"target\":{\"@type\":\"EntryPoint\",\"urlTemplate\":\"https:\\\/\\\/www.lecercle-boxing.com\\\/?s={search_term_string}\"},\"query-input\":{\"@type\":\"PropertyValueSpecification\",\"valueRequired\":true,\"valueName\":\"search_term_string\"}}],\"inLanguage\":\"en-GB\"}]}<\/script>\n<!-- \/ Yoast SEO plugin. -->","yoast_head_json":{"title":"Clubs et salles de sport \u00e0 Paris, comment faire son choix ?","description":"Paris regorge de clubs & salles de sport. Il y en a pour tous les go\u00fbts, tous les niveaux et toutes les bourses. On vous propose une liste de nos pr\u00e9f\u00e9r\u00e9s !","robots":{"index":"index","follow":"follow","max-snippet":"max-snippet:-1","max-image-preview":"max-image-preview:large","max-video-preview":"max-video-preview:-1"},"canonical":"https:\/\/www.lecercle-boxing.com\/en\/accueil__trashed\/clubs-salles-sport-paris\/","og_locale":"en_GB","og_type":"article","og_title":"Clubs et salles de sport \u00e0 Paris, comment faire son choix ?","og_description":"Paris regorge de clubs & salles de sport. Il y en a pour tous les go\u00fbts, tous les niveaux et toutes les bourses. On vous propose une liste de nos pr\u00e9f\u00e9r\u00e9s !","og_url":"https:\/\/www.lecercle-boxing.com\/en\/accueil__trashed\/clubs-salles-sport-paris\/","og_site_name":"Club de boxe Paris - Bootcamp Boxing Club - Le Cercle Boxing","og_image":[{"url":"https:\/\/www.lecercle-boxing.com\/wp-content\/uploads\/2020\/07\/Dk_R8E9g-1024x683.jpeg","type":"","width":"","height":""}],"twitter_card":"summary_large_image","twitter_misc":{"Estimated reading time":"3 minutes"},"schema":{"@context":"https:\/\/schema.org","@graph":[{"@type":"WebPage","@id":"https:\/\/www.lecercle-boxing.com\/accueil__trashed\/clubs-salles-sport-paris\/","url":"https:\/\/www.lecercle-boxing.com\/accueil__trashed\/clubs-salles-sport-paris\/","name":"Clubs et salles de sport \u00e0 Paris, comment faire son choix ?","isPartOf":{"@id":"https:\/\/www.lecercle-boxing.com\/#website"},"primaryImageOfPage":{"@id":"https:\/\/www.lecercle-boxing.com\/accueil__trashed\/clubs-salles-sport-paris\/#primaryimage"},"image":{"@id":"https:\/\/www.lecercle-boxing.com\/accueil__trashed\/clubs-salles-sport-paris\/#primaryimage"},"thumbnailUrl":"https:\/\/www.lecercle-boxing.com\/wp-content\/uploads\/2020\/07\/Dk_R8E9g-1024x683.jpeg","datePublished":"2020-09-15T08:00:27+00:00","description":"Paris regorge de clubs & salles de sport. Il y en a pour tous les go\u00fbts, tous les niveaux et toutes les bourses. On vous propose une liste de nos pr\u00e9f\u00e9r\u00e9s !","breadcrumb":{"@id":"https:\/\/www.lecercle-boxing.com\/accueil__trashed\/clubs-salles-sport-paris\/#breadcrumb"},"inLanguage":"en-GB","potentialAction":[{"@type":"ReadAction","target":["https:\/\/www.lecercle-boxing.com\/accueil__trashed\/clubs-salles-sport-paris\/"]}]},{"@type":"ImageObject","inLanguage":"en-GB","@id":"https:\/\/www.lecercle-boxing.com\/accueil__trashed\/clubs-salles-sport-paris\/#primaryimage","url":"https:\/\/www.lecercle-boxing.com\/wp-content\/uploads\/2020\/07\/Dk_R8E9g-1024x683.jpeg","contentUrl":"https:\/\/www.lecercle-boxing.com\/wp-content\/uploads\/2020\/07\/Dk_R8E9g-1024x683.jpeg"},{"@type":"BreadcrumbList","@id":"https:\/\/www.lecercle-boxing.com\/accueil__trashed\/clubs-salles-sport-paris\/#breadcrumb","itemListElement":[{"@type":"ListItem","position":1,"name":"Accueil","item":"https:\/\/www.lecercle-boxing.com\/"},{"@type":"ListItem","position":2,"name":"Quels clubs et salles de sport choisir \u00e0 Paris ?"}]},{"@type":"WebSite","@id":"https:\/\/www.lecercle-boxing.com\/#website","url":"https:\/\/www.lecercle-boxing.com\/","name":"Paris Boxing Club - Bootcamp Boxing Club - Le Cercle Boxing","description":"10 rounds, 6 hits, 2 punches, 0 experience needed","potentialAction":[{"@type":"SearchAction","target":{"@type":"EntryPoint","urlTemplate":"https:\/\/www.lecercle-boxing.com\/?s={search_term_string}"},"query-input":{"@type":"PropertyValueSpecification","valueRequired":true,"valueName":"search_term_string"}}],"inLanguage":"en-GB"}]}},"publishpress_future_action":{"enabled":false,"date":"2026-05-10 18:15:20","action":"change-status","newStatus":"draft","terms":[],"taxonomy":"","extraData":[]},"publishpress_future_workflow_manual_trigger":{"enabledWorkflows":[]},"_links":{"self":[{"href":"https:\/\/www.lecercle-boxing.com\/en\/wp-json\/wp\/v2\/pages\/3450","targetHints":{"allow":["GET"]}}],"collection":[{"href":"https:\/\/www.lecercle-boxing.com\/en\/wp-json\/wp\/v2\/pages"}],"about":[{"href":"https:\/\/www.lecercle-boxing.com\/en\/wp-json\/wp\/v2\/types\/page"}],"author":[{"embeddable":true,"href":"https:\/\/www.lecercle-boxing.com\/en\/wp-json\/wp\/v2\/users\/24"}],"replies":[{"embeddable":true,"href":"https:\/\/www.lecercle-boxing.com\/en\/wp-json\/wp\/v2\/comments?post=3450"}],"version-history":[{"count":0,"href":"https:\/\/www.lecercle-boxing.com\/en\/wp-json\/wp\/v2\/pages\/3450\/revisions"}],"wp:attachment":[{"href":"https:\/\/www.lecercle-boxing.com\/en\/wp-json\/wp\/v2\/media?parent=3450"}],"curies":[{"name":"wp","href":"https:\/\/api.w.org\/{rel}","templated":true}]}}