{"id":23805,"date":"2024-06-04T16:48:05","date_gmt":"2024-06-04T14:48:05","guid":{"rendered":"https:\/\/www.lecercle-boxing.com\/?page_id=23805"},"modified":"2025-05-05T11:04:34","modified_gmt":"2025-05-05T09:04:34","slug":"discover-sanctuary","status":"publish","type":"page","link":"https:\/\/www.lecercle-boxing.com\/en\/discover-sanctuary\/","title":{"rendered":"Sanctuary"},"content":{"rendered":"<div data-elementor-type=\"wp-page\" data-elementor-id=\"23805\" class=\"elementor elementor-23805\" data-elementor-post-type=\"page\">\n\t\t\t\t\t\t<section class=\"elementor-section elementor-top-section elementor-element elementor-element-c26c4f7 elementor-section-height-min-height elementor-section-full_width elementor-hidden-mobile elementor-section-height-default elementor-section-items-middle\" data-id=\"c26c4f7\" data-element_type=\"section\" data-e-type=\"section\" data-settings=\"{&quot;background_background&quot;:&quot;classic&quot;}\">\n\t\t\t\t\t\t\t<div class=\"elementor-background-overlay\"><\/div>\n\t\t\t\t\t\t\t<div class=\"elementor-container elementor-column-gap-default\">\n\t\t\t\t\t<div class=\"elementor-column elementor-col-100 elementor-top-column elementor-element elementor-element-1119d53e\" data-id=\"1119d53e\" data-element_type=\"column\" data-e-type=\"column\">\n\t\t\t<div class=\"elementor-widget-wrap\">\n\t\t\t\t\t\t\t<\/div>\n\t\t<\/div>\n\t\t\t\t\t<\/div>\n\t\t<\/section>\n\t\t<div class=\"elementor-element elementor-element-69ee1549 e-con-full e-flex e-con e-parent\" data-id=\"69ee1549\" data-element_type=\"container\" data-e-type=\"container\">\n\t\t<div class=\"elementor-element elementor-element-707fcb8a e-con-full e-flex e-con e-child\" data-id=\"707fcb8a\" data-element_type=\"container\" data-e-type=\"container\" data-settings=\"{&quot;background_background&quot;:&quot;video&quot;,&quot;background_video_link&quot;:&quot;https:\\\/\\\/vimeo.com\\\/962156129&quot;,&quot;background_play_on_mobile&quot;:&quot;yes&quot;}\">\n\t\t<div class=\"elementor-background-video-container\">\n\t\t\t\t\t\t\t<div class=\"elementor-background-video-embed\" role=\"presentation\"><\/div>\n\t\t\t\t\t\t<\/div>\t\t<\/div>\n\t\t<div class=\"elementor-element elementor-element-3182c7f5 e-con-full e-flex e-con e-child\" data-id=\"3182c7f5\" data-element_type=\"container\" data-e-type=\"container\">\n\t\t\t\t<div class=\"elementor-element elementor-element-d652b8a elementor-widget elementor-widget-heading\" data-id=\"d652b8a\" data-element_type=\"widget\" data-e-type=\"widget\" data-widget_type=\"heading.default\">\n\t\t\t\t<div class=\"elementor-widget-container\">\n\t\t\t\t\t<h2 class=\"elementor-heading-title elementor-size-default\">SANCTUARY<\/h2>\t\t\t\t<\/div>\n\t\t\t\t<\/div>\n\t\t\t\t<div class=\"elementor-element elementor-element-5e3c25c2 elementor-widget__width-initial elementor-widget-tablet__width-inherit elementor-widget-mobile__width-inherit elementor-widget elementor-widget-text-editor\" data-id=\"5e3c25c2\" data-element_type=\"widget\" data-e-type=\"widget\" data-widget_type=\"text-editor.default\">\n\t\t\t\t<div class=\"elementor-widget-container\">\n\t\t\t\t\t\t\t\t\t<p>You asked us for it. We did it:\u00a0<b>6 concepts<\/b>\u00a0from Sanctuary come together to offer you a unique immersive experience.<\/p><p>Discover all our urban sanctuaries dedicated to fun sport,\u00a0<b data-stringify-type=\"bold\">where letting go is our credo.<\/b><\/p><p><b>Thanks to our application, book in just a few clicks<\/b> your sessions in our 15 studios and enjoy a varied well-being routine to suit your mood.<\/p><p>From Yoga at Poses to bootcamp at Le Cercle, through aquacycling at Aqua by and more.<\/p><p><b>Sanctuary: the best fitness experience.<\/b><\/p>\t\t\t\t\t\t\t\t<\/div>\n\t\t\t\t<\/div>\n\t\t<div class=\"elementor-element elementor-element-cfa91e1 e-flex e-con-boxed e-con e-child\" data-id=\"cfa91e1\" data-element_type=\"container\" data-e-type=\"container\">\n\t\t\t\t\t<div class=\"e-con-inner\">\n\t\t\t\t<div class=\"elementor-element elementor-element-608ca2a8 elementor-align-left elementor-mobile-align-center elementor-tablet-align-center elementor-widget elementor-widget-button\" data-id=\"608ca2a8\" data-element_type=\"widget\" data-e-type=\"widget\" data-widget_type=\"button.default\">\n\t\t\t\t<div class=\"elementor-widget-container\">\n\t\t\t\t\t\t\t\t\t<div class=\"elementor-button-wrapper\">\n\t\t\t\t\t<a class=\"elementor-button elementor-button-link elementor-size-sm\" href=\"https:\/\/www.lecercle-boxing.com\/en\/reserve\/\">\n\t\t\t\t\t\t<span class=\"elementor-button-content-wrapper\">\n\t\t\t\t\t\t\t\t\t<span class=\"elementor-button-text\">book<\/span>\n\t\t\t\t\t<\/span>\n\t\t\t\t\t<\/a>\n\t\t\t\t<\/div>\n\t\t\t\t\t\t\t\t<\/div>\n\t\t\t\t<\/div>\n\t\t\t\t<div class=\"elementor-element elementor-element-e91a6fb elementor-align-left elementor-mobile-align-center elementor-tablet-align-center elementor-widget elementor-widget-button\" data-id=\"e91a6fb\" data-element_type=\"widget\" data-e-type=\"widget\" data-widget_type=\"button.default\">\n\t\t\t\t<div class=\"elementor-widget-container\">\n\t\t\t\t\t\t\t\t\t<div class=\"elementor-button-wrapper\">\n\t\t\t\t\t<a class=\"elementor-button elementor-button-link elementor-size-sm\" href=\"https:\/\/www.lecercle-boxing.com\/en\/credits\/\">\n\t\t\t\t\t\t<span class=\"elementor-button-content-wrapper\">\n\t\t\t\t\t\t\t\t\t<span class=\"elementor-button-text\">more information<\/span>\n\t\t\t\t\t<\/span>\n\t\t\t\t\t<\/a>\n\t\t\t\t<\/div>\n\t\t\t\t\t\t\t\t<\/div>\n\t\t\t\t<\/div>\n\t\t\t\t\t<\/div>\n\t\t\t\t<\/div>\n\t\t\t\t<\/div>\n\t\t\t\t<\/div>\n\t\t<div class=\"elementor-element elementor-element-3a1a399b e-con-full e-flex e-con e-parent\" data-id=\"3a1a399b\" data-element_type=\"container\" data-e-type=\"container\">\n\t\t\t\t<div class=\"elementor-element elementor-element-6422c8f0 elementor-absolute elementor-hidden-tablet elementor-hidden-mobile elementor-widget elementor-widget-image\" data-id=\"6422c8f0\" data-element_type=\"widget\" data-e-type=\"widget\" data-settings=\"{&quot;_position&quot;:&quot;absolute&quot;}\" data-widget_type=\"image.default\">\n\t\t\t\t<div class=\"elementor-widget-container\">\n\t\t\t\t\t\t\t\t\t\t\t\t\t\t\t<img fetchpriority=\"high\" decoding=\"async\" width=\"800\" height=\"427\" src=\"https:\/\/www.lecercle-boxing.com\/wp-content\/uploads\/2024\/06\/Group-1481-1024x546.png\" class=\"attachment-large size-large wp-image-23734\" alt=\"\" srcset=\"https:\/\/www.lecercle-boxing.com\/wp-content\/uploads\/2024\/06\/Group-1481-1024x546.png 1024w, https:\/\/www.lecercle-boxing.com\/wp-content\/uploads\/2024\/06\/Group-1481-300x160.png 300w, https:\/\/www.lecercle-boxing.com\/wp-content\/uploads\/2024\/06\/Group-1481-768x410.png 768w, https:\/\/www.lecercle-boxing.com\/wp-content\/uploads\/2024\/06\/Group-1481-1536x819.png 1536w, https:\/\/www.lecercle-boxing.com\/wp-content\/uploads\/2024\/06\/Group-1481.png 1620w\" sizes=\"(max-width: 800px) 100vw, 800px\" \/>\t\t\t\t\t\t\t\t\t\t\t\t\t\t\t<\/div>\n\t\t\t\t<\/div>\n\t\t<div class=\"elementor-element elementor-element-4789629a e-flex e-con-boxed e-con e-child\" data-id=\"4789629a\" data-element_type=\"container\" data-e-type=\"container\" data-settings=\"{&quot;background_background&quot;:&quot;classic&quot;}\">\n\t\t\t\t\t<div class=\"e-con-inner\">\n\t\t<div class=\"elementor-element elementor-element-1b01da9b e-con-full e-flex e-con e-child\" data-id=\"1b01da9b\" data-element_type=\"container\" data-e-type=\"container\">\n\t\t\t\t<div class=\"elementor-element elementor-element-49c55591 elementor-widget elementor-widget-heading\" data-id=\"49c55591\" data-element_type=\"widget\" data-e-type=\"widget\" data-widget_type=\"heading.default\">\n\t\t\t\t<div class=\"elementor-widget-container\">\n\t\t\t\t\t<p class=\"elementor-heading-title elementor-size-default\">New<\/p>\t\t\t\t<\/div>\n\t\t\t\t<\/div>\n\t\t\t\t<div class=\"elementor-element elementor-element-e273740 elementor-widget elementor-widget-heading\" data-id=\"e273740\" data-element_type=\"widget\" data-e-type=\"widget\" data-widget_type=\"heading.default\">\n\t\t\t\t<div class=\"elementor-widget-container\">\n\t\t\t\t\t<h2 class=\"elementor-heading-title elementor-size-default\">SANCTUARY IS<br>\n6 SPORTS CONCEPTS<br>\nWITHIN THE SAME APP<\/h2>\t\t\t\t<\/div>\n\t\t\t\t<\/div>\n\t\t\t\t<div class=\"elementor-element elementor-element-181e514f elementor-widget elementor-widget-text-editor\" data-id=\"181e514f\" data-element_type=\"widget\" data-e-type=\"widget\" data-widget_type=\"text-editor.default\">\n\t\t\t\t<div class=\"elementor-widget-container\">\n\t\t\t\t\t\t\t\t\t<p>Come and try sessions of: <strong>Aquacycling, Boxing &amp; Bootcamp, Yoga, Pilates, Barre, Dance Workout, Hiit &amp; Indoor cycling.<\/strong><\/p>\t\t\t\t\t\t\t\t<\/div>\n\t\t\t\t<\/div>\n\t\t\t\t<\/div>\n\t\t<div class=\"elementor-element elementor-element-362121ad e-con-full e-flex e-con e-child\" data-id=\"362121ad\" data-element_type=\"container\" data-e-type=\"container\">\n\t\t\t\t<div class=\"elementor-element elementor-element-61f9ee5e elementor-hidden-desktop elementor-widget elementor-widget-image\" data-id=\"61f9ee5e\" data-element_type=\"widget\" data-e-type=\"widget\" data-widget_type=\"image.default\">\n\t\t\t\t<div class=\"elementor-widget-container\">\n\t\t\t\t\t\t\t\t\t\t\t\t\t\t\t<img decoding=\"async\" width=\"715\" height=\"772\" src=\"https:\/\/www.lecercle-boxing.com\/wp-content\/uploads\/2024\/06\/Group-1482.png\" class=\"attachment-large size-large wp-image-23735\" alt=\"\" srcset=\"https:\/\/www.lecercle-boxing.com\/wp-content\/uploads\/2024\/06\/Group-1482.png 715w, https:\/\/www.lecercle-boxing.com\/wp-content\/uploads\/2024\/06\/Group-1482-278x300.png 278w\" sizes=\"(max-width: 715px) 100vw, 715px\" \/>\t\t\t\t\t\t\t\t\t\t\t\t\t\t\t<\/div>\n\t\t\t\t<\/div>\n\t\t\t\t<\/div>\n\t\t\t\t\t<\/div>\n\t\t\t\t<\/div>\n\t\t\t\t<\/div>\n\t\t<div class=\"elementor-element elementor-element-2c40b8cb e-flex e-con-boxed e-con e-parent\" data-id=\"2c40b8cb\" data-element_type=\"container\" data-e-type=\"container\">\n\t\t\t\t\t<div class=\"e-con-inner\">\n\t\t<div class=\"elementor-element elementor-element-5f168e7c e-con-full e-flex e-con e-child\" data-id=\"5f168e7c\" data-element_type=\"container\" data-e-type=\"container\" data-settings=\"{&quot;background_background&quot;:&quot;classic&quot;}\">\n\t\t<div class=\"elementor-element elementor-element-4ab3cb92 e-flex e-con-boxed e-con e-child\" data-id=\"4ab3cb92\" data-element_type=\"container\" data-e-type=\"container\">\n\t\t\t\t\t<div class=\"e-con-inner\">\n\t\t\t\t<div class=\"elementor-element elementor-element-1403092c elementor-absolute elementor-hidden-mobile elementor-widget elementor-widget-image\" data-id=\"1403092c\" data-element_type=\"widget\" data-e-type=\"widget\" data-settings=\"{&quot;_position&quot;:&quot;absolute&quot;}\" data-widget_type=\"image.default\">\n\t\t\t\t<div class=\"elementor-widget-container\">\n\t\t\t\t\t\t\t\t\t\t\t\t\t\t\t<img decoding=\"async\" width=\"800\" height=\"713\" src=\"https:\/\/www.lecercle-boxing.com\/wp-content\/uploads\/2024\/06\/Group-1470-1024x912.png\" class=\"attachment-large size-large wp-image-23736\" alt=\"\" srcset=\"https:\/\/www.lecercle-boxing.com\/wp-content\/uploads\/2024\/06\/Group-1470-1024x912.png 1024w, https:\/\/www.lecercle-boxing.com\/wp-content\/uploads\/2024\/06\/Group-1470-300x267.png 300w, https:\/\/www.lecercle-boxing.com\/wp-content\/uploads\/2024\/06\/Group-1470-768x684.png 768w, https:\/\/www.lecercle-boxing.com\/wp-content\/uploads\/2024\/06\/Group-1470.png 1168w\" sizes=\"(max-width: 800px) 100vw, 800px\" \/>\t\t\t\t\t\t\t\t\t\t\t\t\t\t\t<\/div>\n\t\t\t\t<\/div>\n\t\t\t\t<div class=\"elementor-element elementor-element-5b69700a elementor-hidden-desktop elementor-hidden-tablet elementor-widget elementor-widget-image\" data-id=\"5b69700a\" data-element_type=\"widget\" data-e-type=\"widget\" data-widget_type=\"image.default\">\n\t\t\t\t<div class=\"elementor-widget-container\">\n\t\t\t\t\t\t\t\t\t\t\t\t\t\t\t<img decoding=\"async\" width=\"800\" height=\"713\" src=\"https:\/\/www.lecercle-boxing.com\/wp-content\/uploads\/2024\/06\/Group-1470-1024x912.png\" class=\"attachment-large size-large wp-image-23736\" alt=\"\" srcset=\"https:\/\/www.lecercle-boxing.com\/wp-content\/uploads\/2024\/06\/Group-1470-1024x912.png 1024w, https:\/\/www.lecercle-boxing.com\/wp-content\/uploads\/2024\/06\/Group-1470-300x267.png 300w, https:\/\/www.lecercle-boxing.com\/wp-content\/uploads\/2024\/06\/Group-1470-768x684.png 768w, https:\/\/www.lecercle-boxing.com\/wp-content\/uploads\/2024\/06\/Group-1470.png 1168w\" sizes=\"(max-width: 800px) 100vw, 800px\" \/>\t\t\t\t\t\t\t\t\t\t\t\t\t\t\t<\/div>\n\t\t\t\t<\/div>\n\t\t\t\t\t<\/div>\n\t\t\t\t<\/div>\n\t\t<div class=\"elementor-element elementor-element-6aa3d595 e-flex e-con-boxed e-con e-child\" data-id=\"6aa3d595\" data-element_type=\"container\" data-e-type=\"container\">\n\t\t\t\t\t<div class=\"e-con-inner\">\n\t\t\t\t<div class=\"elementor-element elementor-element-406c9238 elementor-widget elementor-widget-heading\" data-id=\"406c9238\" data-element_type=\"widget\" data-e-type=\"widget\" data-widget_type=\"heading.default\">\n\t\t\t\t<div class=\"elementor-widget-container\">\n\t\t\t\t\t<h2 class=\"elementor-heading-title elementor-size-default\">download our<br>\napplication<\/h2>\t\t\t\t<\/div>\n\t\t\t\t<\/div>\n\t\t\t\t<div class=\"elementor-element elementor-element-ba9328b elementor-widget__width-initial elementor-widget-tablet__width-inherit elementor-widget-mobile__width-inherit elementor-widget elementor-widget-text-editor\" data-id=\"ba9328b\" data-element_type=\"widget\" data-e-type=\"widget\" data-widget_type=\"text-editor.default\">\n\t\t\t\t<div class=\"elementor-widget-container\">\n\t\t\t\t\t\t\t\t\t<p>And enjoy a diversified well-being routine within our urban sanctuaries<\/p>\t\t\t\t\t\t\t\t<\/div>\n\t\t\t\t<\/div>\n\t\t<div class=\"elementor-element elementor-element-3d4f692d e-con-full e-flex e-con e-child\" data-id=\"3d4f692d\" data-element_type=\"container\" data-e-type=\"container\">\n\t\t\t\t<div class=\"elementor-element elementor-element-5add247c elementor-widget-mobile__width-initial elementor-widget elementor-widget-image\" data-id=\"5add247c\" data-element_type=\"widget\" data-e-type=\"widget\" data-widget_type=\"image.default\">\n\t\t\t\t<div class=\"elementor-widget-container\">\n\t\t\t\t\t\t\t\t\t\t\t\t\t\t\t\t<a href=\"https:\/\/apps.apple.com\/us\/app\/the-sanctuary-pass\/id6477883519\" target=\"_blank\">\n\t\t\t\t\t\t\t<img loading=\"lazy\" decoding=\"async\" width=\"1\" height=\"1\" src=\"https:\/\/www.lecercle-boxing.com\/wp-content\/uploads\/2024\/06\/appstore.svg\" class=\"attachment-large size-large wp-image-23737\" alt=\"\" \/>\t\t\t\t\t\t\t\t<\/a>\n\t\t\t\t\t\t\t\t\t\t\t\t\t\t\t<\/div>\n\t\t\t\t<\/div>\n\t\t\t\t<div class=\"elementor-element elementor-element-22de47e7 elementor-widget-mobile__width-initial elementor-widget elementor-widget-image\" data-id=\"22de47e7\" data-element_type=\"widget\" data-e-type=\"widget\" data-widget_type=\"image.default\">\n\t\t\t\t<div class=\"elementor-widget-container\">\n\t\t\t\t\t\t\t\t\t\t\t\t\t\t\t\t<a href=\"https:\/\/play.google.com\/store\/apps\/details?id=com.bsport_92_2073\" target=\"_blank\">\n\t\t\t\t\t\t\t<img loading=\"lazy\" decoding=\"async\" width=\"1\" height=\"1\" src=\"https:\/\/www.lecercle-boxing.com\/wp-content\/uploads\/2024\/06\/playstore.svg\" class=\"attachment-large size-large wp-image-23738\" alt=\"\" \/>\t\t\t\t\t\t\t\t<\/a>\n\t\t\t\t\t\t\t\t\t\t\t\t\t\t\t<\/div>\n\t\t\t\t<\/div>\n\t\t\t\t<\/div>\n\t\t\t\t\t<\/div>\n\t\t\t\t<\/div>\n\t\t\t\t<\/div>\n\t\t\t\t\t<\/div>\n\t\t\t\t<\/div>\n\t\t\t\t<\/div>","protected":false},"excerpt":{"rendered":"<p>SANCTUARY Vous nous l\u2019aviez demand\u00e9. Nous l\u2019avons fait : les\u00a06 concepts\u00a0de Sanctuary s\u2019unissent pour vous offrir une exp\u00e9rience immersive unique. D\u00e9couvrez tous nos sanctuaires urbains d\u00e9di\u00e9s au sport plaisir,\u00a0o\u00f9 l\u00e2cher-prise est notre credo. Gr\u00e2ce \u00e0 notre application, r\u00e9servez en quelques clics vos sessions dans nos 15 studios et vivez une routine bien-\u00eatre vari\u00e9e selon vos [&hellip;]<\/p>\n","protected":false},"author":16,"featured_media":0,"parent":0,"menu_order":0,"comment_status":"closed","ping_status":"closed","template":"","meta":{"_acf_changed":false,"footnotes":""},"class_list":["post-23805","page","type-page","status-publish","hentry"],"acf":[],"yoast_head":"<!-- This site is optimized with the Yoast SEO plugin v27.6 - https:\/\/yoast.com\/product\/yoast-seo-wordpress\/ -->\n<title>Sanctuary - Club de boxe Paris - Bootcamp Boxing Club - Le Cercle Boxing<\/title>\n<meta name=\"robots\" content=\"index, follow, max-snippet:-1, max-image-preview:large, max-video-preview:-1\" \/>\n<link rel=\"canonical\" href=\"https:\/\/www.lecercle-boxing.com\/en\/discover-sanctuary\/\" \/>\n<meta property=\"og:locale\" content=\"en_GB\" \/>\n<meta property=\"og:type\" content=\"article\" \/>\n<meta property=\"og:title\" content=\"Sanctuary - Club de boxe Paris - Bootcamp Boxing Club - Le Cercle Boxing\" \/>\n<meta property=\"og:description\" content=\"SANCTUARY Vous nous l\u2019aviez demand\u00e9. Nous l\u2019avons fait : les\u00a06 concepts\u00a0de Sanctuary s\u2019unissent pour vous offrir une exp\u00e9rience immersive unique. D\u00e9couvrez tous nos sanctuaires urbains d\u00e9di\u00e9s au sport plaisir,\u00a0o\u00f9 l\u00e2cher-prise est notre credo. Gr\u00e2ce \u00e0 notre application, r\u00e9servez en quelques clics vos sessions dans nos 15 studios et vivez une routine bien-\u00eatre vari\u00e9e selon vos [&hellip;]\" \/>\n<meta property=\"og:url\" content=\"https:\/\/www.lecercle-boxing.com\/en\/discover-sanctuary\/\" \/>\n<meta property=\"og:site_name\" content=\"Club de boxe Paris - Bootcamp Boxing Club - Le Cercle Boxing\" \/>\n<meta property=\"article:modified_time\" content=\"2025-05-05T09:04:34+00:00\" \/>\n<meta property=\"og:image\" content=\"https:\/\/www.lecercle-boxing.com\/wp-content\/uploads\/2024\/06\/Group-1481.png\" \/>\n\t<meta property=\"og:image:width\" content=\"1620\" \/>\n\t<meta property=\"og:image:height\" content=\"864\" \/>\n\t<meta property=\"og:image:type\" content=\"image\/png\" \/>\n<meta name=\"twitter:card\" content=\"summary_large_image\" \/>\n<meta name=\"twitter:label1\" content=\"Estimated reading time\" \/>\n\t<meta name=\"twitter:data1\" content=\"2 minutes\" \/>\n<script type=\"application\/ld+json\" class=\"yoast-schema-graph\">{\"@context\":\"https:\\\/\\\/schema.org\",\"@graph\":[{\"@type\":\"WebPage\",\"@id\":\"https:\\\/\\\/www.lecercle-boxing.com\\\/decouvrez-sanctuary\\\/\",\"url\":\"https:\\\/\\\/www.lecercle-boxing.com\\\/decouvrez-sanctuary\\\/\",\"name\":\"Sanctuary - Club de boxe Paris - Bootcamp Boxing Club - Le Cercle Boxing\",\"isPartOf\":{\"@id\":\"https:\\\/\\\/www.lecercle-boxing.com\\\/#website\"},\"primaryImageOfPage\":{\"@id\":\"https:\\\/\\\/www.lecercle-boxing.com\\\/decouvrez-sanctuary\\\/#primaryimage\"},\"image\":{\"@id\":\"https:\\\/\\\/www.lecercle-boxing.com\\\/decouvrez-sanctuary\\\/#primaryimage\"},\"thumbnailUrl\":\"https:\\\/\\\/www.lecercle-boxing.com\\\/wp-content\\\/uploads\\\/2024\\\/06\\\/Group-1481-1024x546.png\",\"datePublished\":\"2024-06-04T14:48:05+00:00\",\"dateModified\":\"2025-05-05T09:04:34+00:00\",\"breadcrumb\":{\"@id\":\"https:\\\/\\\/www.lecercle-boxing.com\\\/decouvrez-sanctuary\\\/#breadcrumb\"},\"inLanguage\":\"en-GB\",\"potentialAction\":[{\"@type\":\"ReadAction\",\"target\":[\"https:\\\/\\\/www.lecercle-boxing.com\\\/decouvrez-sanctuary\\\/\"]}]},{\"@type\":\"ImageObject\",\"inLanguage\":\"en-GB\",\"@id\":\"https:\\\/\\\/www.lecercle-boxing.com\\\/decouvrez-sanctuary\\\/#primaryimage\",\"url\":\"https:\\\/\\\/www.lecercle-boxing.com\\\/wp-content\\\/uploads\\\/2024\\\/06\\\/Group-1481-1024x546.png\",\"contentUrl\":\"https:\\\/\\\/www.lecercle-boxing.com\\\/wp-content\\\/uploads\\\/2024\\\/06\\\/Group-1481-1024x546.png\"},{\"@type\":\"BreadcrumbList\",\"@id\":\"https:\\\/\\\/www.lecercle-boxing.com\\\/decouvrez-sanctuary\\\/#breadcrumb\",\"itemListElement\":[{\"@type\":\"ListItem\",\"position\":1,\"name\":\"Accueil\",\"item\":\"https:\\\/\\\/www.lecercle-boxing.com\\\/\"},{\"@type\":\"ListItem\",\"position\":2,\"name\":\"Sanctuary\"}]},{\"@type\":\"WebSite\",\"@id\":\"https:\\\/\\\/www.lecercle-boxing.com\\\/#website\",\"url\":\"https:\\\/\\\/www.lecercle-boxing.com\\\/\",\"name\":\"Club de boxe Paris - Bootcamp Boxing Club - Le Cercle Boxing\",\"description\":\"10 rounds, 6 coups, 2 poings, 0 exp\u00e9rience n\u00e9cessaire\",\"potentialAction\":[{\"@type\":\"SearchAction\",\"target\":{\"@type\":\"EntryPoint\",\"urlTemplate\":\"https:\\\/\\\/www.lecercle-boxing.com\\\/?s={search_term_string}\"},\"query-input\":{\"@type\":\"PropertyValueSpecification\",\"valueRequired\":true,\"valueName\":\"search_term_string\"}}],\"inLanguage\":\"en-GB\"}]}<\/script>\n<!-- \/ Yoast SEO plugin. -->","yoast_head_json":{"title":"Sanctuary - Paris Boxing Club - Bootcamp Boxing Club - Le Cercle Boxing","robots":{"index":"index","follow":"follow","max-snippet":"max-snippet:-1","max-image-preview":"max-image-preview:large","max-video-preview":"max-video-preview:-1"},"canonical":"https:\/\/www.lecercle-boxing.com\/en\/discover-sanctuary\/","og_locale":"en_GB","og_type":"article","og_title":"Sanctuary - Club de boxe Paris - Bootcamp Boxing Club - Le Cercle Boxing","og_description":"SANCTUARY Vous nous l\u2019aviez demand\u00e9. Nous l\u2019avons fait : les\u00a06 concepts\u00a0de Sanctuary s\u2019unissent pour vous offrir une exp\u00e9rience immersive unique. D\u00e9couvrez tous nos sanctuaires urbains d\u00e9di\u00e9s au sport plaisir,\u00a0o\u00f9 l\u00e2cher-prise est notre credo. Gr\u00e2ce \u00e0 notre application, r\u00e9servez en quelques clics vos sessions dans nos 15 studios et vivez une routine bien-\u00eatre vari\u00e9e selon vos [&hellip;]","og_url":"https:\/\/www.lecercle-boxing.com\/en\/discover-sanctuary\/","og_site_name":"Club de boxe Paris - Bootcamp Boxing Club - Le Cercle Boxing","article_modified_time":"2025-05-05T09:04:34+00:00","og_image":[{"width":1620,"height":864,"url":"https:\/\/www.lecercle-boxing.com\/wp-content\/uploads\/2024\/06\/Group-1481.png","type":"image\/png"}],"twitter_card":"summary_large_image","twitter_misc":{"Estimated reading time":"2 minutes"},"schema":{"@context":"https:\/\/schema.org","@graph":[{"@type":"WebPage","@id":"https:\/\/www.lecercle-boxing.com\/decouvrez-sanctuary\/","url":"https:\/\/www.lecercle-boxing.com\/decouvrez-sanctuary\/","name":"Sanctuary - Paris Boxing Club - Bootcamp Boxing Club - Le Cercle Boxing","isPartOf":{"@id":"https:\/\/www.lecercle-boxing.com\/#website"},"primaryImageOfPage":{"@id":"https:\/\/www.lecercle-boxing.com\/decouvrez-sanctuary\/#primaryimage"},"image":{"@id":"https:\/\/www.lecercle-boxing.com\/decouvrez-sanctuary\/#primaryimage"},"thumbnailUrl":"https:\/\/www.lecercle-boxing.com\/wp-content\/uploads\/2024\/06\/Group-1481-1024x546.png","datePublished":"2024-06-04T14:48:05+00:00","dateModified":"2025-05-05T09:04:34+00:00","breadcrumb":{"@id":"https:\/\/www.lecercle-boxing.com\/decouvrez-sanctuary\/#breadcrumb"},"inLanguage":"en-GB","potentialAction":[{"@type":"ReadAction","target":["https:\/\/www.lecercle-boxing.com\/decouvrez-sanctuary\/"]}]},{"@type":"ImageObject","inLanguage":"en-GB","@id":"https:\/\/www.lecercle-boxing.com\/decouvrez-sanctuary\/#primaryimage","url":"https:\/\/www.lecercle-boxing.com\/wp-content\/uploads\/2024\/06\/Group-1481-1024x546.png","contentUrl":"https:\/\/www.lecercle-boxing.com\/wp-content\/uploads\/2024\/06\/Group-1481-1024x546.png"},{"@type":"BreadcrumbList","@id":"https:\/\/www.lecercle-boxing.com\/decouvrez-sanctuary\/#breadcrumb","itemListElement":[{"@type":"ListItem","position":1,"name":"Accueil","item":"https:\/\/www.lecercle-boxing.com\/"},{"@type":"ListItem","position":2,"name":"Sanctuary"}]},{"@type":"WebSite","@id":"https:\/\/www.lecercle-boxing.com\/#website","url":"https:\/\/www.lecercle-boxing.com\/","name":"Paris Boxing Club - Bootcamp Boxing Club - Le Cercle Boxing","description":"10 rounds, 6 hits, 2 punches, 0 experience needed","potentialAction":[{"@type":"SearchAction","target":{"@type":"EntryPoint","urlTemplate":"https:\/\/www.lecercle-boxing.com\/?s={search_term_string}"},"query-input":{"@type":"PropertyValueSpecification","valueRequired":true,"valueName":"search_term_string"}}],"inLanguage":"en-GB"}]}},"publishpress_future_action":{"enabled":false,"date":"2026-05-24 09:43:41","action":"change-status","newStatus":"draft","terms":[],"taxonomy":"","extraData":[]},"publishpress_future_workflow_manual_trigger":{"enabledWorkflows":[]},"_links":{"self":[{"href":"https:\/\/www.lecercle-boxing.com\/en\/wp-json\/wp\/v2\/pages\/23805","targetHints":{"allow":["GET"]}}],"collection":[{"href":"https:\/\/www.lecercle-boxing.com\/en\/wp-json\/wp\/v2\/pages"}],"about":[{"href":"https:\/\/www.lecercle-boxing.com\/en\/wp-json\/wp\/v2\/types\/page"}],"author":[{"embeddable":true,"href":"https:\/\/www.lecercle-boxing.com\/en\/wp-json\/wp\/v2\/users\/16"}],"replies":[{"embeddable":true,"href":"https:\/\/www.lecercle-boxing.com\/en\/wp-json\/wp\/v2\/comments?post=23805"}],"version-history":[{"count":32,"href":"https:\/\/www.lecercle-boxing.com\/en\/wp-json\/wp\/v2\/pages\/23805\/revisions"}],"predecessor-version":[{"id":28036,"href":"https:\/\/www.lecercle-boxing.com\/en\/wp-json\/wp\/v2\/pages\/23805\/revisions\/28036"}],"wp:attachment":[{"href":"https:\/\/www.lecercle-boxing.com\/en\/wp-json\/wp\/v2\/media?parent=23805"}],"curies":[{"name":"wp","href":"https:\/\/api.w.org\/{rel}","templated":true}]}}