{"id":23643,"date":"2024-05-29T11:05:54","date_gmt":"2024-05-29T09:05:54","guid":{"rendered":"https:\/\/www.lecercle-boxing.com\/?page_id=23643"},"modified":"2024-06-27T10:09:35","modified_gmt":"2024-06-27T08:09:35","slug":"abonnement-26-credits-engagement-6-mois","status":"publish","type":"page","link":"https:\/\/www.lecercle-boxing.com\/en\/abonnement-26-credits-engagement-6-mois\/","title":{"rendered":"Abonnement &#8211; 26 cr\u00e9dits &#8211; Engagement 6 mois"},"content":{"rendered":"<div data-elementor-type=\"wp-post\" data-elementor-id=\"23643\" class=\"elementor elementor-23643\" data-elementor-post-type=\"page\">\n\t\t\t\t\t\t<section class=\"elementor-section elementor-top-section elementor-element elementor-element-00cb20a elementor-section-boxed elementor-section-height-default elementor-section-height-default\" data-id=\"00cb20a\" data-element_type=\"section\" data-e-type=\"section\">\n\t\t\t\t\t\t<div class=\"elementor-container elementor-column-gap-default\">\n\t\t\t\t\t<div class=\"elementor-column elementor-col-100 elementor-top-column elementor-element elementor-element-7975672\" data-id=\"7975672\" data-element_type=\"column\" data-e-type=\"column\">\n\t\t\t<div class=\"elementor-widget-wrap elementor-element-populated\">\n\t\t\t\t\t\t<div class=\"elementor-element elementor-element-d90495f elementor-widget elementor-widget-heading\" data-id=\"d90495f\" data-element_type=\"widget\" data-e-type=\"widget\" data-widget_type=\"heading.default\">\n\t\t\t\t<div class=\"elementor-widget-container\">\n\t\t\t\t\t<h1 class=\"elementor-heading-title elementor-size-default\">book<\/h1>\t\t\t\t<\/div>\n\t\t\t\t<\/div>\n\t\t\t\t<div class=\"elementor-element elementor-element-ffa3269 elementor-widget elementor-widget-heading\" data-id=\"ffa3269\" data-element_type=\"widget\" data-e-type=\"widget\" data-widget_type=\"heading.default\">\n\t\t\t\t<div class=\"elementor-widget-container\">\n\t\t\t\t\t<h2 class=\"elementor-heading-title elementor-size-default\">26 credits \/ week - 6 month commitment<\/h2>\t\t\t\t<\/div>\n\t\t\t\t<\/div>\n\t\t\t\t<div class=\"elementor-element elementor-element-506b847 elementor-widget elementor-widget-text-editor\" data-id=\"506b847\" data-element_type=\"widget\" data-e-type=\"widget\" data-widget_type=\"text-editor.default\">\n\t\t\t\t<div class=\"elementor-widget-container\">\n\t\t\t\t\t\t\t\t\t<ul><li>Weekly withdrawal, automatically renewed every 7 days.<\/li><li>6 month commitment.<\/li><li>Credits valid for 4 weeks.<\/li><li>Usable in all Sanctuary concepts.<\/li><li>Suite \u00e0 la p\u00e9riode d\u2019engagement, l&rsquo;abonnement est reconduit mensuellement par tacite reconduction et est r\u00e9siliable \u00e0 tout moment.<\/li><\/ul>\t\t\t\t\t\t\t\t<\/div>\n\t\t\t\t<\/div>\n\t\t\t\t<div class=\"elementor-element elementor-element-bbf9164 btn-mobile elementor-align-center elementor-widget elementor-widget-button\" data-id=\"bbf9164\" data-element_type=\"widget\" data-e-type=\"widget\" data-widget_type=\"button.default\">\n\t\t\t\t<div class=\"elementor-widget-container\">\n\t\t\t\t\t\t\t\t\t<div class=\"elementor-button-wrapper\">\n\t\t\t\t\t<a class=\"elementor-button elementor-button-link elementor-size-sm\" href=\"https:\/\/backoffice.bsport.io\/checkout\/2443\/subscription\/16815?force=true\">\n\t\t\t\t\t\t<span class=\"elementor-button-content-wrapper\">\n\t\t\t\t\t\t\t\t\t<span class=\"elementor-button-text\">subscribe<\/span>\n\t\t\t\t\t<\/span>\n\t\t\t\t\t<\/a>\n\t\t\t\t<\/div>\n\t\t\t\t\t\t\t\t<\/div>\n\t\t\t\t<\/div>\n\t\t\t\t\t<\/div>\n\t\t<\/div>\n\t\t\t\t\t<\/div>\n\t\t<\/section>\n\t\t\t\t<\/div>","protected":false},"excerpt":{"rendered":"<p>R\u00e9server 26 cr\u00e9dits \/ semaine &#8211; Engagement 6 mois Pr\u00e9l\u00e8vement hebdomadaire, renouvel\u00e9 automatiquement tous les 7 jours. Engagement 6 mois. Cr\u00e9dits valables 4 semaines. Utilisable dans tous les concepts Sanctuary. Suite \u00e0 la p\u00e9riode d\u2019engagement, l&rsquo;abonnement est reconduit mensuellement par tacite reconduction et est r\u00e9siliable \u00e0 tout moment. je m&rsquo;abonne<\/p>","protected":false},"author":29,"featured_media":10548,"parent":0,"menu_order":0,"comment_status":"closed","ping_status":"closed","template":"elementor_header_footer","meta":{"_acf_changed":false,"footnotes":""},"class_list":["post-23643","page","type-page","status-publish","has-post-thumbnail","hentry"],"acf":[],"yoast_head":"<!-- This site is optimized with the Yoast SEO plugin v27.4 - https:\/\/yoast.com\/product\/yoast-seo-wordpress\/ -->\n<title>Abonnement - 26 cr\u00e9dits - Engagement 6 mois - Club de boxe Paris - Bootcamp Boxing Club - Le Cercle Boxing<\/title>\n<meta name=\"description\" content=\"D\u00e9couvrez le planning du studio Bastille. Explorez nos horaires vari\u00e9s de cours de boxe, de cardio et de renforcement musculaire !\" \/>\n<meta name=\"robots\" content=\"index, follow, max-snippet:-1, max-image-preview:large, max-video-preview:-1\" \/>\n<link rel=\"canonical\" href=\"https:\/\/www.lecercle-boxing.com\/en\/abonnement-26-credits-engagement-6-mois\/\" \/>\n<meta property=\"og:locale\" content=\"en_GB\" \/>\n<meta property=\"og:type\" content=\"article\" \/>\n<meta property=\"og:title\" content=\"Abonnement - 26 cr\u00e9dits - Engagement 6 mois - Club de boxe Paris - Bootcamp Boxing Club - Le Cercle Boxing\" \/>\n<meta property=\"og:description\" content=\"D\u00e9couvrez le planning du studio Bastille. Explorez nos horaires vari\u00e9s de cours de boxe, de cardio et de renforcement musculaire !\" \/>\n<meta property=\"og:url\" content=\"https:\/\/www.lecercle-boxing.com\/en\/abonnement-26-credits-engagement-6-mois\/\" \/>\n<meta property=\"og:site_name\" content=\"Club de boxe Paris - Bootcamp Boxing Club - Le Cercle Boxing\" \/>\n<meta property=\"article:modified_time\" content=\"2024-06-27T08:09:35+00:00\" \/>\n<meta property=\"og:image\" content=\"https:\/\/www.lecercle-boxing.com\/wp-content\/uploads\/2022\/06\/SELECTION_100_CERCLE-04680-scaled.jpg\" \/>\n\t<meta property=\"og:image:width\" content=\"1707\" \/>\n\t<meta property=\"og:image:height\" content=\"2560\" \/>\n\t<meta property=\"og:image:type\" content=\"image\/jpeg\" \/>\n<meta name=\"twitter:card\" content=\"summary_large_image\" \/>\n<meta name=\"twitter:label1\" content=\"Estimated reading time\" \/>\n\t<meta name=\"twitter:data1\" content=\"1 minute\" \/>\n<script type=\"application\/ld+json\" class=\"yoast-schema-graph\">{\"@context\":\"https:\\\/\\\/schema.org\",\"@graph\":[{\"@type\":\"WebPage\",\"@id\":\"https:\\\/\\\/www.lecercle-boxing.com\\\/abonnement-26-credits-engagement-6-mois\\\/\",\"url\":\"https:\\\/\\\/www.lecercle-boxing.com\\\/abonnement-26-credits-engagement-6-mois\\\/\",\"name\":\"Abonnement - 26 cr\u00e9dits - Engagement 6 mois - Club de boxe Paris - Bootcamp Boxing Club - Le Cercle Boxing\",\"isPartOf\":{\"@id\":\"https:\\\/\\\/www.lecercle-boxing.com\\\/#website\"},\"primaryImageOfPage\":{\"@id\":\"https:\\\/\\\/www.lecercle-boxing.com\\\/abonnement-26-credits-engagement-6-mois\\\/#primaryimage\"},\"image\":{\"@id\":\"https:\\\/\\\/www.lecercle-boxing.com\\\/abonnement-26-credits-engagement-6-mois\\\/#primaryimage\"},\"thumbnailUrl\":\"https:\\\/\\\/www.lecercle-boxing.com\\\/wp-content\\\/uploads\\\/2022\\\/06\\\/SELECTION_100_CERCLE-04680-scaled.jpg\",\"datePublished\":\"2024-05-29T09:05:54+00:00\",\"dateModified\":\"2024-06-27T08:09:35+00:00\",\"description\":\"D\u00e9couvrez le planning du studio Bastille. Explorez nos horaires vari\u00e9s de cours de boxe, de cardio et de renforcement musculaire !\",\"breadcrumb\":{\"@id\":\"https:\\\/\\\/www.lecercle-boxing.com\\\/abonnement-26-credits-engagement-6-mois\\\/#breadcrumb\"},\"inLanguage\":\"en-GB\",\"potentialAction\":[{\"@type\":\"ReadAction\",\"target\":[\"https:\\\/\\\/www.lecercle-boxing.com\\\/abonnement-26-credits-engagement-6-mois\\\/\"]}]},{\"@type\":\"ImageObject\",\"inLanguage\":\"en-GB\",\"@id\":\"https:\\\/\\\/www.lecercle-boxing.com\\\/abonnement-26-credits-engagement-6-mois\\\/#primaryimage\",\"url\":\"https:\\\/\\\/www.lecercle-boxing.com\\\/wp-content\\\/uploads\\\/2022\\\/06\\\/SELECTION_100_CERCLE-04680-scaled.jpg\",\"contentUrl\":\"https:\\\/\\\/www.lecercle-boxing.com\\\/wp-content\\\/uploads\\\/2022\\\/06\\\/SELECTION_100_CERCLE-04680-scaled.jpg\",\"width\":1707,\"height\":2560},{\"@type\":\"BreadcrumbList\",\"@id\":\"https:\\\/\\\/www.lecercle-boxing.com\\\/abonnement-26-credits-engagement-6-mois\\\/#breadcrumb\",\"itemListElement\":[{\"@type\":\"ListItem\",\"position\":1,\"name\":\"Accueil\",\"item\":\"https:\\\/\\\/www.lecercle-boxing.com\\\/\"},{\"@type\":\"ListItem\",\"position\":2,\"name\":\"Abonnement &#8211; 26 cr\u00e9dits &#8211; Engagement 6 mois\"}]},{\"@type\":\"WebSite\",\"@id\":\"https:\\\/\\\/www.lecercle-boxing.com\\\/#website\",\"url\":\"https:\\\/\\\/www.lecercle-boxing.com\\\/\",\"name\":\"Club de boxe Paris - Bootcamp Boxing Club - Le Cercle Boxing\",\"description\":\"10 rounds, 6 coups, 2 poings, 0 exp\u00e9rience n\u00e9cessaire\",\"potentialAction\":[{\"@type\":\"SearchAction\",\"target\":{\"@type\":\"EntryPoint\",\"urlTemplate\":\"https:\\\/\\\/www.lecercle-boxing.com\\\/?s={search_term_string}\"},\"query-input\":{\"@type\":\"PropertyValueSpecification\",\"valueRequired\":true,\"valueName\":\"search_term_string\"}}],\"inLanguage\":\"en-GB\"}]}<\/script>\n<!-- \/ Yoast SEO plugin. -->","yoast_head_json":{"title":"Abonnement - 26 cr\u00e9dits - Engagement 6 mois - Club de boxe Paris - Bootcamp Boxing Club - Le Cercle Boxing","description":"Discover the Bastille studio schedule. Explore our varied timetable of boxing, cardio and strength training classes!","robots":{"index":"index","follow":"follow","max-snippet":"max-snippet:-1","max-image-preview":"max-image-preview:large","max-video-preview":"max-video-preview:-1"},"canonical":"https:\/\/www.lecercle-boxing.com\/en\/abonnement-26-credits-engagement-6-mois\/","og_locale":"en_GB","og_type":"article","og_title":"Abonnement - 26 cr\u00e9dits - Engagement 6 mois - Club de boxe Paris - Bootcamp Boxing Club - Le Cercle Boxing","og_description":"D\u00e9couvrez le planning du studio Bastille. Explorez nos horaires vari\u00e9s de cours de boxe, de cardio et de renforcement musculaire !","og_url":"https:\/\/www.lecercle-boxing.com\/en\/abonnement-26-credits-engagement-6-mois\/","og_site_name":"Club de boxe Paris - Bootcamp Boxing Club - Le Cercle Boxing","article_modified_time":"2024-06-27T08:09:35+00:00","og_image":[{"width":1707,"height":2560,"url":"https:\/\/www.lecercle-boxing.com\/wp-content\/uploads\/2022\/06\/SELECTION_100_CERCLE-04680-scaled.jpg","type":"image\/jpeg"}],"twitter_card":"summary_large_image","twitter_misc":{"Estimated reading time":"1 minute"},"schema":{"@context":"https:\/\/schema.org","@graph":[{"@type":"WebPage","@id":"https:\/\/www.lecercle-boxing.com\/abonnement-26-credits-engagement-6-mois\/","url":"https:\/\/www.lecercle-boxing.com\/abonnement-26-credits-engagement-6-mois\/","name":"Abonnement - 26 cr\u00e9dits - Engagement 6 mois - Club de boxe Paris - Bootcamp Boxing Club - Le Cercle Boxing","isPartOf":{"@id":"https:\/\/www.lecercle-boxing.com\/#website"},"primaryImageOfPage":{"@id":"https:\/\/www.lecercle-boxing.com\/abonnement-26-credits-engagement-6-mois\/#primaryimage"},"image":{"@id":"https:\/\/www.lecercle-boxing.com\/abonnement-26-credits-engagement-6-mois\/#primaryimage"},"thumbnailUrl":"https:\/\/www.lecercle-boxing.com\/wp-content\/uploads\/2022\/06\/SELECTION_100_CERCLE-04680-scaled.jpg","datePublished":"2024-05-29T09:05:54+00:00","dateModified":"2024-06-27T08:09:35+00:00","description":"Discover the Bastille studio schedule. Explore our varied timetable of boxing, cardio and strength training classes!","breadcrumb":{"@id":"https:\/\/www.lecercle-boxing.com\/abonnement-26-credits-engagement-6-mois\/#breadcrumb"},"inLanguage":"en-GB","potentialAction":[{"@type":"ReadAction","target":["https:\/\/www.lecercle-boxing.com\/abonnement-26-credits-engagement-6-mois\/"]}]},{"@type":"ImageObject","inLanguage":"en-GB","@id":"https:\/\/www.lecercle-boxing.com\/abonnement-26-credits-engagement-6-mois\/#primaryimage","url":"https:\/\/www.lecercle-boxing.com\/wp-content\/uploads\/2022\/06\/SELECTION_100_CERCLE-04680-scaled.jpg","contentUrl":"https:\/\/www.lecercle-boxing.com\/wp-content\/uploads\/2022\/06\/SELECTION_100_CERCLE-04680-scaled.jpg","width":1707,"height":2560},{"@type":"BreadcrumbList","@id":"https:\/\/www.lecercle-boxing.com\/abonnement-26-credits-engagement-6-mois\/#breadcrumb","itemListElement":[{"@type":"ListItem","position":1,"name":"Accueil","item":"https:\/\/www.lecercle-boxing.com\/"},{"@type":"ListItem","position":2,"name":"Abonnement &#8211; 26 cr\u00e9dits &#8211; Engagement 6 mois"}]},{"@type":"WebSite","@id":"https:\/\/www.lecercle-boxing.com\/#website","url":"https:\/\/www.lecercle-boxing.com\/","name":"Paris Boxing Club - Bootcamp Boxing Club - Le Cercle Boxing","description":"10 rounds, 6 hits, 2 punches, 0 experience needed","potentialAction":[{"@type":"SearchAction","target":{"@type":"EntryPoint","urlTemplate":"https:\/\/www.lecercle-boxing.com\/?s={search_term_string}"},"query-input":{"@type":"PropertyValueSpecification","valueRequired":true,"valueName":"search_term_string"}}],"inLanguage":"en-GB"}]}},"publishpress_future_action":{"enabled":false,"date":"2026-04-23 21:34:07","action":"change-status","newStatus":"draft","terms":[],"taxonomy":"","extraData":[]},"publishpress_future_workflow_manual_trigger":{"enabledWorkflows":[]},"_links":{"self":[{"href":"https:\/\/www.lecercle-boxing.com\/en\/wp-json\/wp\/v2\/pages\/23643","targetHints":{"allow":["GET"]}}],"collection":[{"href":"https:\/\/www.lecercle-boxing.com\/en\/wp-json\/wp\/v2\/pages"}],"about":[{"href":"https:\/\/www.lecercle-boxing.com\/en\/wp-json\/wp\/v2\/types\/page"}],"author":[{"embeddable":true,"href":"https:\/\/www.lecercle-boxing.com\/en\/wp-json\/wp\/v2\/users\/29"}],"replies":[{"embeddable":true,"href":"https:\/\/www.lecercle-boxing.com\/en\/wp-json\/wp\/v2\/comments?post=23643"}],"version-history":[{"count":11,"href":"https:\/\/www.lecercle-boxing.com\/en\/wp-json\/wp\/v2\/pages\/23643\/revisions"}],"predecessor-version":[{"id":24134,"href":"https:\/\/www.lecercle-boxing.com\/en\/wp-json\/wp\/v2\/pages\/23643\/revisions\/24134"}],"wp:featuredmedia":[{"embeddable":true,"href":"https:\/\/www.lecercle-boxing.com\/en\/wp-json\/wp\/v2\/media\/10548"}],"wp:attachment":[{"href":"https:\/\/www.lecercle-boxing.com\/en\/wp-json\/wp\/v2\/media?parent=23643"}],"curies":[{"name":"wp","href":"https:\/\/api.w.org\/{rel}","templated":true}]}}