{"id":22734,"date":"2024-04-15T10:33:30","date_gmt":"2024-04-15T08:33:30","guid":{"rendered":"https:\/\/www.lecercle-boxing.com\/?page_id=22734"},"modified":"2025-11-05T12:07:00","modified_gmt":"2025-11-05T11:07:00","slug":"planning-montmartre","status":"publish","type":"page","link":"https:\/\/www.lecercle-boxing.com\/en\/planning-montmartre\/","title":{"rendered":"R\u00e9server &#8211; MONTMARTRE"},"content":{"rendered":"\t\t<div data-elementor-type=\"wp-post\" data-elementor-id=\"22734\" class=\"elementor elementor-22734\" data-elementor-post-type=\"page\">\n\t\t\t\t\t\t<section class=\"elementor-section elementor-top-section elementor-element elementor-element-41b2062 elementor-section-height-min-height elementor-section-items-bottom elementor-section-boxed elementor-section-height-default\" data-id=\"41b2062\" data-element_type=\"section\" data-e-type=\"section\" data-settings=\"{&quot;background_background&quot;:&quot;classic&quot;}\">\n\t\t\t\t\t\t\t<div class=\"elementor-background-overlay\"><\/div>\n\t\t\t\t\t\t\t<div class=\"elementor-container elementor-column-gap-default\">\n\t\t\t\t\t<div class=\"elementor-column elementor-col-50 elementor-top-column elementor-element elementor-element-7bbb07d\" data-id=\"7bbb07d\" data-element_type=\"column\" data-e-type=\"column\">\n\t\t\t<div class=\"elementor-widget-wrap elementor-element-populated\">\n\t\t\t\t\t\t<div class=\"elementor-element elementor-element-3f7b7e0 elementor-widget elementor-widget-heading\" data-id=\"3f7b7e0\" data-element_type=\"widget\" data-e-type=\"widget\" data-widget_type=\"heading.default\">\n\t\t\t\t<div class=\"elementor-widget-container\">\n\t\t\t\t\t<h1 class=\"elementor-heading-title elementor-size-default\">Planning<\/h1>\t\t\t\t<\/div>\n\t\t\t\t<\/div>\n\t\t\t\t<div class=\"elementor-element elementor-element-ab52cdd elementor-widget__width-initial elementor-widget elementor-widget-html\" data-id=\"ab52cdd\" data-element_type=\"widget\" data-e-type=\"widget\" data-widget_type=\"html.default\">\n\t\t\t\t<div class=\"elementor-widget-container\">\n\t\t\t\t\t <script>\r\n        onClickMontmartre = () => {\r\n            const message = {\r\n                type: 'bsport:calendar:filter:control',\r\n                data: {\r\n                    filters: {\r\n                        establishments: [8705]\r\n                    }\r\n                }\r\n            }\r\n            window.postMessage(message, '*')\r\n\r\n        }\r\n\r\n        onClickBeaubourg = () => {\r\n            const message = {\r\n                type: 'bsport:calendar:filter:control',\r\n                data: {\r\n                    filters: {\r\n                        establishments: [8706]\r\n                    }\r\n                }\r\n            }\r\n            window.postMessage(message, '*')\r\n\r\n        }\r\n    <\/script>\r\n<div class=\"select-menu\">\r\n  <div class=\"select-btn\">\r\n    <span class=\"sBtn-text\">Choisir un studio<\/span>\r\n    <img decoding=\"async\" src=\"https:\/\/www.lecercle-boxing.com\/wp-content\/uploads\/2022\/10\/Vector-down.svg\" width=\"15\" height=\"10\">\r\n  <\/div>\r\n\r\n  <ul class=\"options\">\r\n      <li class=\"option\">\r\n                  <a class=\"button btn-bsport-studio\" id=\"activate-montmartre\" onclick=\"onClickMontmartre()\"><span class=\"option-text\">\r\n                Montmartre<\/span><\/a><\/li>\r\n                <li class=\"option\">\r\n                    <a class=\"button btn-bsport-studio\" id=\"activate-beaubourg\" onclick=\"onClickBeaubourg()\"><span class=\"option-text\">\r\n                Beaubourg<\/span><\/a><\/li>\r\n   \r\n  <\/ul>\r\n<\/div>\r\n  \r\n    <script>\r\n      const menu = document.querySelector(\".select-menu\");\r\nconst [selectBtn, sBtnText] = [menu.querySelector(\".select-btn\"), menu.querySelector(\".sBtn-text\")];\r\n\r\nselectBtn.onclick = () => menu.classList.toggle(\"act\");\r\n\r\nmenu.querySelectorAll(\".option\").forEach(option => {\r\n  option.onclick = () => {\r\n    sBtnText.innerText = option.querySelector(\".option-text\").innerText;\r\n    menu.classList.remove(\"act\");\r\n  };\r\n});\r\n  <\/script>\r\n\r\n<script>\r\njQuery( document ).ready(function() {\r\n\r\n\r\n\r\njQuery(\"#activate-beaubourg\").click(function(){\r\n  jQuery(\"#montmartre\").hide();\r\n  jQuery(\"#beaubourg\").show();\r\n});\r\n\r\njQuery(\"#activate-montmartre\").click(function(){\r\n  jQuery(\"#montmartre\").show();\r\n  jQuery(\"#beaubourg\").hide();\r\n});\r\n});\r\n<\/script>\t\t\t\t<\/div>\n\t\t\t\t<\/div>\n\t\t\t\t\t<\/div>\n\t\t<\/div>\n\t\t\t\t<div class=\"elementor-column elementor-col-50 elementor-top-column elementor-element elementor-element-858eee2 elementor-hidden-phone\" data-id=\"858eee2\" data-element_type=\"column\" data-e-type=\"column\">\n\t\t\t<div class=\"elementor-widget-wrap\">\n\t\t\t\t\t\t\t<\/div>\n\t\t<\/div>\n\t\t\t\t\t<\/div>\n\t\t<\/section>\n\t\t\t\t<section class=\"elementor-section elementor-top-section elementor-element elementor-element-0b21030 elementor-section-boxed elementor-section-height-default elementor-section-height-default\" data-id=\"0b21030\" data-element_type=\"section\" data-e-type=\"section\">\n\t\t\t\t\t\t<div class=\"elementor-container elementor-column-gap-default\">\n\t\t\t\t\t<div class=\"elementor-column elementor-col-100 elementor-top-column elementor-element elementor-element-522fd3d\" data-id=\"522fd3d\" data-element_type=\"column\" data-e-type=\"column\">\n\t\t\t<div class=\"elementor-widget-wrap elementor-element-populated\">\n\t\t\t\t\t\t<div class=\"elementor-element elementor-element-938f359 elementor-widget elementor-widget-heading\" data-id=\"938f359\" data-element_type=\"widget\" data-e-type=\"widget\" id=\"montmartre\" data-widget_type=\"heading.default\">\n\t\t\t\t<div class=\"elementor-widget-container\">\n\t\t\t\t\t<h2 class=\"elementor-heading-title elementor-size-default\">STUDIO Montmartre<\/h2>\t\t\t\t<\/div>\n\t\t\t\t<\/div>\n\t\t\t\t<div class=\"elementor-element elementor-element-cac8f21 elementor-hidden-desktop elementor-hidden-tablet elementor-hidden-mobile elementor-widget elementor-widget-heading\" data-id=\"cac8f21\" data-element_type=\"widget\" data-e-type=\"widget\" id=\"beaubourg\" data-widget_type=\"heading.default\">\n\t\t\t\t<div class=\"elementor-widget-container\">\n\t\t\t\t\t<h2 class=\"elementor-heading-title elementor-size-default\">STUDIO Beaubourg<\/h2>\t\t\t\t<\/div>\n\t\t\t\t<\/div>\n\t\t\t\t\t<\/div>\n\t\t<\/div>\n\t\t\t\t\t<\/div>\n\t\t<\/section>\n\t\t\t\t<section class=\"elementor-section elementor-top-section elementor-element elementor-element-18ded16 elementor-section-boxed elementor-section-height-default elementor-section-height-default\" data-id=\"18ded16\" data-element_type=\"section\" data-e-type=\"section\">\n\t\t\t\t\t\t<div class=\"elementor-container elementor-column-gap-default\">\n\t\t\t\t\t<div class=\"elementor-column elementor-col-100 elementor-top-column elementor-element elementor-element-79810d0\" data-id=\"79810d0\" data-element_type=\"column\" data-e-type=\"column\">\n\t\t\t<div class=\"elementor-widget-wrap elementor-element-populated\">\n\t\t\t\t\t\t<div class=\"elementor-element elementor-element-a4286b8 elementor-widget elementor-widget-html\" data-id=\"a4286b8\" data-element_type=\"widget\" data-e-type=\"widget\" data-widget_type=\"html.default\">\n\t\t\t\t<div class=\"elementor-widget-container\">\n\t\t\t\t\t<script id=\"insert-bsport-widget-cdn\">\n      !(function (b, s, p, o, r, t) {\n        !typeof window.BsportWidget !== \"undefined\" &&\n          !document.getElementById(\"bsport-widget-cdn\") &&\n          !(function () {\n            (m = b.createElement(s)),\n              (m.id = \"bsport-widget-cdn\"),\n              (m.src = p),\n              b.getElementsByTagName(\"head\")[0].appendChild(m);\n          })();\n      })(document, \"script\", \"https:\/\/cdn.bsport.io\/scripts\/widget.js\");\n    <\/script>\n    <script id=\"bsport-widget-mount\">\n      function MountBsportWidget(config, repeat = 1) {\n        if (repeat > 50) {\n          return;\n        }\n        if (!window.BsportWidget) {\n          return setTimeout(() => {\n            MountBsportWidget(config, repeat + 1);\n          }, 100 * repeat || 1);\n        }\n        BsportWidget.mount(config);\n      }\n    <\/script>\n    <script>\n      MountBsportWidget({\n        parentElement: \"bsport-widget-195005\",\n        companyId: 2443,\n        franchiseId: null,\n        dialogMode: 3,\n        widgetType: \"calendar\",\n        showFab: false,\n        fullScreenPopup: false,\n        styles: undefined,\n        config: {\n          calendar: {\n                establishments: [\n                    8705\n                ],\n            groupSessionByPeriod: false,\n            todayOnly: false,\n            cardModeDisplayMinWidth: 1000,\n          },\n          usePostMessageIframeDimensions: true,\n          usePostMessageIfameScrollup: true,\n        },\n      });\n    <\/script>\n    <div><div id=\"bsport-widget-195005\" style=\"position:relative; display:inline-block; width:100%; overflow-x:hidden; -webkit-overflow-scrolling:touch;\"><\/div>\t\t\t\t<\/div>\n\t\t\t\t<\/div>\n\t\t\t\t\t<\/div>\n\t\t<\/div>\n\t\t\t\t\t<\/div>\n\t\t<\/section>\n\t\t\t\t<\/div>\n\t\t","protected":false},"excerpt":{"rendered":"<p>Planning Choisir un studio Montmartre Beaubourg STUDIO Montmartre STUDIO Beaubourg<\/p>","protected":false},"author":29,"featured_media":10548,"parent":0,"menu_order":0,"comment_status":"closed","ping_status":"closed","template":"elementor_header_footer","meta":{"_acf_changed":false,"footnotes":""},"class_list":["post-22734","page","type-page","status-publish","has-post-thumbnail","hentry"],"acf":[],"yoast_head":"<!-- This site is optimized with the Yoast SEO plugin v27.4 - https:\/\/yoast.com\/product\/yoast-seo-wordpress\/ -->\n<title>R\u00e9server - MONTMARTRE - Club de boxe Paris - Bootcamp Boxing Club - Le Cercle Boxing<\/title>\n<meta name=\"description\" content=\"D\u00e9couvrez le planning du studio Montmartre. Explorez nos horaires vari\u00e9s de cours de boxe, de cardio et de renforcement musculaire !\" \/>\n<meta name=\"robots\" content=\"index, follow, max-snippet:-1, max-image-preview:large, max-video-preview:-1\" \/>\n<link rel=\"canonical\" href=\"https:\/\/www.lecercle-boxing.com\/en\/planning-montmartre\/\" \/>\n<meta property=\"og:locale\" content=\"en_GB\" \/>\n<meta property=\"og:type\" content=\"article\" \/>\n<meta property=\"og:title\" content=\"R\u00e9server - MONTMARTRE - Club de boxe Paris - Bootcamp Boxing Club - Le Cercle Boxing\" \/>\n<meta property=\"og:description\" content=\"D\u00e9couvrez le planning du studio Montmartre. Explorez nos horaires vari\u00e9s de cours de boxe, de cardio et de renforcement musculaire !\" \/>\n<meta property=\"og:url\" content=\"https:\/\/www.lecercle-boxing.com\/en\/planning-montmartre\/\" \/>\n<meta property=\"og:site_name\" content=\"Club de boxe Paris - Bootcamp Boxing Club - Le Cercle Boxing\" \/>\n<meta property=\"article:modified_time\" content=\"2025-11-05T11:07:00+00:00\" \/>\n<meta property=\"og:image\" content=\"https:\/\/www.lecercle-boxing.com\/wp-content\/uploads\/2022\/06\/SELECTION_100_CERCLE-04680-scaled.jpg\" \/>\n\t<meta property=\"og:image:width\" content=\"1707\" \/>\n\t<meta property=\"og:image:height\" content=\"2560\" \/>\n\t<meta property=\"og:image:type\" content=\"image\/jpeg\" \/>\n<meta name=\"twitter:card\" content=\"summary_large_image\" \/>\n<meta name=\"twitter:label1\" content=\"Estimated reading time\" \/>\n\t<meta name=\"twitter:data1\" content=\"1 minute\" \/>\n<script type=\"application\/ld+json\" class=\"yoast-schema-graph\">{\"@context\":\"https:\\\/\\\/schema.org\",\"@graph\":[{\"@type\":\"WebPage\",\"@id\":\"https:\\\/\\\/www.lecercle-boxing.com\\\/planning-montmartre\\\/\",\"url\":\"https:\\\/\\\/www.lecercle-boxing.com\\\/planning-montmartre\\\/\",\"name\":\"R\u00e9server - MONTMARTRE - Club de boxe Paris - Bootcamp Boxing Club - Le Cercle Boxing\",\"isPartOf\":{\"@id\":\"https:\\\/\\\/www.lecercle-boxing.com\\\/#website\"},\"primaryImageOfPage\":{\"@id\":\"https:\\\/\\\/www.lecercle-boxing.com\\\/planning-montmartre\\\/#primaryimage\"},\"image\":{\"@id\":\"https:\\\/\\\/www.lecercle-boxing.com\\\/planning-montmartre\\\/#primaryimage\"},\"thumbnailUrl\":\"https:\\\/\\\/www.lecercle-boxing.com\\\/wp-content\\\/uploads\\\/2022\\\/06\\\/SELECTION_100_CERCLE-04680-scaled.jpg\",\"datePublished\":\"2024-04-15T08:33:30+00:00\",\"dateModified\":\"2025-11-05T11:07:00+00:00\",\"description\":\"D\u00e9couvrez le planning du studio Montmartre. Explorez nos horaires vari\u00e9s de cours de boxe, de cardio et de renforcement musculaire !\",\"breadcrumb\":{\"@id\":\"https:\\\/\\\/www.lecercle-boxing.com\\\/planning-montmartre\\\/#breadcrumb\"},\"inLanguage\":\"en-GB\",\"potentialAction\":[{\"@type\":\"ReadAction\",\"target\":[\"https:\\\/\\\/www.lecercle-boxing.com\\\/planning-montmartre\\\/\"]}]},{\"@type\":\"ImageObject\",\"inLanguage\":\"en-GB\",\"@id\":\"https:\\\/\\\/www.lecercle-boxing.com\\\/planning-montmartre\\\/#primaryimage\",\"url\":\"https:\\\/\\\/www.lecercle-boxing.com\\\/wp-content\\\/uploads\\\/2022\\\/06\\\/SELECTION_100_CERCLE-04680-scaled.jpg\",\"contentUrl\":\"https:\\\/\\\/www.lecercle-boxing.com\\\/wp-content\\\/uploads\\\/2022\\\/06\\\/SELECTION_100_CERCLE-04680-scaled.jpg\",\"width\":1707,\"height\":2560},{\"@type\":\"BreadcrumbList\",\"@id\":\"https:\\\/\\\/www.lecercle-boxing.com\\\/planning-montmartre\\\/#breadcrumb\",\"itemListElement\":[{\"@type\":\"ListItem\",\"position\":1,\"name\":\"Accueil\",\"item\":\"https:\\\/\\\/www.lecercle-boxing.com\\\/\"},{\"@type\":\"ListItem\",\"position\":2,\"name\":\"R\u00e9server &#8211; MONTMARTRE\"}]},{\"@type\":\"WebSite\",\"@id\":\"https:\\\/\\\/www.lecercle-boxing.com\\\/#website\",\"url\":\"https:\\\/\\\/www.lecercle-boxing.com\\\/\",\"name\":\"Club de boxe Paris - Bootcamp Boxing Club - Le Cercle Boxing\",\"description\":\"10 rounds, 6 coups, 2 poings, 0 exp\u00e9rience n\u00e9cessaire\",\"potentialAction\":[{\"@type\":\"SearchAction\",\"target\":{\"@type\":\"EntryPoint\",\"urlTemplate\":\"https:\\\/\\\/www.lecercle-boxing.com\\\/?s={search_term_string}\"},\"query-input\":{\"@type\":\"PropertyValueSpecification\",\"valueRequired\":true,\"valueName\":\"search_term_string\"}}],\"inLanguage\":\"en-GB\"}]}<\/script>\n<!-- \/ Yoast SEO plugin. -->","yoast_head_json":{"title":"Book - MONTMARTRE - Boxing Club Paris - Bootcamp Boxing Club - Le Cercle Boxing","description":"D\u00e9couvrez le planning du studio Montmartre. Explorez nos horaires vari\u00e9s de cours de boxe, de cardio et de renforcement musculaire !","robots":{"index":"index","follow":"follow","max-snippet":"max-snippet:-1","max-image-preview":"max-image-preview:large","max-video-preview":"max-video-preview:-1"},"canonical":"https:\/\/www.lecercle-boxing.com\/en\/planning-montmartre\/","og_locale":"en_GB","og_type":"article","og_title":"R\u00e9server - MONTMARTRE - Club de boxe Paris - Bootcamp Boxing Club - Le Cercle Boxing","og_description":"D\u00e9couvrez le planning du studio Montmartre. Explorez nos horaires vari\u00e9s de cours de boxe, de cardio et de renforcement musculaire !","og_url":"https:\/\/www.lecercle-boxing.com\/en\/planning-montmartre\/","og_site_name":"Club de boxe Paris - Bootcamp Boxing Club - Le Cercle Boxing","article_modified_time":"2025-11-05T11:07:00+00:00","og_image":[{"width":1707,"height":2560,"url":"https:\/\/www.lecercle-boxing.com\/wp-content\/uploads\/2022\/06\/SELECTION_100_CERCLE-04680-scaled.jpg","type":"image\/jpeg"}],"twitter_card":"summary_large_image","twitter_misc":{"Estimated reading time":"1 minute"},"schema":{"@context":"https:\/\/schema.org","@graph":[{"@type":"WebPage","@id":"https:\/\/www.lecercle-boxing.com\/planning-montmartre\/","url":"https:\/\/www.lecercle-boxing.com\/planning-montmartre\/","name":"Book - MONTMARTRE - Boxing Club Paris - Bootcamp Boxing Club - Le Cercle Boxing","isPartOf":{"@id":"https:\/\/www.lecercle-boxing.com\/#website"},"primaryImageOfPage":{"@id":"https:\/\/www.lecercle-boxing.com\/planning-montmartre\/#primaryimage"},"image":{"@id":"https:\/\/www.lecercle-boxing.com\/planning-montmartre\/#primaryimage"},"thumbnailUrl":"https:\/\/www.lecercle-boxing.com\/wp-content\/uploads\/2022\/06\/SELECTION_100_CERCLE-04680-scaled.jpg","datePublished":"2024-04-15T08:33:30+00:00","dateModified":"2025-11-05T11:07:00+00:00","description":"D\u00e9couvrez le planning du studio Montmartre. Explorez nos horaires vari\u00e9s de cours de boxe, de cardio et de renforcement musculaire !","breadcrumb":{"@id":"https:\/\/www.lecercle-boxing.com\/planning-montmartre\/#breadcrumb"},"inLanguage":"en-GB","potentialAction":[{"@type":"ReadAction","target":["https:\/\/www.lecercle-boxing.com\/planning-montmartre\/"]}]},{"@type":"ImageObject","inLanguage":"en-GB","@id":"https:\/\/www.lecercle-boxing.com\/planning-montmartre\/#primaryimage","url":"https:\/\/www.lecercle-boxing.com\/wp-content\/uploads\/2022\/06\/SELECTION_100_CERCLE-04680-scaled.jpg","contentUrl":"https:\/\/www.lecercle-boxing.com\/wp-content\/uploads\/2022\/06\/SELECTION_100_CERCLE-04680-scaled.jpg","width":1707,"height":2560},{"@type":"BreadcrumbList","@id":"https:\/\/www.lecercle-boxing.com\/planning-montmartre\/#breadcrumb","itemListElement":[{"@type":"ListItem","position":1,"name":"Accueil","item":"https:\/\/www.lecercle-boxing.com\/"},{"@type":"ListItem","position":2,"name":"R\u00e9server &#8211; MONTMARTRE"}]},{"@type":"WebSite","@id":"https:\/\/www.lecercle-boxing.com\/#website","url":"https:\/\/www.lecercle-boxing.com\/","name":"Paris Boxing Club - Bootcamp Boxing Club - Le Cercle Boxing","description":"10 rounds, 6 hits, 2 punches, 0 experience needed","potentialAction":[{"@type":"SearchAction","target":{"@type":"EntryPoint","urlTemplate":"https:\/\/www.lecercle-boxing.com\/?s={search_term_string}"},"query-input":{"@type":"PropertyValueSpecification","valueRequired":true,"valueName":"search_term_string"}}],"inLanguage":"en-GB"}]}},"publishpress_future_action":{"enabled":false,"date":"2026-04-26 13:27:17","action":"change-status","newStatus":"draft","terms":[],"taxonomy":"","extraData":[]},"publishpress_future_workflow_manual_trigger":{"enabledWorkflows":[]},"_links":{"self":[{"href":"https:\/\/www.lecercle-boxing.com\/en\/wp-json\/wp\/v2\/pages\/22734","targetHints":{"allow":["GET"]}}],"collection":[{"href":"https:\/\/www.lecercle-boxing.com\/en\/wp-json\/wp\/v2\/pages"}],"about":[{"href":"https:\/\/www.lecercle-boxing.com\/en\/wp-json\/wp\/v2\/types\/page"}],"author":[{"embeddable":true,"href":"https:\/\/www.lecercle-boxing.com\/en\/wp-json\/wp\/v2\/users\/29"}],"replies":[{"embeddable":true,"href":"https:\/\/www.lecercle-boxing.com\/en\/wp-json\/wp\/v2\/comments?post=22734"}],"version-history":[{"count":31,"href":"https:\/\/www.lecercle-boxing.com\/en\/wp-json\/wp\/v2\/pages\/22734\/revisions"}],"predecessor-version":[{"id":28816,"href":"https:\/\/www.lecercle-boxing.com\/en\/wp-json\/wp\/v2\/pages\/22734\/revisions\/28816"}],"wp:featuredmedia":[{"embeddable":true,"href":"https:\/\/www.lecercle-boxing.com\/en\/wp-json\/wp\/v2\/media\/10548"}],"wp:attachment":[{"href":"https:\/\/www.lecercle-boxing.com\/en\/wp-json\/wp\/v2\/media?parent=22734"}],"curies":[{"name":"wp","href":"https:\/\/api.w.org\/{rel}","templated":true}]}}