{"id":22187,"date":"2024-03-12T17:47:00","date_gmt":"2024-03-12T16:47:00","guid":{"rendered":"https:\/\/www.lecercle-boxing.com\/?page_id=22187"},"modified":"2024-04-15T10:20:48","modified_gmt":"2024-04-15T08:20:48","slug":"planning-anne-k","status":"publish","type":"page","link":"https:\/\/www.lecercle-boxing.com\/en\/presentation-coaches\/anne-k\/planning-anne-k\/","title":{"rendered":"R\u00e9server une session avec Anne K"},"content":{"rendered":"\t\t<div data-elementor-type=\"wp-post\" data-elementor-id=\"22187\" class=\"elementor elementor-22187\" data-elementor-post-type=\"page\">\n\t\t\t\t\t\t<section class=\"elementor-section elementor-top-section elementor-element elementor-element-00cb20a elementor-section-boxed elementor-section-height-default elementor-section-height-default\" data-id=\"00cb20a\" data-element_type=\"section\" data-e-type=\"section\">\n\t\t\t\t\t\t<div class=\"elementor-container elementor-column-gap-default\">\n\t\t\t\t\t<div class=\"elementor-column elementor-col-100 elementor-top-column elementor-element elementor-element-7975672\" data-id=\"7975672\" data-element_type=\"column\" data-e-type=\"column\">\n\t\t\t<div class=\"elementor-widget-wrap elementor-element-populated\">\n\t\t\t\t\t\t<div class=\"elementor-element elementor-element-d90495f elementor-widget elementor-widget-heading\" data-id=\"d90495f\" data-element_type=\"widget\" data-e-type=\"widget\" data-widget_type=\"heading.default\">\n\t\t\t\t<div class=\"elementor-widget-container\">\n\t\t\t\t\t<h1 class=\"elementor-heading-title elementor-size-default\">R\u00e9server une session avec anne K<\/h1>\t\t\t\t<\/div>\n\t\t\t\t<\/div>\n\t\t\t\t\t<\/div>\n\t\t<\/div>\n\t\t\t\t\t<\/div>\n\t\t<\/section>\n\t\t\t\t<section class=\"elementor-section elementor-top-section elementor-element elementor-element-9dbb052 elementor-section-boxed elementor-section-height-default elementor-section-height-default\" data-id=\"9dbb052\" data-element_type=\"section\" data-e-type=\"section\">\n\t\t\t\t\t\t<div class=\"elementor-container elementor-column-gap-default\">\n\t\t\t\t\t<div class=\"elementor-column elementor-col-100 elementor-top-column elementor-element elementor-element-ebd824c\" data-id=\"ebd824c\" data-element_type=\"column\" data-e-type=\"column\">\n\t\t\t<div class=\"elementor-widget-wrap elementor-element-populated\">\n\t\t\t\t\t\t<div class=\"elementor-element elementor-element-717e7a0 elementor-widget elementor-widget-html\" data-id=\"717e7a0\" data-element_type=\"widget\" data-e-type=\"widget\" data-widget_type=\"html.default\">\n\t\t\t\t<div class=\"elementor-widget-container\">\n\t\t\t\t\t<script id=\"insert-bsport-widget-cdn\">!function (b, s, p, o, r, t) { !typeof window.BsportWidget !== \"undefined\" && !document.getElementById(\"bsport-widget-cdn\") && !function () { m = b.createElement(s), m.id = \"bsport-widget-cdn\", m.src = p, b.getElementsByTagName(\"head\")[0].appendChild(m) }() }(document, \"script\", \"https:\/\/cdn.bsport.io\/scripts\/widget.js\")<\/script>\n<script id=\"bsport-widget-mount\">\n    function MountBsportWidget(config, repeat = 1) {\n        if (repeat > 50) { return }\n        if (!window.BsportWidget) {\n            return setTimeout(() => {\n                MountBsportWidget(config, repeat + 1)\n            }, 100 * repeat || 1)\n        }\n        BsportWidget.mount(config)\n    }\n<\/script>\n<script>\n    MountBsportWidget({\n        \"parentElement\": \"bsport-widget-912002\",\n        \"companyId\": 2443,\n        \"franchiseId\": null,\n        \"dialogMode\": 3,\n        \"widgetType\": \"calendar\",\n        \"showFab\": false,\n        \"fullScreenPopup\": true,\n        \"styles\": undefined,\n        \"config\": {\n            \"calendar\": {\n                \"variant\": \"coach\",\n                    \"coaches\": [\n                        82487\n                    ],\n                    \"establishments\": [],\n                    \"metaActivities\": [],\n                    \"levels\": [],\n                    \"variant\": \"coach\",\n                    \"groupSessionByPeriod\": false,\n                    \"todayOnly\": false,\n                    \"cardModeDisplayMinWidth\": 1000,\n                }\n            },\n            \"usePostMessageIframeDimensions\": true,\n            \"usePostMessageIfameScrollup\": true,\n        })\n    <\/script>\n    <div id=\"bsport-widget-912002\" \/>\t\t\t\t<\/div>\n\t\t\t\t<\/div>\n\t\t\t\t\t<\/div>\n\t\t<\/div>\n\t\t\t\t\t<\/div>\n\t\t<\/section>\n\t\t\t\t<\/div>\n\t\t","protected":false},"excerpt":{"rendered":"<p>Book a session with anne K<\/p>","protected":false},"author":24,"featured_media":10548,"parent":6842,"menu_order":0,"comment_status":"closed","ping_status":"closed","template":"elementor_header_footer","meta":{"_acf_changed":false,"footnotes":""},"class_list":["post-22187","page","type-page","status-publish","has-post-thumbnail","hentry"],"acf":[],"yoast_head":"<!-- This site is optimized with the Yoast SEO plugin v27.4 - https:\/\/yoast.com\/product\/yoast-seo-wordpress\/ -->\n<title>R\u00e9server une session avec Anne K - Club de boxe Paris - Bootcamp Boxing Club - Le Cercle Boxing<\/title>\n<meta name=\"description\" content=\"D\u00e9couvrez la FAQ du Cercle Boxing. Trouvez la r\u00e9ponse \u00e0 toutes vos questions concernant vos sessions, le mat\u00e9riel, la localisation, etc.\" \/>\n<meta name=\"robots\" content=\"index, follow, max-snippet:-1, max-image-preview:large, max-video-preview:-1\" \/>\n<link rel=\"canonical\" href=\"https:\/\/www.lecercle-boxing.com\/en\/presentation-coaches\/anne-k\/planning-anne-k\/\" \/>\n<meta property=\"og:locale\" content=\"en_GB\" \/>\n<meta property=\"og:type\" content=\"article\" \/>\n<meta property=\"og:title\" content=\"R\u00e9server une session avec Anne K - Club de boxe Paris - Bootcamp Boxing Club - Le Cercle Boxing\" \/>\n<meta property=\"og:description\" content=\"D\u00e9couvrez la FAQ du Cercle Boxing. Trouvez la r\u00e9ponse \u00e0 toutes vos questions concernant vos sessions, le mat\u00e9riel, la localisation, etc.\" \/>\n<meta property=\"og:url\" content=\"https:\/\/www.lecercle-boxing.com\/en\/presentation-coaches\/anne-k\/planning-anne-k\/\" \/>\n<meta property=\"og:site_name\" content=\"Club de boxe Paris - Bootcamp Boxing Club - Le Cercle Boxing\" \/>\n<meta property=\"article:modified_time\" content=\"2024-04-15T08:20:48+00:00\" \/>\n<meta property=\"og:image\" content=\"https:\/\/www.lecercle-boxing.com\/wp-content\/uploads\/2022\/06\/SELECTION_100_CERCLE-04680-scaled.jpg\" \/>\n\t<meta property=\"og:image:width\" content=\"1707\" \/>\n\t<meta property=\"og:image:height\" content=\"2560\" \/>\n\t<meta property=\"og:image:type\" content=\"image\/jpeg\" \/>\n<meta name=\"twitter:card\" content=\"summary_large_image\" \/>\n<meta name=\"twitter:label1\" content=\"Estimated reading time\" \/>\n\t<meta name=\"twitter:data1\" content=\"1 minute\" \/>\n<script type=\"application\/ld+json\" class=\"yoast-schema-graph\">{\"@context\":\"https:\\\/\\\/schema.org\",\"@graph\":[{\"@type\":\"WebPage\",\"@id\":\"https:\\\/\\\/www.lecercle-boxing.com\\\/coachs-presentation\\\/anne-k\\\/planning-anne-k\\\/\",\"url\":\"https:\\\/\\\/www.lecercle-boxing.com\\\/coachs-presentation\\\/anne-k\\\/planning-anne-k\\\/\",\"name\":\"R\u00e9server une session avec Anne K - Club de boxe Paris - Bootcamp Boxing Club - Le Cercle Boxing\",\"isPartOf\":{\"@id\":\"https:\\\/\\\/www.lecercle-boxing.com\\\/#website\"},\"primaryImageOfPage\":{\"@id\":\"https:\\\/\\\/www.lecercle-boxing.com\\\/coachs-presentation\\\/anne-k\\\/planning-anne-k\\\/#primaryimage\"},\"image\":{\"@id\":\"https:\\\/\\\/www.lecercle-boxing.com\\\/coachs-presentation\\\/anne-k\\\/planning-anne-k\\\/#primaryimage\"},\"thumbnailUrl\":\"https:\\\/\\\/www.lecercle-boxing.com\\\/wp-content\\\/uploads\\\/2022\\\/06\\\/SELECTION_100_CERCLE-04680-scaled.jpg\",\"datePublished\":\"2024-03-12T16:47:00+00:00\",\"dateModified\":\"2024-04-15T08:20:48+00:00\",\"description\":\"D\u00e9couvrez la FAQ du Cercle Boxing. Trouvez la r\u00e9ponse \u00e0 toutes vos questions concernant vos sessions, le mat\u00e9riel, la localisation, etc.\",\"breadcrumb\":{\"@id\":\"https:\\\/\\\/www.lecercle-boxing.com\\\/coachs-presentation\\\/anne-k\\\/planning-anne-k\\\/#breadcrumb\"},\"inLanguage\":\"en-GB\",\"potentialAction\":[{\"@type\":\"ReadAction\",\"target\":[\"https:\\\/\\\/www.lecercle-boxing.com\\\/coachs-presentation\\\/anne-k\\\/planning-anne-k\\\/\"]}]},{\"@type\":\"ImageObject\",\"inLanguage\":\"en-GB\",\"@id\":\"https:\\\/\\\/www.lecercle-boxing.com\\\/coachs-presentation\\\/anne-k\\\/planning-anne-k\\\/#primaryimage\",\"url\":\"https:\\\/\\\/www.lecercle-boxing.com\\\/wp-content\\\/uploads\\\/2022\\\/06\\\/SELECTION_100_CERCLE-04680-scaled.jpg\",\"contentUrl\":\"https:\\\/\\\/www.lecercle-boxing.com\\\/wp-content\\\/uploads\\\/2022\\\/06\\\/SELECTION_100_CERCLE-04680-scaled.jpg\",\"width\":1707,\"height\":2560},{\"@type\":\"BreadcrumbList\",\"@id\":\"https:\\\/\\\/www.lecercle-boxing.com\\\/coachs-presentation\\\/anne-k\\\/planning-anne-k\\\/#breadcrumb\",\"itemListElement\":[{\"@type\":\"ListItem\",\"position\":1,\"name\":\"Accueil\",\"item\":\"https:\\\/\\\/www.lecercle-boxing.com\\\/\"},{\"@type\":\"ListItem\",\"position\":2,\"name\":\"Coachs\",\"item\":\"https:\\\/\\\/www.lecercle-boxing.com\\\/coachs-presentation\\\/\"},{\"@type\":\"ListItem\",\"position\":3,\"name\":\"Anne k\",\"item\":\"https:\\\/\\\/www.lecercle-boxing.com\\\/coachs-presentation\\\/anne-k\\\/\"},{\"@type\":\"ListItem\",\"position\":4,\"name\":\"R\u00e9server une session avec Anne K\"}]},{\"@type\":\"WebSite\",\"@id\":\"https:\\\/\\\/www.lecercle-boxing.com\\\/#website\",\"url\":\"https:\\\/\\\/www.lecercle-boxing.com\\\/\",\"name\":\"Club de boxe Paris - Bootcamp Boxing Club - Le Cercle Boxing\",\"description\":\"10 rounds, 6 coups, 2 poings, 0 exp\u00e9rience n\u00e9cessaire\",\"potentialAction\":[{\"@type\":\"SearchAction\",\"target\":{\"@type\":\"EntryPoint\",\"urlTemplate\":\"https:\\\/\\\/www.lecercle-boxing.com\\\/?s={search_term_string}\"},\"query-input\":{\"@type\":\"PropertyValueSpecification\",\"valueRequired\":true,\"valueName\":\"search_term_string\"}}],\"inLanguage\":\"en-GB\"}]}<\/script>\n<!-- \/ Yoast SEO plugin. -->","yoast_head_json":{"title":"R\u00e9server une session avec Anne K - Club de boxe Paris - Bootcamp Boxing Club - Le Cercle Boxing","description":"Discover the Cercle Boxing FAQ. Find the answer to all your questions about your sessions, equipment, location, etc.","robots":{"index":"index","follow":"follow","max-snippet":"max-snippet:-1","max-image-preview":"max-image-preview:large","max-video-preview":"max-video-preview:-1"},"canonical":"https:\/\/www.lecercle-boxing.com\/en\/presentation-coaches\/anne-k\/planning-anne-k\/","og_locale":"en_GB","og_type":"article","og_title":"R\u00e9server une session avec Anne K - Club de boxe Paris - Bootcamp Boxing Club - Le Cercle Boxing","og_description":"D\u00e9couvrez la FAQ du Cercle Boxing. Trouvez la r\u00e9ponse \u00e0 toutes vos questions concernant vos sessions, le mat\u00e9riel, la localisation, etc.","og_url":"https:\/\/www.lecercle-boxing.com\/en\/presentation-coaches\/anne-k\/planning-anne-k\/","og_site_name":"Club de boxe Paris - Bootcamp Boxing Club - Le Cercle Boxing","article_modified_time":"2024-04-15T08:20:48+00:00","og_image":[{"width":1707,"height":2560,"url":"https:\/\/www.lecercle-boxing.com\/wp-content\/uploads\/2022\/06\/SELECTION_100_CERCLE-04680-scaled.jpg","type":"image\/jpeg"}],"twitter_card":"summary_large_image","twitter_misc":{"Estimated reading time":"1 minute"},"schema":{"@context":"https:\/\/schema.org","@graph":[{"@type":"WebPage","@id":"https:\/\/www.lecercle-boxing.com\/coachs-presentation\/anne-k\/planning-anne-k\/","url":"https:\/\/www.lecercle-boxing.com\/coachs-presentation\/anne-k\/planning-anne-k\/","name":"R\u00e9server une session avec Anne K - Club de boxe Paris - Bootcamp Boxing Club - Le Cercle Boxing","isPartOf":{"@id":"https:\/\/www.lecercle-boxing.com\/#website"},"primaryImageOfPage":{"@id":"https:\/\/www.lecercle-boxing.com\/coachs-presentation\/anne-k\/planning-anne-k\/#primaryimage"},"image":{"@id":"https:\/\/www.lecercle-boxing.com\/coachs-presentation\/anne-k\/planning-anne-k\/#primaryimage"},"thumbnailUrl":"https:\/\/www.lecercle-boxing.com\/wp-content\/uploads\/2022\/06\/SELECTION_100_CERCLE-04680-scaled.jpg","datePublished":"2024-03-12T16:47:00+00:00","dateModified":"2024-04-15T08:20:48+00:00","description":"Discover the Cercle Boxing FAQ. Find the answer to all your questions about your sessions, equipment, location, etc.","breadcrumb":{"@id":"https:\/\/www.lecercle-boxing.com\/coachs-presentation\/anne-k\/planning-anne-k\/#breadcrumb"},"inLanguage":"en-GB","potentialAction":[{"@type":"ReadAction","target":["https:\/\/www.lecercle-boxing.com\/coachs-presentation\/anne-k\/planning-anne-k\/"]}]},{"@type":"ImageObject","inLanguage":"en-GB","@id":"https:\/\/www.lecercle-boxing.com\/coachs-presentation\/anne-k\/planning-anne-k\/#primaryimage","url":"https:\/\/www.lecercle-boxing.com\/wp-content\/uploads\/2022\/06\/SELECTION_100_CERCLE-04680-scaled.jpg","contentUrl":"https:\/\/www.lecercle-boxing.com\/wp-content\/uploads\/2022\/06\/SELECTION_100_CERCLE-04680-scaled.jpg","width":1707,"height":2560},{"@type":"BreadcrumbList","@id":"https:\/\/www.lecercle-boxing.com\/coachs-presentation\/anne-k\/planning-anne-k\/#breadcrumb","itemListElement":[{"@type":"ListItem","position":1,"name":"Accueil","item":"https:\/\/www.lecercle-boxing.com\/"},{"@type":"ListItem","position":2,"name":"Coachs","item":"https:\/\/www.lecercle-boxing.com\/coachs-presentation\/"},{"@type":"ListItem","position":3,"name":"Anne k","item":"https:\/\/www.lecercle-boxing.com\/coachs-presentation\/anne-k\/"},{"@type":"ListItem","position":4,"name":"R\u00e9server une session avec Anne K"}]},{"@type":"WebSite","@id":"https:\/\/www.lecercle-boxing.com\/#website","url":"https:\/\/www.lecercle-boxing.com\/","name":"Paris Boxing Club - Bootcamp Boxing Club - Le Cercle Boxing","description":"10 rounds, 6 hits, 2 punches, 0 experience needed","potentialAction":[{"@type":"SearchAction","target":{"@type":"EntryPoint","urlTemplate":"https:\/\/www.lecercle-boxing.com\/?s={search_term_string}"},"query-input":{"@type":"PropertyValueSpecification","valueRequired":true,"valueName":"search_term_string"}}],"inLanguage":"en-GB"}]}},"publishpress_future_action":{"enabled":false,"date":"2026-04-24 10:47:17","action":"change-status","newStatus":"draft","terms":[],"taxonomy":"","extraData":[]},"publishpress_future_workflow_manual_trigger":{"enabledWorkflows":[]},"_links":{"self":[{"href":"https:\/\/www.lecercle-boxing.com\/en\/wp-json\/wp\/v2\/pages\/22187","targetHints":{"allow":["GET"]}}],"collection":[{"href":"https:\/\/www.lecercle-boxing.com\/en\/wp-json\/wp\/v2\/pages"}],"about":[{"href":"https:\/\/www.lecercle-boxing.com\/en\/wp-json\/wp\/v2\/types\/page"}],"author":[{"embeddable":true,"href":"https:\/\/www.lecercle-boxing.com\/en\/wp-json\/wp\/v2\/users\/24"}],"replies":[{"embeddable":true,"href":"https:\/\/www.lecercle-boxing.com\/en\/wp-json\/wp\/v2\/comments?post=22187"}],"version-history":[{"count":10,"href":"https:\/\/www.lecercle-boxing.com\/en\/wp-json\/wp\/v2\/pages\/22187\/revisions"}],"predecessor-version":[{"id":22633,"href":"https:\/\/www.lecercle-boxing.com\/en\/wp-json\/wp\/v2\/pages\/22187\/revisions\/22633"}],"up":[{"embeddable":true,"href":"https:\/\/www.lecercle-boxing.com\/en\/wp-json\/wp\/v2\/pages\/6842"}],"wp:featuredmedia":[{"embeddable":true,"href":"https:\/\/www.lecercle-boxing.com\/en\/wp-json\/wp\/v2\/media\/10548"}],"wp:attachment":[{"href":"https:\/\/www.lecercle-boxing.com\/en\/wp-json\/wp\/v2\/media?parent=22187"}],"curies":[{"name":"wp","href":"https:\/\/api.w.org\/{rel}","templated":true}]}}