{"id":16490,"date":"2023-03-02T10:00:10","date_gmt":"2023-03-02T09:00:10","guid":{"rendered":"https:\/\/www.lecercle-boxing.com\/?page_id=16490"},"modified":"2025-02-17T12:11:12","modified_gmt":"2025-02-17T11:11:12","slug":"charlene","status":"publish","type":"page","link":"https:\/\/www.lecercle-boxing.com\/en\/presentation-coaches\/charlene\/","title":{"rendered":"Charl\u00e8ne"},"content":{"rendered":"<div data-elementor-type=\"wp-page\" data-elementor-id=\"16490\" class=\"elementor elementor-16490\" data-elementor-post-type=\"page\">\n\t\t\t\t\t\t<section class=\"elementor-section elementor-top-section elementor-element elementor-element-fb7e4fc elementor-section-boxed elementor-section-height-default elementor-section-height-default\" data-id=\"fb7e4fc\" data-element_type=\"section\" data-e-type=\"section\">\n\t\t\t\t\t\t<div class=\"elementor-container elementor-column-gap-default\">\n\t\t\t\t\t<div class=\"elementor-column elementor-col-100 elementor-top-column elementor-element elementor-element-b214496\" data-id=\"b214496\" data-element_type=\"column\" data-e-type=\"column\">\n\t\t\t<div class=\"elementor-widget-wrap elementor-element-populated\">\n\t\t\t\t\t\t<div class=\"elementor-element elementor-element-cae8450 elementor-widget elementor-widget-heading\" data-id=\"cae8450\" data-element_type=\"widget\" data-e-type=\"widget\" data-widget_type=\"heading.default\">\n\t\t\t\t<div class=\"elementor-widget-container\">\n\t\t\t\t\t<h1 class=\"elementor-heading-title elementor-size-default\">Charl\u00e8ne<\/h1>\t\t\t\t<\/div>\n\t\t\t\t<\/div>\n\t\t\t\t\t<\/div>\n\t\t<\/div>\n\t\t\t\t\t<\/div>\n\t\t<\/section>\n\t\t\t\t<section class=\"elementor-section elementor-top-section elementor-element elementor-element-6b581af elementor-hidden-phone elementor-section-boxed elementor-section-height-default elementor-section-height-default\" data-id=\"6b581af\" data-element_type=\"section\" data-e-type=\"section\">\n\t\t\t\t\t\t<div class=\"elementor-container elementor-column-gap-default\">\n\t\t\t\t\t<div class=\"elementor-column elementor-col-33 elementor-top-column elementor-element elementor-element-75ae698\" data-id=\"75ae698\" data-element_type=\"column\" data-e-type=\"column\">\n\t\t\t<div class=\"elementor-widget-wrap elementor-element-populated\">\n\t\t\t\t\t\t<div class=\"elementor-element elementor-element-0cff229 elementor-widget elementor-widget-heading\" data-id=\"0cff229\" data-element_type=\"widget\" data-e-type=\"widget\" data-widget_type=\"heading.default\">\n\t\t\t\t<div class=\"elementor-widget-container\">\n\t\t\t\t\t<h5 class=\"elementor-heading-title elementor-size-default\">Charl\u00e8ne<\/h5>\t\t\t\t<\/div>\n\t\t\t\t<\/div>\n\t\t\t\t<div class=\"elementor-element elementor-element-6c544f4 elementor-widget elementor-widget-text-editor\" data-id=\"6c544f4\" data-element_type=\"widget\" data-e-type=\"widget\" data-widget_type=\"text-editor.default\">\n\t\t\t\t<div class=\"elementor-widget-container\">\n\t\t\t\t\t\t\t\t\t<p>Pour Charl\u00e8ne, le sport rythme et cadre sa vie d&rsquo;hyperactive. Depuis 10 ans, running, musculation et HIIT l&rsquo;aide \u00e0 avancer sereinement et en pleine forme !<\/p><p>Elle pratique pour lib\u00e9rer ses \u00e9motions et se forger tant un corps qu&rsquo;un mental solide.<\/p><p>Son objectif ? Transmettre cet amour du sport et ces b\u00e9n\u00e9fices. Et comme le sport c&rsquo;est encore meilleur quand c&rsquo;est partag\u00e9, viens te d\u00e9fouler sur le ring avec elle !<\/p>\t\t\t\t\t\t\t\t<\/div>\n\t\t\t\t<\/div>\n\t\t\t\t\t<\/div>\n\t\t<\/div>\n\t\t\t\t<div class=\"elementor-column elementor-col-33 elementor-top-column elementor-element elementor-element-a8efcb6\" data-id=\"a8efcb6\" data-element_type=\"column\" data-e-type=\"column\">\n\t\t\t<div class=\"elementor-widget-wrap elementor-element-populated\">\n\t\t\t\t\t\t<div class=\"elementor-element elementor-element-bb6e98a elementor-widget elementor-widget-image\" data-id=\"bb6e98a\" data-element_type=\"widget\" data-e-type=\"widget\" data-widget_type=\"image.default\">\n\t\t\t\t<div class=\"elementor-widget-container\">\n\t\t\t\t\t\t\t\t\t\t\t\t\t\t\t<img fetchpriority=\"high\" decoding=\"async\" width=\"683\" height=\"1024\" src=\"https:\/\/www.lecercle-boxing.com\/wp-content\/uploads\/2025\/02\/charlene-1-683x1024.png\" class=\"attachment-large size-large wp-image-27619\" alt=\"coach sport\" srcset=\"https:\/\/www.lecercle-boxing.com\/wp-content\/uploads\/2025\/02\/charlene-1-683x1024.png 683w, https:\/\/www.lecercle-boxing.com\/wp-content\/uploads\/2025\/02\/charlene-1-200x300.png 200w, https:\/\/www.lecercle-boxing.com\/wp-content\/uploads\/2025\/02\/charlene-1-768x1151.png 768w, https:\/\/www.lecercle-boxing.com\/wp-content\/uploads\/2025\/02\/charlene-1-1025x1536.png 1025w, https:\/\/www.lecercle-boxing.com\/wp-content\/uploads\/2025\/02\/charlene-1-1366x2048.png 1366w, https:\/\/www.lecercle-boxing.com\/wp-content\/uploads\/2025\/02\/charlene-1-8x12.png 8w\" sizes=\"(max-width: 683px) 100vw, 683px\" \/>\t\t\t\t\t\t\t\t\t\t\t\t\t\t\t<\/div>\n\t\t\t\t<\/div>\n\t\t\t\t\t<\/div>\n\t\t<\/div>\n\t\t\t\t<div class=\"elementor-column elementor-col-33 elementor-top-column elementor-element elementor-element-40e86f3\" data-id=\"40e86f3\" data-element_type=\"column\" data-e-type=\"column\">\n\t\t\t<div class=\"elementor-widget-wrap elementor-element-populated\">\n\t\t\t\t\t\t<div class=\"elementor-element elementor-element-56ceb2c elementor-widget elementor-widget-heading\" data-id=\"56ceb2c\" data-element_type=\"widget\" data-e-type=\"widget\" data-widget_type=\"heading.default\">\n\t\t\t\t<div class=\"elementor-widget-container\">\n\t\t\t\t\t<p class=\"elementor-heading-title elementor-size-default\">Practical<\/p>\t\t\t\t<\/div>\n\t\t\t\t<\/div>\n\t\t\t\t<div class=\"elementor-element elementor-element-63f468b elementor-widget elementor-widget-heading\" data-id=\"63f468b\" data-element_type=\"widget\" data-e-type=\"widget\" data-widget_type=\"heading.default\">\n\t\t\t\t<div class=\"elementor-widget-container\">\n\t\t\t\t\t<h4 class=\"elementor-heading-title elementor-size-default\">fitnesse et Running<\/h4>\t\t\t\t<\/div>\n\t\t\t\t<\/div>\n\t\t\t\t<div class=\"elementor-element elementor-element-3db1d41 elementor-widget elementor-widget-heading\" data-id=\"3db1d41\" data-element_type=\"widget\" data-e-type=\"widget\" data-widget_type=\"heading.default\">\n\t\t\t\t<div class=\"elementor-widget-container\">\n\t\t\t\t\t<p class=\"elementor-heading-title elementor-size-default\">Favorite Combo<\/p>\t\t\t\t<\/div>\n\t\t\t\t<\/div>\n\t\t\t\t<div class=\"elementor-element elementor-element-31dd3cd elementor-widget__width-auto elementor-widget elementor-widget-image\" data-id=\"31dd3cd\" data-element_type=\"widget\" data-e-type=\"widget\" data-widget_type=\"image.default\">\n\t\t\t\t<div class=\"elementor-widget-container\">\n\t\t\t\t\t\t\t\t\t\t\t\t\t\t\t<img decoding=\"async\" width=\"44\" height=\"44\" src=\"https:\/\/www.lecercle-boxing.com\/wp-content\/uploads\/2021\/05\/num3.png\" class=\"attachment-large size-large wp-image-5080\" alt=\"number 3\" \/>\t\t\t\t\t\t\t\t\t\t\t\t\t\t\t<\/div>\n\t\t\t\t<\/div>\n\t\t\t\t<div class=\"elementor-element elementor-element-07ce488 elementor-widget__width-auto elementor-widget elementor-widget-image\" data-id=\"07ce488\" data-element_type=\"widget\" data-e-type=\"widget\" data-widget_type=\"image.default\">\n\t\t\t\t<div class=\"elementor-widget-container\">\n\t\t\t\t\t\t\t\t\t\t\t\t\t\t\t<img decoding=\"async\" width=\"44\" height=\"44\" src=\"https:\/\/www.lecercle-boxing.com\/wp-content\/uploads\/2021\/05\/num4.png\" class=\"attachment-large size-large wp-image-5081\" alt=\"number 4\" \/>\t\t\t\t\t\t\t\t\t\t\t\t\t\t\t<\/div>\n\t\t\t\t<\/div>\n\t\t\t\t<div class=\"elementor-element elementor-element-b17602c elementor-widget__width-auto elementor-widget elementor-widget-image\" data-id=\"b17602c\" data-element_type=\"widget\" data-e-type=\"widget\" data-widget_type=\"image.default\">\n\t\t\t\t<div class=\"elementor-widget-container\">\n\t\t\t\t\t\t\t\t\t\t\t\t\t\t\t<img loading=\"lazy\" decoding=\"async\" width=\"44\" height=\"44\" src=\"https:\/\/www.lecercle-boxing.com\/wp-content\/uploads\/2021\/05\/num6.png\" class=\"attachment-large size-large wp-image-5083\" alt=\"number 6\" \/>\t\t\t\t\t\t\t\t\t\t\t\t\t\t\t<\/div>\n\t\t\t\t<\/div>\n\t\t\t\t<div class=\"elementor-element elementor-element-6977380 elementor-widget elementor-widget-heading\" data-id=\"6977380\" data-element_type=\"widget\" data-e-type=\"widget\" data-widget_type=\"heading.default\">\n\t\t\t\t<div class=\"elementor-widget-container\">\n\t\t\t\t\t<p class=\"elementor-heading-title elementor-size-default\">Inspiration<\/p>\t\t\t\t<\/div>\n\t\t\t\t<\/div>\n\t\t\t\t<div class=\"elementor-element elementor-element-c9a1b68 elementor-widget elementor-widget-heading\" data-id=\"c9a1b68\" data-element_type=\"widget\" data-e-type=\"widget\" data-widget_type=\"heading.default\">\n\t\t\t\t<div class=\"elementor-widget-container\">\n\t\t\t\t\t<h4 class=\"elementor-heading-title elementor-size-default\">La vie<\/h4>\t\t\t\t<\/div>\n\t\t\t\t<\/div>\n\t\t\t\t<div class=\"elementor-element elementor-element-2659003 btn-mobile new-btn elementor-widget__width-auto elementor-mobile-align-center elementor-widget-mobile__width-inherit elementor-widget elementor-widget-button\" data-id=\"2659003\" data-element_type=\"widget\" data-e-type=\"widget\" data-widget_type=\"button.default\">\n\t\t\t\t<div class=\"elementor-widget-container\">\n\t\t\t\t\t\t\t\t\t<div class=\"elementor-button-wrapper\">\n\t\t\t\t\t<a class=\"elementor-button elementor-button-link elementor-size-sm\" href=\"https:\/\/www.lecercle-boxing.com\/en\/presentation-coaches\/charlene\/planning-charlene\/\">\n\t\t\t\t\t\t<span class=\"elementor-button-content-wrapper\">\n\t\t\t\t\t\t\t\t\t<span class=\"elementor-button-text\">Book a session with Charl\u00e8ne<\/span>\n\t\t\t\t\t<\/span>\n\t\t\t\t\t<\/a>\n\t\t\t\t<\/div>\n\t\t\t\t\t\t\t\t<\/div>\n\t\t\t\t<\/div>\n\t\t\t\t<div class=\"elementor-element elementor-element-71ee8b9 elementor-position-inline-start elementor-widget__width-initial elementor-view-default elementor-mobile-position-block-start elementor-widget elementor-widget-icon-box\" data-id=\"71ee8b9\" data-element_type=\"widget\" data-e-type=\"widget\" id=\"account-coach\" data-widget_type=\"icon-box.default\">\n\t\t\t\t<div class=\"elementor-widget-container\">\n\t\t\t\t\t\t\t<div class=\"elementor-icon-box-wrapper\">\n\n\t\t\t\t\t\t<div class=\"elementor-icon-box-icon\">\n\t\t\t\t<a href=\"https:\/\/www.instagram.com\/praliparis\" target=\"_blank\" class=\"elementor-icon\" tabindex=\"-1\" aria-label=\"@praliparis\">\n\t\t\t\t<i aria-hidden=\"true\" class=\"fab fa-instagram\"><\/i>\t\t\t\t<\/a>\n\t\t\t<\/div>\n\t\t\t\n\t\t\t\t\t\t<div class=\"elementor-icon-box-content\">\n\n\t\t\t\t\t\t\t\t\t<h6 class=\"elementor-icon-box-title\">\n\t\t\t\t\t\t<a href=\"https:\/\/www.instagram.com\/praliparis\" target=\"_blank\" >\n\t\t\t\t\t\t\t@praliparis\t\t\t\t\t\t<\/a>\n\t\t\t\t\t<\/h6>\n\t\t\t\t\n\t\t\t\t\t\t\t\t\t<p class=\"elementor-icon-box-description\">\n\t\t\t\t\t\tFollow on Instagram\t\t\t\t\t<\/p>\n\t\t\t\t\n\t\t\t<\/div>\n\t\t\t\n\t\t<\/div>\n\t\t\t\t\t\t<\/div>\n\t\t\t\t<\/div>\n\t\t\t\t\t<\/div>\n\t\t<\/div>\n\t\t\t\t\t<\/div>\n\t\t<\/section>\n\t\t\t\t<\/div>","protected":false},"excerpt":{"rendered":"<p>Pour Charl\u00e8ne, le sport rythme et cadre sa vie d&rsquo;hyperactive. Depuis 10 ans, running, musculation et HIIT l&rsquo;aide \u00e0 avancer sereinement et en pleine forme ! Elle pratique pour lib\u00e9rer ses \u00e9motions et se forger tant un corps qu&rsquo;un mental solide. Son objectif ? Transmettre cet amour du sport et ces b\u00e9n\u00e9fices. Et comme le [&hellip;]<\/p>\n","protected":false},"author":29,"featured_media":27619,"parent":176,"menu_order":0,"comment_status":"closed","ping_status":"closed","template":"","meta":{"_acf_changed":false,"footnotes":""},"class_list":["post-16490","page","type-page","status-publish","has-post-thumbnail","hentry"],"acf":[],"yoast_head":"<!-- This site is optimized with the Yoast SEO plugin v27.5 - https:\/\/yoast.com\/product\/yoast-seo-wordpress\/ -->\n<title>Charl\u00e8ne - Club de boxe Paris - Bootcamp Boxing Club - Le Cercle Boxing<\/title>\n<meta name=\"description\" content=\"D\u00e9couvrez notre coach Kiks ! Apprenez \u00e0 la conna\u00eetre par le biais de ses hobbies, ses exp\u00e9riences, etc. et r\u00e9servez votre session !\" \/>\n<meta name=\"robots\" content=\"index, follow, max-snippet:-1, max-image-preview:large, max-video-preview:-1\" \/>\n<link rel=\"canonical\" href=\"https:\/\/www.lecercle-boxing.com\/en\/presentation-coaches\/charlene\/\" \/>\n<meta property=\"og:locale\" content=\"en_GB\" \/>\n<meta property=\"og:type\" content=\"article\" \/>\n<meta property=\"og:title\" content=\"Charl\u00e8ne - Club de boxe Paris - Bootcamp Boxing Club - Le Cercle Boxing\" \/>\n<meta property=\"og:description\" content=\"D\u00e9couvrez notre coach Kiks ! Apprenez \u00e0 la conna\u00eetre par le biais de ses hobbies, ses exp\u00e9riences, etc. et r\u00e9servez votre session !\" \/>\n<meta property=\"og:url\" content=\"https:\/\/www.lecercle-boxing.com\/en\/presentation-coaches\/charlene\/\" \/>\n<meta property=\"og:site_name\" content=\"Club de boxe Paris - Bootcamp Boxing Club - Le Cercle Boxing\" \/>\n<meta property=\"article:modified_time\" content=\"2025-02-17T11:11:12+00:00\" \/>\n<meta property=\"og:image\" content=\"https:\/\/www.lecercle-boxing.com\/wp-content\/uploads\/2025\/02\/charlene-1-683x1024.png\" \/>\n\t<meta property=\"og:image:width\" content=\"683\" \/>\n\t<meta property=\"og:image:height\" content=\"1024\" \/>\n\t<meta property=\"og:image:type\" content=\"image\/png\" \/>\n<meta name=\"twitter:card\" content=\"summary_large_image\" \/>\n<meta name=\"twitter:label1\" content=\"Estimated reading time\" \/>\n\t<meta name=\"twitter:data1\" content=\"2 minutes\" \/>\n<script type=\"application\/ld+json\" class=\"yoast-schema-graph\">{\"@context\":\"https:\\\/\\\/schema.org\",\"@graph\":[{\"@type\":\"WebPage\",\"@id\":\"https:\\\/\\\/www.lecercle-boxing.com\\\/coachs-presentation\\\/charlene\\\/\",\"url\":\"https:\\\/\\\/www.lecercle-boxing.com\\\/coachs-presentation\\\/charlene\\\/\",\"name\":\"Charl\u00e8ne - Club de boxe Paris - Bootcamp Boxing Club - Le Cercle Boxing\",\"isPartOf\":{\"@id\":\"https:\\\/\\\/www.lecercle-boxing.com\\\/#website\"},\"primaryImageOfPage\":{\"@id\":\"https:\\\/\\\/www.lecercle-boxing.com\\\/coachs-presentation\\\/charlene\\\/#primaryimage\"},\"image\":{\"@id\":\"https:\\\/\\\/www.lecercle-boxing.com\\\/coachs-presentation\\\/charlene\\\/#primaryimage\"},\"thumbnailUrl\":\"https:\\\/\\\/www.lecercle-boxing.com\\\/wp-content\\\/uploads\\\/2025\\\/02\\\/charlene-1.png\",\"datePublished\":\"2023-03-02T09:00:10+00:00\",\"dateModified\":\"2025-02-17T11:11:12+00:00\",\"description\":\"D\u00e9couvrez notre coach Kiks ! Apprenez \u00e0 la conna\u00eetre par le biais de ses hobbies, ses exp\u00e9riences, etc. et r\u00e9servez votre session !\",\"breadcrumb\":{\"@id\":\"https:\\\/\\\/www.lecercle-boxing.com\\\/coachs-presentation\\\/charlene\\\/#breadcrumb\"},\"inLanguage\":\"en-GB\",\"potentialAction\":[{\"@type\":\"ReadAction\",\"target\":[\"https:\\\/\\\/www.lecercle-boxing.com\\\/coachs-presentation\\\/charlene\\\/\"]}]},{\"@type\":\"ImageObject\",\"inLanguage\":\"en-GB\",\"@id\":\"https:\\\/\\\/www.lecercle-boxing.com\\\/coachs-presentation\\\/charlene\\\/#primaryimage\",\"url\":\"https:\\\/\\\/www.lecercle-boxing.com\\\/wp-content\\\/uploads\\\/2025\\\/02\\\/charlene-1.png\",\"contentUrl\":\"https:\\\/\\\/www.lecercle-boxing.com\\\/wp-content\\\/uploads\\\/2025\\\/02\\\/charlene-1.png\",\"width\":2560,\"height\":3838,\"caption\":\"coach sport\"},{\"@type\":\"BreadcrumbList\",\"@id\":\"https:\\\/\\\/www.lecercle-boxing.com\\\/coachs-presentation\\\/charlene\\\/#breadcrumb\",\"itemListElement\":[{\"@type\":\"ListItem\",\"position\":1,\"name\":\"Accueil\",\"item\":\"https:\\\/\\\/www.lecercle-boxing.com\\\/\"},{\"@type\":\"ListItem\",\"position\":2,\"name\":\"Coachs\",\"item\":\"https:\\\/\\\/www.lecercle-boxing.com\\\/coachs-presentation\\\/\"},{\"@type\":\"ListItem\",\"position\":3,\"name\":\"Charl\u00e8ne\"}]},{\"@type\":\"WebSite\",\"@id\":\"https:\\\/\\\/www.lecercle-boxing.com\\\/#website\",\"url\":\"https:\\\/\\\/www.lecercle-boxing.com\\\/\",\"name\":\"Club de boxe Paris - Bootcamp Boxing Club - Le Cercle Boxing\",\"description\":\"10 rounds, 6 coups, 2 poings, 0 exp\u00e9rience n\u00e9cessaire\",\"potentialAction\":[{\"@type\":\"SearchAction\",\"target\":{\"@type\":\"EntryPoint\",\"urlTemplate\":\"https:\\\/\\\/www.lecercle-boxing.com\\\/?s={search_term_string}\"},\"query-input\":{\"@type\":\"PropertyValueSpecification\",\"valueRequired\":true,\"valueName\":\"search_term_string\"}}],\"inLanguage\":\"en-GB\"}]}<\/script>\n<!-- \/ Yoast SEO plugin. -->","yoast_head_json":{"title":"Charl\u00e8ne - Club de boxe Paris - Bootcamp Boxing Club - Le Cercle Boxing","description":"D\u00e9couvrez notre coach Kiks ! Apprenez \u00e0 la conna\u00eetre par le biais de ses hobbies, ses exp\u00e9riences, etc. et r\u00e9servez votre session !","robots":{"index":"index","follow":"follow","max-snippet":"max-snippet:-1","max-image-preview":"max-image-preview:large","max-video-preview":"max-video-preview:-1"},"canonical":"https:\/\/www.lecercle-boxing.com\/en\/presentation-coaches\/charlene\/","og_locale":"en_GB","og_type":"article","og_title":"Charl\u00e8ne - Club de boxe Paris - Bootcamp Boxing Club - Le Cercle Boxing","og_description":"D\u00e9couvrez notre coach Kiks ! Apprenez \u00e0 la conna\u00eetre par le biais de ses hobbies, ses exp\u00e9riences, etc. et r\u00e9servez votre session !","og_url":"https:\/\/www.lecercle-boxing.com\/en\/presentation-coaches\/charlene\/","og_site_name":"Club de boxe Paris - Bootcamp Boxing Club - Le Cercle Boxing","article_modified_time":"2025-02-17T11:11:12+00:00","og_image":[{"width":683,"height":1024,"url":"https:\/\/www.lecercle-boxing.com\/wp-content\/uploads\/2025\/02\/charlene-1-683x1024.png","type":"image\/png"}],"twitter_card":"summary_large_image","twitter_misc":{"Estimated reading time":"2 minutes"},"schema":{"@context":"https:\/\/schema.org","@graph":[{"@type":"WebPage","@id":"https:\/\/www.lecercle-boxing.com\/coachs-presentation\/charlene\/","url":"https:\/\/www.lecercle-boxing.com\/coachs-presentation\/charlene\/","name":"Charl\u00e8ne - Club de boxe Paris - Bootcamp Boxing Club - Le Cercle Boxing","isPartOf":{"@id":"https:\/\/www.lecercle-boxing.com\/#website"},"primaryImageOfPage":{"@id":"https:\/\/www.lecercle-boxing.com\/coachs-presentation\/charlene\/#primaryimage"},"image":{"@id":"https:\/\/www.lecercle-boxing.com\/coachs-presentation\/charlene\/#primaryimage"},"thumbnailUrl":"https:\/\/www.lecercle-boxing.com\/wp-content\/uploads\/2025\/02\/charlene-1.png","datePublished":"2023-03-02T09:00:10+00:00","dateModified":"2025-02-17T11:11:12+00:00","description":"D\u00e9couvrez notre coach Kiks ! Apprenez \u00e0 la conna\u00eetre par le biais de ses hobbies, ses exp\u00e9riences, etc. et r\u00e9servez votre session !","breadcrumb":{"@id":"https:\/\/www.lecercle-boxing.com\/coachs-presentation\/charlene\/#breadcrumb"},"inLanguage":"en-GB","potentialAction":[{"@type":"ReadAction","target":["https:\/\/www.lecercle-boxing.com\/coachs-presentation\/charlene\/"]}]},{"@type":"ImageObject","inLanguage":"en-GB","@id":"https:\/\/www.lecercle-boxing.com\/coachs-presentation\/charlene\/#primaryimage","url":"https:\/\/www.lecercle-boxing.com\/wp-content\/uploads\/2025\/02\/charlene-1.png","contentUrl":"https:\/\/www.lecercle-boxing.com\/wp-content\/uploads\/2025\/02\/charlene-1.png","width":2560,"height":3838,"caption":"coach sport"},{"@type":"BreadcrumbList","@id":"https:\/\/www.lecercle-boxing.com\/coachs-presentation\/charlene\/#breadcrumb","itemListElement":[{"@type":"ListItem","position":1,"name":"Accueil","item":"https:\/\/www.lecercle-boxing.com\/"},{"@type":"ListItem","position":2,"name":"Coachs","item":"https:\/\/www.lecercle-boxing.com\/coachs-presentation\/"},{"@type":"ListItem","position":3,"name":"Charl\u00e8ne"}]},{"@type":"WebSite","@id":"https:\/\/www.lecercle-boxing.com\/#website","url":"https:\/\/www.lecercle-boxing.com\/","name":"Paris Boxing Club - Bootcamp Boxing Club - Le Cercle Boxing","description":"10 rounds, 6 hits, 2 punches, 0 experience needed","potentialAction":[{"@type":"SearchAction","target":{"@type":"EntryPoint","urlTemplate":"https:\/\/www.lecercle-boxing.com\/?s={search_term_string}"},"query-input":{"@type":"PropertyValueSpecification","valueRequired":true,"valueName":"search_term_string"}}],"inLanguage":"en-GB"}]}},"publishpress_future_action":{"enabled":false,"date":"2026-05-06 04:22:17","action":"change-status","newStatus":"draft","terms":[],"taxonomy":"","extraData":[]},"publishpress_future_workflow_manual_trigger":{"enabledWorkflows":[]},"_links":{"self":[{"href":"https:\/\/www.lecercle-boxing.com\/en\/wp-json\/wp\/v2\/pages\/16490","targetHints":{"allow":["GET"]}}],"collection":[{"href":"https:\/\/www.lecercle-boxing.com\/en\/wp-json\/wp\/v2\/pages"}],"about":[{"href":"https:\/\/www.lecercle-boxing.com\/en\/wp-json\/wp\/v2\/types\/page"}],"author":[{"embeddable":true,"href":"https:\/\/www.lecercle-boxing.com\/en\/wp-json\/wp\/v2\/users\/29"}],"replies":[{"embeddable":true,"href":"https:\/\/www.lecercle-boxing.com\/en\/wp-json\/wp\/v2\/comments?post=16490"}],"version-history":[{"count":66,"href":"https:\/\/www.lecercle-boxing.com\/en\/wp-json\/wp\/v2\/pages\/16490\/revisions"}],"predecessor-version":[{"id":27643,"href":"https:\/\/www.lecercle-boxing.com\/en\/wp-json\/wp\/v2\/pages\/16490\/revisions\/27643"}],"up":[{"embeddable":true,"href":"https:\/\/www.lecercle-boxing.com\/en\/wp-json\/wp\/v2\/pages\/176"}],"wp:featuredmedia":[{"embeddable":true,"href":"https:\/\/www.lecercle-boxing.com\/en\/wp-json\/wp\/v2\/media\/27619"}],"wp:attachment":[{"href":"https:\/\/www.lecercle-boxing.com\/en\/wp-json\/wp\/v2\/media?parent=16490"}],"curies":[{"name":"wp","href":"https:\/\/api.w.org\/{rel}","templated":true}]}}